{"id":7723,"date":"2023-08-18T09:49:10","date_gmt":"2023-08-18T07:49:10","guid":{"rendered":"https:\/\/www.sgrwin.com\/?page_id=7723"},"modified":"2024-05-29T10:05:32","modified_gmt":"2024-05-29T08:05:32","slug":"systems-monitoring","status":"publish","type":"page","link":"https:\/\/www.sgrwin.com\/es\/systems-monitoring\/","title":{"rendered":"Supervisi\u00f3n de sistemas"},"content":{"rendered":"\n<div style=\"height:40px\" aria-hidden=\"true\" class=\"wp-block-spacer\"><\/div>\n\n\n\n<div class=\"wp-block-columns is-layout-flex wp-container-core-columns-is-layout-9d6595d7 wp-block-columns-is-layout-flex\">\n<div class=\"wp-block-column is-vertically-aligned-center is-layout-flow wp-block-column-is-layout-flow\" style=\"flex-basis:66.66%\">\n<p>Nuestro equipo est\u00e1 trabajando en desarrollar una <strong>soluci\u00f3n de supervisi\u00f3n de sistemas<\/strong>. Estamos aplicando toda nuestra experiencia para crear una soluci\u00f3n robusta y confiable que te permitir\u00e1 monitorizar en tiempo real routers, servidores, puertos, switches, CPU, temperatura, RAM, discos duros, tr\u00e1fico de red, aplicaciones, rendimiento del sistema y disponibilidad.<\/p>\n\n\n\n<p>Nos estamos enfocando en ofrecerle una soluci\u00f3n de monitorizaci\u00f3n que le brinde una visi\u00f3n excepcional de sus sistemas, <strong>lo que le permitir\u00e1 detectar y resolver problemas de manera proactiva.<\/strong><\/p>\n\n\n\n<p>Puede <a href=\"https:\/\/www.sgrwin.com\/es\/contact\/\"><strong>contactar con nuestro equipo<\/strong><\/a> para compartir sus necesidades espec\u00edficas y permitirnos adaptar nuestra soluci\u00f3n.<\/p>\n<\/div>\n\n\n\n<div class=\"wp-block-column is-vertically-aligned-center is-layout-flow wp-block-column-is-layout-flow\" style=\"flex-basis:33.33%\"><div class=\"wp-block-image\">\n<figure class=\"aligncenter size-full\"><img loading=\"lazy\" decoding=\"async\" width=\"563\" height=\"477\" src=\"https:\/\/www.sgrwin.com\/wp-content\/uploads\/2023\/08\/imagen-inconstruction-1.png\" alt=\"\" class=\"wp-image-7544\" srcset=\"https:\/\/www.sgrwin.com\/wp-content\/uploads\/2023\/08\/imagen-inconstruction-1.png 563w, https:\/\/www.sgrwin.com\/wp-content\/uploads\/2023\/08\/imagen-inconstruction-1-300x254.png 300w\" sizes=\"auto, (max-width: 563px) 100vw, 563px\" \/><\/figure><\/div><\/div>\n<\/div>\n","protected":false},"excerpt":{"rendered":"<p>Nuestro equipo est\u00e1 trabajando en desarrollar una soluci\u00f3n de supervisi\u00f3n de sistemas. Estamos aplicando toda nuestra experiencia para crear una soluci\u00f3n robusta y confiable que te permitir\u00e1 monitorizar en tiempo&#8230;<\/p>\n","protected":false},"author":1,"featured_media":0,"parent":0,"menu_order":0,"comment_status":"closed","ping_status":"closed","template":"","meta":{"_acf_changed":false,"footnotes":""},"class_list":["post-7723","page","type-page","status-publish","hentry"],"acf":[],"yoast_head":"<!-- This site is optimized with the Yoast SEO plugin v26.9 - https:\/\/yoast.com\/product\/yoast-seo-wordpress\/ -->\n<title>Supervisi\u00f3n de sistemas - SGRwin<\/title>\n<meta name=\"robots\" content=\"index, follow, max-snippet:-1, max-image-preview:large, max-video-preview:-1\" \/>\n<link rel=\"canonical\" href=\"https:\/\/www.sgrwin.com\/es\/systems-monitoring\/\" \/>\n<meta property=\"og:locale\" content=\"es_ES\" \/>\n<meta property=\"og:type\" content=\"article\" \/>\n<meta property=\"og:title\" content=\"Supervisi\u00f3n de sistemas - SGRwin\" \/>\n<meta property=\"og:description\" content=\"Nuestro equipo est\u00e1 trabajando en desarrollar una soluci\u00f3n de supervisi\u00f3n de sistemas. Estamos aplicando toda nuestra experiencia para crear una soluci\u00f3n robusta y confiable que te permitir\u00e1 monitorizar en tiempo...\" \/>\n<meta property=\"og:url\" content=\"https:\/\/www.sgrwin.com\/es\/systems-monitoring\/\" \/>\n<meta property=\"og:site_name\" content=\"SGRwin\" \/>\n<meta property=\"article:modified_time\" content=\"2024-05-29T08:05:32+00:00\" \/>\n<meta property=\"og:image\" content=\"https:\/\/www.sgrwin.com\/wp-content\/uploads\/2023\/08\/imagen-inconstruction-1.png\" \/>\n<meta name=\"twitter:card\" content=\"summary_large_image\" \/>\n<meta name=\"twitter:label1\" content=\"Tiempo de lectura\" \/>\n\t<meta name=\"twitter:data1\" content=\"1 minuto\" \/>\n<script type=\"application\/ld+json\" class=\"yoast-schema-graph\">{\"@context\":\"https:\/\/schema.org\",\"@graph\":[{\"@type\":\"WebPage\",\"@id\":\"https:\/\/www.sgrwin.com\/es\/systems-monitoring\/\",\"url\":\"https:\/\/www.sgrwin.com\/es\/systems-monitoring\/\",\"name\":\"Supervisi\u00f3n de sistemas - SGRwin\",\"isPartOf\":{\"@id\":\"https:\/\/www.sgrwin.com\/es\/#website\"},\"primaryImageOfPage\":{\"@id\":\"https:\/\/www.sgrwin.com\/es\/systems-monitoring\/#primaryimage\"},\"image\":{\"@id\":\"https:\/\/www.sgrwin.com\/es\/systems-monitoring\/#primaryimage\"},\"thumbnailUrl\":\"https:\/\/www.sgrwin.com\/wp-content\/uploads\/2023\/08\/imagen-inconstruction-1.png\",\"datePublished\":\"2023-08-18T07:49:10+00:00\",\"dateModified\":\"2024-05-29T08:05:32+00:00\",\"breadcrumb\":{\"@id\":\"https:\/\/www.sgrwin.com\/es\/systems-monitoring\/#breadcrumb\"},\"inLanguage\":\"es\",\"potentialAction\":[{\"@type\":\"ReadAction\",\"target\":[\"https:\/\/www.sgrwin.com\/es\/systems-monitoring\/\"]}]},{\"@type\":\"ImageObject\",\"inLanguage\":\"es\",\"@id\":\"https:\/\/www.sgrwin.com\/es\/systems-monitoring\/#primaryimage\",\"url\":\"https:\/\/www.sgrwin.com\/wp-content\/uploads\/2023\/08\/imagen-inconstruction-1.png\",\"contentUrl\":\"https:\/\/www.sgrwin.com\/wp-content\/uploads\/2023\/08\/imagen-inconstruction-1.png\"},{\"@type\":\"BreadcrumbList\",\"@id\":\"https:\/\/www.sgrwin.com\/es\/systems-monitoring\/#breadcrumb\",\"itemListElement\":[{\"@type\":\"ListItem\",\"position\":1,\"name\":\"SGRwin\",\"item\":\"https:\/\/www.sgrwin.com\/es\/\"},{\"@type\":\"ListItem\",\"position\":2,\"name\":\"Supervisi\u00f3n de sistemas\"}]},{\"@type\":\"WebSite\",\"@id\":\"https:\/\/www.sgrwin.com\/es\/#website\",\"url\":\"https:\/\/www.sgrwin.com\/es\/\",\"name\":\"SGRwin\",\"description\":\"Network Management System for multi-vendor and multi-technology networks\",\"publisher\":{\"@id\":\"https:\/\/www.sgrwin.com\/es\/#organization\"},\"alternateName\":\"SGRwin\",\"potentialAction\":[{\"@type\":\"SearchAction\",\"target\":{\"@type\":\"EntryPoint\",\"urlTemplate\":\"https:\/\/www.sgrwin.com\/es\/?s={search_term_string}\"},\"query-input\":{\"@type\":\"PropertyValueSpecification\",\"valueRequired\":true,\"valueName\":\"search_term_string\"}}],\"inLanguage\":\"es\"},{\"@type\":\"Organization\",\"@id\":\"https:\/\/www.sgrwin.com\/es\/#organization\",\"name\":\"SGRwin\",\"alternateName\":\"SGRwin\",\"url\":\"https:\/\/www.sgrwin.com\/es\/\",\"logo\":{\"@type\":\"ImageObject\",\"inLanguage\":\"es\",\"@id\":\"https:\/\/www.sgrwin.com\/es\/#\/schema\/logo\/image\/\",\"url\":\"https:\/\/www.sgrwin.com\/wp-content\/uploads\/2024\/07\/logo_2.png\",\"contentUrl\":\"https:\/\/www.sgrwin.com\/wp-content\/uploads\/2024\/07\/logo_2.png\",\"width\":1667,\"height\":1667,\"caption\":\"SGRwin\"},\"image\":{\"@id\":\"https:\/\/www.sgrwin.com\/es\/#\/schema\/logo\/image\/\"},\"sameAs\":[\"https:\/\/www.linkedin.com\/showcase\/sgrwin\/\"]}]}<\/script>\n<!-- \/ Yoast SEO plugin. -->","yoast_head_json":{"title":"Supervisi\u00f3n de sistemas - SGRwin","robots":{"index":"index","follow":"follow","max-snippet":"max-snippet:-1","max-image-preview":"max-image-preview:large","max-video-preview":"max-video-preview:-1"},"canonical":"https:\/\/www.sgrwin.com\/es\/systems-monitoring\/","og_locale":"es_ES","og_type":"article","og_title":"Supervisi\u00f3n de sistemas - SGRwin","og_description":"Nuestro equipo est\u00e1 trabajando en desarrollar una soluci\u00f3n de supervisi\u00f3n de sistemas. Estamos aplicando toda nuestra experiencia para crear una soluci\u00f3n robusta y confiable que te permitir\u00e1 monitorizar en tiempo...","og_url":"https:\/\/www.sgrwin.com\/es\/systems-monitoring\/","og_site_name":"SGRwin","article_modified_time":"2024-05-29T08:05:32+00:00","og_image":[{"url":"https:\/\/www.sgrwin.com\/wp-content\/uploads\/2023\/08\/imagen-inconstruction-1.png","type":"","width":"","height":""}],"twitter_card":"summary_large_image","twitter_misc":{"Tiempo de lectura":"1 minuto"},"schema":{"@context":"https:\/\/schema.org","@graph":[{"@type":"WebPage","@id":"https:\/\/www.sgrwin.com\/es\/systems-monitoring\/","url":"https:\/\/www.sgrwin.com\/es\/systems-monitoring\/","name":"Supervisi\u00f3n de sistemas - SGRwin","isPartOf":{"@id":"https:\/\/www.sgrwin.com\/es\/#website"},"primaryImageOfPage":{"@id":"https:\/\/www.sgrwin.com\/es\/systems-monitoring\/#primaryimage"},"image":{"@id":"https:\/\/www.sgrwin.com\/es\/systems-monitoring\/#primaryimage"},"thumbnailUrl":"https:\/\/www.sgrwin.com\/wp-content\/uploads\/2023\/08\/imagen-inconstruction-1.png","datePublished":"2023-08-18T07:49:10+00:00","dateModified":"2024-05-29T08:05:32+00:00","breadcrumb":{"@id":"https:\/\/www.sgrwin.com\/es\/systems-monitoring\/#breadcrumb"},"inLanguage":"es","potentialAction":[{"@type":"ReadAction","target":["https:\/\/www.sgrwin.com\/es\/systems-monitoring\/"]}]},{"@type":"ImageObject","inLanguage":"es","@id":"https:\/\/www.sgrwin.com\/es\/systems-monitoring\/#primaryimage","url":"https:\/\/www.sgrwin.com\/wp-content\/uploads\/2023\/08\/imagen-inconstruction-1.png","contentUrl":"https:\/\/www.sgrwin.com\/wp-content\/uploads\/2023\/08\/imagen-inconstruction-1.png"},{"@type":"BreadcrumbList","@id":"https:\/\/www.sgrwin.com\/es\/systems-monitoring\/#breadcrumb","itemListElement":[{"@type":"ListItem","position":1,"name":"SGRwin","item":"https:\/\/www.sgrwin.com\/es\/"},{"@type":"ListItem","position":2,"name":"Supervisi\u00f3n de sistemas"}]},{"@type":"WebSite","@id":"https:\/\/www.sgrwin.com\/es\/#website","url":"https:\/\/www.sgrwin.com\/es\/","name":"SGRwin","description":"Network Management System for multi-vendor and multi-technology networks","publisher":{"@id":"https:\/\/www.sgrwin.com\/es\/#organization"},"alternateName":"SGRwin","potentialAction":[{"@type":"SearchAction","target":{"@type":"EntryPoint","urlTemplate":"https:\/\/www.sgrwin.com\/es\/?s={search_term_string}"},"query-input":{"@type":"PropertyValueSpecification","valueRequired":true,"valueName":"search_term_string"}}],"inLanguage":"es"},{"@type":"Organization","@id":"https:\/\/www.sgrwin.com\/es\/#organization","name":"SGRwin","alternateName":"SGRwin","url":"https:\/\/www.sgrwin.com\/es\/","logo":{"@type":"ImageObject","inLanguage":"es","@id":"https:\/\/www.sgrwin.com\/es\/#\/schema\/logo\/image\/","url":"https:\/\/www.sgrwin.com\/wp-content\/uploads\/2024\/07\/logo_2.png","contentUrl":"https:\/\/www.sgrwin.com\/wp-content\/uploads\/2024\/07\/logo_2.png","width":1667,"height":1667,"caption":"SGRwin"},"image":{"@id":"https:\/\/www.sgrwin.com\/es\/#\/schema\/logo\/image\/"},"sameAs":["https:\/\/www.linkedin.com\/showcase\/sgrwin\/"]}]}},"_links":{"self":[{"href":"https:\/\/www.sgrwin.com\/es\/wp-json\/wp\/v2\/pages\/7723","targetHints":{"allow":["GET"]}}],"collection":[{"href":"https:\/\/www.sgrwin.com\/es\/wp-json\/wp\/v2\/pages"}],"about":[{"href":"https:\/\/www.sgrwin.com\/es\/wp-json\/wp\/v2\/types\/page"}],"author":[{"embeddable":true,"href":"https:\/\/www.sgrwin.com\/es\/wp-json\/wp\/v2\/users\/1"}],"replies":[{"embeddable":true,"href":"https:\/\/www.sgrwin.com\/es\/wp-json\/wp\/v2\/comments?post=7723"}],"version-history":[{"count":6,"href":"https:\/\/www.sgrwin.com\/es\/wp-json\/wp\/v2\/pages\/7723\/revisions"}],"predecessor-version":[{"id":9494,"href":"https:\/\/www.sgrwin.com\/es\/wp-json\/wp\/v2\/pages\/7723\/revisions\/9494"}],"wp:attachment":[{"href":"https:\/\/www.sgrwin.com\/es\/wp-json\/wp\/v2\/media?parent=7723"}],"curies":[{"name":"wp","href":"https:\/\/api.w.org\/{rel}","templated":true}]}}