{"id":6364,"date":"2022-12-05T15:43:45","date_gmt":"2022-12-05T14:43:45","guid":{"rendered":"https:\/\/www.sgrwin.com\/?page_id=6364"},"modified":"2025-10-23T16:58:07","modified_gmt":"2025-10-23T14:58:07","slug":"operations-support-system","status":"publish","type":"page","link":"https:\/\/www.sgrwin.com\/es\/operations-support-system\/","title":{"rendered":"Sistema de soporte a las operaciones"},"content":{"rendered":"\n<div style=\"height:50px\" aria-hidden=\"true\" class=\"wp-block-spacer\"><\/div>\n\n\n\n<p>Nuestra soluci\u00f3n es una herramienta profesional que le ayuda en las operaciones cr\u00edticas de gesti\u00f3n y monitorizaci\u00f3n de su red.<\/p>\n\n\n\n<p>SGRwin &#8211; OSS (Sistema de soporte a las operaciones) es la soluci\u00f3n m\u00e1s completa que puede encontrar en el mercado. Con SGRwin es m\u00e1s f\u00e1cil gestionar equipos de diferentes fabricantes y tecnolog\u00edas. Adem\u00e1s, nuestro OSS le ofrece un inventario avanzado de su red, administraci\u00f3n y correlaci\u00f3n de fallas, vista completa de la red, aprovisionamiento de servicios de extremo a extremo y mucho m\u00e1s.<\/p>\n\n\n\n<h2 class=\"wp-block-heading\">Nuestro Sistema de Soporte a la Operaciones va un paso m\u00e1s all\u00e1 que cualquier herramienta tradicional<\/h2>\n\n\n\n<div style=\"height:30px\" aria-hidden=\"true\" class=\"wp-block-spacer\"><\/div>\n\n\n\n<div class=\"wp-block-columns p4 is-layout-flex wp-container-core-columns-is-layout-9d6595d7 wp-block-columns-is-layout-flex\">\n<div class=\"wp-block-column is-vertically-aligned-center is-layout-flow wp-block-column-is-layout-flow\" style=\"flex-basis:40%\"><div class=\"wp-block-image\">\n<figure class=\"aligncenter size-full\"><img loading=\"lazy\" decoding=\"async\" width=\"443\" height=\"341\" src=\"https:\/\/www.sgrwin.com\/wp-content\/uploads\/2022\/12\/mockup_captura1-1.png\" alt=\"\" class=\"wp-image-6451\" srcset=\"https:\/\/www.sgrwin.com\/wp-content\/uploads\/2022\/12\/mockup_captura1-1.png 443w, https:\/\/www.sgrwin.com\/wp-content\/uploads\/2022\/12\/mockup_captura1-1-300x231.png 300w\" sizes=\"auto, (max-width: 443px) 100vw, 443px\" \/><\/figure><\/div><\/div>\n\n\n\n<div class=\"wp-block-column is-vertically-aligned-center is-layout-flow wp-block-column-is-layout-flow\" style=\"flex-basis:60%\">\n<h3 class=\"wp-block-heading\">Aprovisionamiento de servicios<\/h3>\n\n\n\n<p>SGRwin hace posible la creaci\u00f3n y configuraci\u00f3n de circuitos de extremo a extremo. Es una soluci\u00f3n compatible con dispositivos de red heredados y nuevos, y tambi\u00e9n le permite crear circuitos entre dispositivos de diferentes proveedores.<\/p>\n\n\n\n<h3 class=\"wp-block-heading has-text-align-center tertiary-button\"><a href=\"https:\/\/www.sgrwin.com\/es\/addons\/e2e\/\">M\u00e1s info<\/a><\/h3>\n<\/div>\n<\/div>\n\n\n\n<div class=\"wp-block-columns p4 is-layout-flex wp-container-core-columns-is-layout-9d6595d7 wp-block-columns-is-layout-flex\">\n<div class=\"wp-block-column is-vertically-aligned-center is-layout-flow wp-block-column-is-layout-flow\" style=\"flex-basis:60%\">\n<h3 class=\"wp-block-heading\">Lanzador de Operaciones Masivas<\/h3>\n\n\n\n<p>Le permite lanzar configuraciones, incluso acciones (Scripts, HTTP, SSH, SNMP, etc.) a un grupo masivo de elementos de red. Si es necesario, podr\u00e1 programar tareas para ejecutar.<\/p>\n\n\n\n<p>Acciones disponibles: firmware A\/D, copias de seguridad\/restauraci\u00f3n de la configuraci\u00f3n del dispositivo.<\/p>\n\n\n\n<h3 class=\"wp-block-heading has-text-align-center tertiary-button\"><a href=\"https:\/\/www.sgrwin.com\/es\/network-configuration\/\">M\u00e1s info<\/a><\/h3>\n<\/div>\n\n\n\n<div class=\"wp-block-column is-vertically-aligned-center is-layout-flow wp-block-column-is-layout-flow\" style=\"flex-basis:40%\"><div class=\"wp-block-image\">\n<figure class=\"aligncenter size-full\"><img loading=\"lazy\" decoding=\"async\" width=\"443\" height=\"341\" src=\"https:\/\/www.sgrwin.com\/wp-content\/uploads\/2022\/12\/mockup_captura2-1.png\" alt=\"\" class=\"wp-image-6453\" srcset=\"https:\/\/www.sgrwin.com\/wp-content\/uploads\/2022\/12\/mockup_captura2-1.png 443w, https:\/\/www.sgrwin.com\/wp-content\/uploads\/2022\/12\/mockup_captura2-1-300x231.png 300w\" sizes=\"auto, (max-width: 443px) 100vw, 443px\" \/><\/figure><\/div><\/div>\n<\/div>\n\n\n\n<div class=\"wp-block-columns p4 is-layout-flex wp-container-core-columns-is-layout-9d6595d7 wp-block-columns-is-layout-flex\">\n<div class=\"wp-block-column is-vertically-aligned-center is-layout-flow wp-block-column-is-layout-flow\" style=\"flex-basis:40%\"><div class=\"wp-block-image\">\n<figure class=\"aligncenter size-full\"><img loading=\"lazy\" decoding=\"async\" width=\"443\" height=\"341\" src=\"https:\/\/www.sgrwin.com\/wp-content\/uploads\/2022\/12\/mockup_captura3-1.png\" alt=\"\" class=\"wp-image-6455\" srcset=\"https:\/\/www.sgrwin.com\/wp-content\/uploads\/2022\/12\/mockup_captura3-1.png 443w, https:\/\/www.sgrwin.com\/wp-content\/uploads\/2022\/12\/mockup_captura3-1-300x231.png 300w\" sizes=\"auto, (max-width: 443px) 100vw, 443px\" \/><\/figure><\/div><\/div>\n\n\n\n<div class=\"wp-block-column is-vertically-aligned-center is-layout-flow wp-block-column-is-layout-flow\" style=\"flex-basis:60%\">\n<h3 class=\"wp-block-heading\">Inventario<\/h3>\n\n\n\n<p>Podr\u00e1s visualizar informaci\u00f3n relevante para tu negocio como circuitos y servicios. Ubicaci\u00f3n del dispositivo, tipo, proveedor, sistema operativo, configuraciones, n\u00fameros de serie, versi\u00f3n de SW, enlaces entre sitios, circuitos y otros servicios etc.<\/p>\n<\/div>\n<\/div>\n\n\n\n<div class=\"wp-block-columns p4 is-layout-flex wp-container-core-columns-is-layout-9d6595d7 wp-block-columns-is-layout-flex\">\n<div class=\"wp-block-column is-vertically-aligned-center is-layout-flow wp-block-column-is-layout-flow\" style=\"flex-basis:60%\">\n<h3 class=\"wp-block-heading\">Correlaci\u00f3n y gesti\u00f3n avanzada de fallos<\/h3>\n\n\n\n<ul class=\"wp-block-list\">\n<li>Alarmas de red en tiempo real y datos hist\u00f3ricos (visualizaci\u00f3n de detalles de alarmas).<\/li>\n\n\n\n<li>Clasificaci\u00f3n de las alarmas seg\u00fan su gravedad, categor\u00eda, color, etc. <\/li>\n\n\n\n<li>Las opciones de reconocimiento, supresi\u00f3n y filtrado tambi\u00e9n est\u00e1n disponibles.<\/li>\n\n\n\n<li>Reglas para enviar notificaciones a trav\u00e9s de SMS, correo electr\u00f3nico, WhatsApp, etc.<\/li>\n<\/ul>\n\n\n\n<h3 class=\"wp-block-heading has-text-align-center tertiary-button\"><a href=\"https:\/\/www.sgrwin.com\/es\/fault-management\/\">M\u00e1s info<\/a><\/h3>\n<\/div>\n\n\n\n<div class=\"wp-block-column is-vertically-aligned-center is-layout-flow wp-block-column-is-layout-flow\" style=\"flex-basis:40%\"><div class=\"wp-block-image\">\n<figure class=\"aligncenter size-full\"><img loading=\"lazy\" decoding=\"async\" width=\"443\" height=\"341\" src=\"https:\/\/www.sgrwin.com\/wp-content\/uploads\/2022\/12\/mockup_captura4-1.png\" alt=\"\" class=\"wp-image-6447\" srcset=\"https:\/\/www.sgrwin.com\/wp-content\/uploads\/2022\/12\/mockup_captura4-1.png 443w, https:\/\/www.sgrwin.com\/wp-content\/uploads\/2022\/12\/mockup_captura4-1-300x231.png 300w\" sizes=\"auto, (max-width: 443px) 100vw, 443px\" \/><\/figure><\/div><\/div>\n<\/div>\n\n\n\n<div class=\"wp-block-columns p4 is-layout-flex wp-container-core-columns-is-layout-9d6595d7 wp-block-columns-is-layout-flex\">\n<div class=\"wp-block-column is-vertically-aligned-center is-layout-flow wp-block-column-is-layout-flow\" style=\"flex-basis:40%\"><div class=\"wp-block-image\">\n<figure class=\"aligncenter size-full\"><img loading=\"lazy\" decoding=\"async\" width=\"443\" height=\"341\" src=\"https:\/\/www.sgrwin.com\/wp-content\/uploads\/2022\/12\/mockup_captura5-2.png\" alt=\"\" class=\"wp-image-6449\" srcset=\"https:\/\/www.sgrwin.com\/wp-content\/uploads\/2022\/12\/mockup_captura5-2.png 443w, https:\/\/www.sgrwin.com\/wp-content\/uploads\/2022\/12\/mockup_captura5-2-300x231.png 300w\" sizes=\"auto, (max-width: 443px) 100vw, 443px\" \/><\/figure><\/div><\/div>\n\n\n\n<div class=\"wp-block-column is-vertically-aligned-center is-layout-flow wp-block-column-is-layout-flow\" style=\"flex-basis:60%\">\n<h3 class=\"wp-block-heading\">Independencia al integrar nuevos equipos<\/h3>\n\n\n\n<p>El sistema le permite crear diferentes tipos de plantillas, como IP avanzada, IP de marco o IP OAM. Siguiendo 7 sencillos pasos, le llevar\u00e1 alrededor de 10 minutos tener un nuevo dispositivo completamente integrado.<\/p>\n\n\n\n<h3 class=\"wp-block-heading has-text-align-center tertiary-button\"><a href=\"https:\/\/youtu.be\/e5zOH1vEMqw\">M\u00e1s info<\/a><\/h3>\n<\/div>\n<\/div>\n\n\n\n<p>SGRwin ofrece numerosas funcionalidades, <a href=\"https:\/\/www.sgrwin.com\/es\/contact\/\">contacte con nuestro equipo de profesionales para conocer m\u00e1s<\/a>!<\/p>\n","protected":false},"excerpt":{"rendered":"<p>Nuestra soluci\u00f3n es una herramienta profesional que le ayuda en las operaciones cr\u00edticas de gesti\u00f3n y monitorizaci\u00f3n de su red. SGRwin &#8211; OSS (Sistema de soporte a las operaciones) es&#8230;<\/p>\n","protected":false},"author":1,"featured_media":0,"parent":0,"menu_order":0,"comment_status":"closed","ping_status":"closed","template":"","meta":{"_acf_changed":false,"footnotes":""},"class_list":["post-6364","page","type-page","status-publish","hentry"],"acf":[],"yoast_head":"<!-- This site is optimized with the Yoast SEO plugin v26.9 - https:\/\/yoast.com\/product\/yoast-seo-wordpress\/ -->\n<title>Sistema de soporte a las operaciones - SGRwin<\/title>\n<meta name=\"robots\" content=\"index, follow, max-snippet:-1, max-image-preview:large, max-video-preview:-1\" \/>\n<link rel=\"canonical\" href=\"https:\/\/www.sgrwin.com\/es\/operations-support-system\/\" \/>\n<meta property=\"og:locale\" content=\"es_ES\" \/>\n<meta property=\"og:type\" content=\"article\" \/>\n<meta property=\"og:title\" content=\"Sistema de soporte a las operaciones - SGRwin\" \/>\n<meta property=\"og:description\" content=\"Nuestra soluci\u00f3n es una herramienta profesional que le ayuda en las operaciones cr\u00edticas de gesti\u00f3n y monitorizaci\u00f3n de su red. SGRwin &#8211; OSS (Sistema de soporte a las operaciones) es...\" \/>\n<meta property=\"og:url\" content=\"https:\/\/www.sgrwin.com\/es\/operations-support-system\/\" \/>\n<meta property=\"og:site_name\" content=\"SGRwin\" \/>\n<meta property=\"article:modified_time\" content=\"2025-10-23T14:58:07+00:00\" \/>\n<meta property=\"og:image\" content=\"https:\/\/www.sgrwin.com\/wp-content\/uploads\/2022\/12\/mockup_captura1-1.png\" \/>\n<meta name=\"twitter:card\" content=\"summary_large_image\" \/>\n<meta name=\"twitter:label1\" content=\"Tiempo de lectura\" \/>\n\t<meta name=\"twitter:data1\" content=\"3 minutos\" \/>\n<script type=\"application\/ld+json\" class=\"yoast-schema-graph\">{\"@context\":\"https:\/\/schema.org\",\"@graph\":[{\"@type\":\"WebPage\",\"@id\":\"https:\/\/www.sgrwin.com\/es\/operations-support-system\/\",\"url\":\"https:\/\/www.sgrwin.com\/es\/operations-support-system\/\",\"name\":\"Sistema de soporte a las operaciones - SGRwin\",\"isPartOf\":{\"@id\":\"https:\/\/www.sgrwin.com\/es\/#website\"},\"primaryImageOfPage\":{\"@id\":\"https:\/\/www.sgrwin.com\/es\/operations-support-system\/#primaryimage\"},\"image\":{\"@id\":\"https:\/\/www.sgrwin.com\/es\/operations-support-system\/#primaryimage\"},\"thumbnailUrl\":\"https:\/\/www.sgrwin.com\/wp-content\/uploads\/2022\/12\/mockup_captura1-1.png\",\"datePublished\":\"2022-12-05T14:43:45+00:00\",\"dateModified\":\"2025-10-23T14:58:07+00:00\",\"breadcrumb\":{\"@id\":\"https:\/\/www.sgrwin.com\/es\/operations-support-system\/#breadcrumb\"},\"inLanguage\":\"es\",\"potentialAction\":[{\"@type\":\"ReadAction\",\"target\":[\"https:\/\/www.sgrwin.com\/es\/operations-support-system\/\"]}]},{\"@type\":\"ImageObject\",\"inLanguage\":\"es\",\"@id\":\"https:\/\/www.sgrwin.com\/es\/operations-support-system\/#primaryimage\",\"url\":\"https:\/\/www.sgrwin.com\/wp-content\/uploads\/2022\/12\/mockup_captura1-1.png\",\"contentUrl\":\"https:\/\/www.sgrwin.com\/wp-content\/uploads\/2022\/12\/mockup_captura1-1.png\"},{\"@type\":\"BreadcrumbList\",\"@id\":\"https:\/\/www.sgrwin.com\/es\/operations-support-system\/#breadcrumb\",\"itemListElement\":[{\"@type\":\"ListItem\",\"position\":1,\"name\":\"SGRwin\",\"item\":\"https:\/\/www.sgrwin.com\/es\/\"},{\"@type\":\"ListItem\",\"position\":2,\"name\":\"Sistema de soporte a las operaciones\"}]},{\"@type\":\"WebSite\",\"@id\":\"https:\/\/www.sgrwin.com\/es\/#website\",\"url\":\"https:\/\/www.sgrwin.com\/es\/\",\"name\":\"SGRwin\",\"description\":\"Network Management System for multi-vendor and multi-technology networks\",\"publisher\":{\"@id\":\"https:\/\/www.sgrwin.com\/es\/#organization\"},\"alternateName\":\"SGRwin\",\"potentialAction\":[{\"@type\":\"SearchAction\",\"target\":{\"@type\":\"EntryPoint\",\"urlTemplate\":\"https:\/\/www.sgrwin.com\/es\/?s={search_term_string}\"},\"query-input\":{\"@type\":\"PropertyValueSpecification\",\"valueRequired\":true,\"valueName\":\"search_term_string\"}}],\"inLanguage\":\"es\"},{\"@type\":\"Organization\",\"@id\":\"https:\/\/www.sgrwin.com\/es\/#organization\",\"name\":\"SGRwin\",\"alternateName\":\"SGRwin\",\"url\":\"https:\/\/www.sgrwin.com\/es\/\",\"logo\":{\"@type\":\"ImageObject\",\"inLanguage\":\"es\",\"@id\":\"https:\/\/www.sgrwin.com\/es\/#\/schema\/logo\/image\/\",\"url\":\"https:\/\/www.sgrwin.com\/wp-content\/uploads\/2024\/07\/logo_2.png\",\"contentUrl\":\"https:\/\/www.sgrwin.com\/wp-content\/uploads\/2024\/07\/logo_2.png\",\"width\":1667,\"height\":1667,\"caption\":\"SGRwin\"},\"image\":{\"@id\":\"https:\/\/www.sgrwin.com\/es\/#\/schema\/logo\/image\/\"},\"sameAs\":[\"https:\/\/www.linkedin.com\/showcase\/sgrwin\/\"]}]}<\/script>\n<!-- \/ Yoast SEO plugin. -->","yoast_head_json":{"title":"Sistema de soporte a las operaciones - SGRwin","robots":{"index":"index","follow":"follow","max-snippet":"max-snippet:-1","max-image-preview":"max-image-preview:large","max-video-preview":"max-video-preview:-1"},"canonical":"https:\/\/www.sgrwin.com\/es\/operations-support-system\/","og_locale":"es_ES","og_type":"article","og_title":"Sistema de soporte a las operaciones - SGRwin","og_description":"Nuestra soluci\u00f3n es una herramienta profesional que le ayuda en las operaciones cr\u00edticas de gesti\u00f3n y monitorizaci\u00f3n de su red. SGRwin &#8211; OSS (Sistema de soporte a las operaciones) es...","og_url":"https:\/\/www.sgrwin.com\/es\/operations-support-system\/","og_site_name":"SGRwin","article_modified_time":"2025-10-23T14:58:07+00:00","og_image":[{"url":"https:\/\/www.sgrwin.com\/wp-content\/uploads\/2022\/12\/mockup_captura1-1.png","type":"","width":"","height":""}],"twitter_card":"summary_large_image","twitter_misc":{"Tiempo de lectura":"3 minutos"},"schema":{"@context":"https:\/\/schema.org","@graph":[{"@type":"WebPage","@id":"https:\/\/www.sgrwin.com\/es\/operations-support-system\/","url":"https:\/\/www.sgrwin.com\/es\/operations-support-system\/","name":"Sistema de soporte a las operaciones - SGRwin","isPartOf":{"@id":"https:\/\/www.sgrwin.com\/es\/#website"},"primaryImageOfPage":{"@id":"https:\/\/www.sgrwin.com\/es\/operations-support-system\/#primaryimage"},"image":{"@id":"https:\/\/www.sgrwin.com\/es\/operations-support-system\/#primaryimage"},"thumbnailUrl":"https:\/\/www.sgrwin.com\/wp-content\/uploads\/2022\/12\/mockup_captura1-1.png","datePublished":"2022-12-05T14:43:45+00:00","dateModified":"2025-10-23T14:58:07+00:00","breadcrumb":{"@id":"https:\/\/www.sgrwin.com\/es\/operations-support-system\/#breadcrumb"},"inLanguage":"es","potentialAction":[{"@type":"ReadAction","target":["https:\/\/www.sgrwin.com\/es\/operations-support-system\/"]}]},{"@type":"ImageObject","inLanguage":"es","@id":"https:\/\/www.sgrwin.com\/es\/operations-support-system\/#primaryimage","url":"https:\/\/www.sgrwin.com\/wp-content\/uploads\/2022\/12\/mockup_captura1-1.png","contentUrl":"https:\/\/www.sgrwin.com\/wp-content\/uploads\/2022\/12\/mockup_captura1-1.png"},{"@type":"BreadcrumbList","@id":"https:\/\/www.sgrwin.com\/es\/operations-support-system\/#breadcrumb","itemListElement":[{"@type":"ListItem","position":1,"name":"SGRwin","item":"https:\/\/www.sgrwin.com\/es\/"},{"@type":"ListItem","position":2,"name":"Sistema de soporte a las operaciones"}]},{"@type":"WebSite","@id":"https:\/\/www.sgrwin.com\/es\/#website","url":"https:\/\/www.sgrwin.com\/es\/","name":"SGRwin","description":"Network Management System for multi-vendor and multi-technology networks","publisher":{"@id":"https:\/\/www.sgrwin.com\/es\/#organization"},"alternateName":"SGRwin","potentialAction":[{"@type":"SearchAction","target":{"@type":"EntryPoint","urlTemplate":"https:\/\/www.sgrwin.com\/es\/?s={search_term_string}"},"query-input":{"@type":"PropertyValueSpecification","valueRequired":true,"valueName":"search_term_string"}}],"inLanguage":"es"},{"@type":"Organization","@id":"https:\/\/www.sgrwin.com\/es\/#organization","name":"SGRwin","alternateName":"SGRwin","url":"https:\/\/www.sgrwin.com\/es\/","logo":{"@type":"ImageObject","inLanguage":"es","@id":"https:\/\/www.sgrwin.com\/es\/#\/schema\/logo\/image\/","url":"https:\/\/www.sgrwin.com\/wp-content\/uploads\/2024\/07\/logo_2.png","contentUrl":"https:\/\/www.sgrwin.com\/wp-content\/uploads\/2024\/07\/logo_2.png","width":1667,"height":1667,"caption":"SGRwin"},"image":{"@id":"https:\/\/www.sgrwin.com\/es\/#\/schema\/logo\/image\/"},"sameAs":["https:\/\/www.linkedin.com\/showcase\/sgrwin\/"]}]}},"_links":{"self":[{"href":"https:\/\/www.sgrwin.com\/es\/wp-json\/wp\/v2\/pages\/6364","targetHints":{"allow":["GET"]}}],"collection":[{"href":"https:\/\/www.sgrwin.com\/es\/wp-json\/wp\/v2\/pages"}],"about":[{"href":"https:\/\/www.sgrwin.com\/es\/wp-json\/wp\/v2\/types\/page"}],"author":[{"embeddable":true,"href":"https:\/\/www.sgrwin.com\/es\/wp-json\/wp\/v2\/users\/1"}],"replies":[{"embeddable":true,"href":"https:\/\/www.sgrwin.com\/es\/wp-json\/wp\/v2\/comments?post=6364"}],"version-history":[{"count":16,"href":"https:\/\/www.sgrwin.com\/es\/wp-json\/wp\/v2\/pages\/6364\/revisions"}],"predecessor-version":[{"id":11582,"href":"https:\/\/www.sgrwin.com\/es\/wp-json\/wp\/v2\/pages\/6364\/revisions\/11582"}],"wp:attachment":[{"href":"https:\/\/www.sgrwin.com\/es\/wp-json\/wp\/v2\/media?parent=6364"}],"curies":[{"name":"wp","href":"https:\/\/api.w.org\/{rel}","templated":true}]}}