{"id":6355,"date":"2022-12-05T15:30:42","date_gmt":"2022-12-05T14:30:42","guid":{"rendered":"https:\/\/www.sgrwin.com\/?page_id=6355"},"modified":"2025-05-07T08:11:02","modified_gmt":"2025-05-07T06:11:02","slug":"umbrella-network-management-system","status":"publish","type":"page","link":"https:\/\/www.sgrwin.com\/es\/umbrella-network-management-system\/","title":{"rendered":"Sistema de gesti\u00f3n de red paraguas"},"content":{"rendered":"\n<div style=\"height:50px\" aria-hidden=\"true\" class=\"wp-block-spacer\"><\/div>\n\n\n\n<p>Las redes de misi\u00f3n cr\u00edtica son grandes y complejas de administrar debido al volumen de dispositivos, su heterogeneidad y ubicaciones dispersas. Sin un sistema adecuado es muy dif\u00edcil obtener una visi\u00f3n completa de la red, los costes de mantenimiento de los dispositivos heredados aumentan y garantizar el funcionamiento de los servicios de misi\u00f3n cr\u00edtica se vuelve ca\u00f3tico ante la ausencia de un sistema global de gesti\u00f3n de alarmas.<\/p>\n\n\n\n<p>Adem\u00e1s, las redes de misi\u00f3n cr\u00edtica evolucionan y, por lo tanto, es necesario gestionar un mayor n\u00famero de sistemas. El uso de herramientas separadas para monitorizar y administrar todos los sistemas crea problemas a largo plazo, ya que la falta de una soluci\u00f3n \u00fanica complica las tareas de monitorizaci\u00f3n de fallos, y operaciones de configuraci\u00f3n y mantenimiento.<\/p>\n\n\n\n<h2 class=\"wp-block-heading\">SGRwin es la soluci\u00f3n de gesti\u00f3n de redes paraguas que est\u00e1 buscando:<\/h2>\n\n\n\n<div style=\"height:20px\" aria-hidden=\"true\" class=\"wp-block-spacer\"><\/div>\n\n\n\n<div style=\"height:20px\" aria-hidden=\"true\" class=\"wp-block-spacer\"><\/div>\n\n\n\n<div class=\"wp-block-columns is-layout-flex wp-container-core-columns-is-layout-9d6595d7 wp-block-columns-is-layout-flex\">\n<div class=\"wp-block-column box p-4 is-layout-flow wp-block-column-is-layout-flow\">\n<h2 class=\"wp-block-heading has-text-color\" style=\"color:#0090d3\">Control absoluto de fallos y problemas de red<\/h2>\n\n\n\n<div style=\"height:20px\" aria-hidden=\"true\" class=\"wp-block-spacer\"><\/div>\n\n\n\n<p>Nuestra soluci\u00f3n le permite monitorear todas las alarmas y eventos de manera f\u00e1cil y r\u00e1pida. El sistema permite una clasificaci\u00f3n seg\u00fan la relevancia del problema y permite localizar r\u00e1pidamente la correlaci\u00f3n y la causa ra\u00edz. Conozca m\u00e1s: <a href=\"https:\/\/www.sgrwin.com\/es\/fault-management\/\">https:\/\/www.sgrwin.com\/es\/fault-management\/<\/a><\/p>\n<\/div>\n\n\n\n<div class=\"wp-block-column box p-4 is-layout-flow wp-block-column-is-layout-flow\">\n<h2 class=\"wp-block-heading has-text-color\" style=\"color:#0090d3\">Automatizaci\u00f3n como nunca antes la hab\u00eda visto<\/h2>\n\n\n\n<div style=\"height:20px\" aria-hidden=\"true\" class=\"wp-block-spacer\"><\/div>\n\n\n\n<p>Al usar nuestra soluci\u00f3n, podr\u00e1 programar el lanzamiento de acciones masivas (scripts, firmware, actualizaciones, etc.), realizar el descubrimiento autom\u00e1tico de dispositivos, mantener un inventario actualizado, administrar copias de seguridad y restaurar configuraciones en caso de ser necesario, entre otros beneficios.<\/p>\n<\/div>\n<\/div>\n\n\n\n<div style=\"height:40px\" aria-hidden=\"true\" class=\"wp-block-spacer\"><\/div>\n\n\n\n<h2 class=\"wp-block-heading\">Principales funciones de nuestra soluci\u00f3n de gesti\u00f3n de redes paraguas<\/h2>\n\n\n\n<div style=\"height:40px\" aria-hidden=\"true\" class=\"wp-block-spacer\"><\/div>\n\n\n\n<div class=\"wp-block-columns is-layout-flex wp-container-core-columns-is-layout-9d6595d7 wp-block-columns-is-layout-flex\">\n<div class=\"wp-block-column box p-4 is-layout-flow wp-block-column-is-layout-flow\"><div class=\"wp-block-image\">\n<figure class=\"alignleft size-medium is-resized\"><img loading=\"lazy\" decoding=\"async\" width=\"300\" height=\"278\" src=\"https:\/\/www.sgrwin.com\/wp-content\/uploads\/2023\/01\/fcaps_fault-1-300x278.png\" alt=\"\" class=\"wp-image-6961\" style=\"object-fit:contain;width:75px;height:75px\" srcset=\"https:\/\/www.sgrwin.com\/wp-content\/uploads\/2023\/01\/fcaps_fault-1-300x278.png 300w, https:\/\/www.sgrwin.com\/wp-content\/uploads\/2023\/01\/fcaps_fault-1.png 764w\" sizes=\"auto, (max-width: 300px) 100vw, 300px\" \/><\/figure><\/div>\n\n\n<div style=\"height:2px\" aria-hidden=\"true\" class=\"wp-block-spacer\"><\/div>\n\n\n\n<h3 class=\"wp-block-heading\">Gesti\u00f3n de <strong>Fallos de red<\/strong><\/h3>\n\n\n\n<ul class=\"wp-block-list\">\n<li>Integraci\u00f3n con sistemas de ticketing y helpdesk.<\/li>\n\n\n\n<li>Visualizaci\u00f3n de servicios afectados.<\/li>\n\n\n\n<li>Mapas topol\u00f3gicos.<\/li>\n\n\n\n<li>Visor de alarmas, eventos y dispositivos. <\/li>\n<\/ul>\n<\/div>\n\n\n\n<div class=\"wp-block-column box p-4 is-layout-flow wp-block-column-is-layout-flow\"><div class=\"wp-block-image\">\n<figure class=\"alignleft size-medium is-resized\"><img loading=\"lazy\" decoding=\"async\" width=\"300\" height=\"278\" src=\"https:\/\/www.sgrwin.com\/wp-content\/uploads\/2023\/01\/fcaps_configuration-300x278.png\" alt=\"\" class=\"wp-image-6964\" style=\"object-fit:contain;width:75px;height:75px\" srcset=\"https:\/\/www.sgrwin.com\/wp-content\/uploads\/2023\/01\/fcaps_configuration-300x278.png 300w, https:\/\/www.sgrwin.com\/wp-content\/uploads\/2023\/01\/fcaps_configuration.png 764w\" sizes=\"auto, (max-width: 300px) 100vw, 300px\" \/><\/figure><\/div>\n\n\n<div style=\"height:2px\" aria-hidden=\"true\" class=\"wp-block-spacer\"><\/div>\n\n\n\n<h3 class=\"wp-block-heading has-text-color\" style=\"color:#68dd2a\">Gesti\u00f3n de <strong>Configuraci\u00f3n<\/strong><\/h3>\n\n\n\n<ul class=\"wp-block-list\">\n<li>Lanzamiento masivo de operaciones.<\/li>\n\n\n\n<li>Aprovisionamiento de circuitos de extremo a extremo entre dispositivos de diferentes fabricantes.<\/li>\n\n\n\n<li>Copias de seguridad, comparador de configuraciones y opciones de restauraci\u00f3n. <\/li>\n\n\n\n<li>Integraci\u00f3n de dispositivos. <\/li>\n\n\n\n<li>Gestor LCT.<\/li>\n<\/ul>\n<\/div>\n\n\n\n<div class=\"wp-block-column box p-4 is-layout-flow wp-block-column-is-layout-flow\"><div class=\"wp-block-image\">\n<figure class=\"alignleft size-medium is-resized\"><img loading=\"lazy\" decoding=\"async\" width=\"300\" height=\"278\" src=\"https:\/\/www.sgrwin.com\/wp-content\/uploads\/2023\/01\/fcaps_accounting-300x278.png\" alt=\"\" class=\"wp-image-6966\" style=\"object-fit:contain;width:75px;height:75px\" srcset=\"https:\/\/www.sgrwin.com\/wp-content\/uploads\/2023\/01\/fcaps_accounting-300x278.png 300w, https:\/\/www.sgrwin.com\/wp-content\/uploads\/2023\/01\/fcaps_accounting.png 764w\" sizes=\"auto, (max-width: 300px) 100vw, 300px\" \/><\/figure><\/div>\n\n\n<div style=\"height:2px\" aria-hidden=\"true\" class=\"wp-block-spacer\"><\/div>\n\n\n\n<h3 class=\"wp-block-heading has-text-color\" style=\"color:#db4242\">Gesti\u00f3n de <strong>Cuentas<\/strong><\/h3>\n\n\n\n<ul class=\"wp-block-list\">\n<li>Paneles de control Ad-hoc.<\/li>\n\n\n\n<li>Inventario.<\/li>\n\n\n\n<li>Informes avanzados con los KPI clave.<\/li>\n<\/ul>\n<\/div>\n\n\n\n<div class=\"wp-block-column box p-4 is-layout-flow wp-block-column-is-layout-flow\"><div class=\"wp-block-image\">\n<figure class=\"alignleft size-medium is-resized\"><img loading=\"lazy\" decoding=\"async\" width=\"300\" height=\"278\" src=\"https:\/\/www.sgrwin.com\/wp-content\/uploads\/2023\/01\/fcaps_performance-300x278.png\" alt=\"\" class=\"wp-image-6968\" style=\"object-fit:contain;width:75px;height:75px\" srcset=\"https:\/\/www.sgrwin.com\/wp-content\/uploads\/2023\/01\/fcaps_performance-300x278.png 300w, https:\/\/www.sgrwin.com\/wp-content\/uploads\/2023\/01\/fcaps_performance.png 764w\" sizes=\"auto, (max-width: 300px) 100vw, 300px\" \/><\/figure><\/div>\n\n\n<div style=\"height:2px\" aria-hidden=\"true\" class=\"wp-block-spacer\"><\/div>\n\n\n\n<h3 class=\"wp-block-heading has-text-color\" style=\"color:#ff8b00\">Gesti\u00f3n de <strong>Rendimiento<\/strong><\/h3>\n\n\n\n<ul class=\"wp-block-list\">\n<li>Gesti\u00f3n de rendimiento personalizable.<\/li>\n\n\n\n<li>Datos de rendimiento de los servicios. <\/li>\n\n\n\n<li>Informes en tiempo real e hist\u00f3ricos. <\/li>\n\n\n\n<li>Mapas topol\u00f3gicos con capas jer\u00e1rquicas. <\/li>\n<\/ul>\n<\/div>\n\n\n\n<div class=\"wp-block-column box p-4 is-layout-flow wp-block-column-is-layout-flow\"><div class=\"wp-block-image\">\n<figure class=\"alignleft size-medium is-resized\"><img loading=\"lazy\" decoding=\"async\" width=\"300\" height=\"278\" src=\"https:\/\/www.sgrwin.com\/wp-content\/uploads\/2023\/01\/fcaps_security-300x278.png\" alt=\"\" class=\"wp-image-6970\" style=\"object-fit:contain;width:75px;height:75px\" srcset=\"https:\/\/www.sgrwin.com\/wp-content\/uploads\/2023\/01\/fcaps_security-300x278.png 300w, https:\/\/www.sgrwin.com\/wp-content\/uploads\/2023\/01\/fcaps_security.png 764w\" sizes=\"auto, (max-width: 300px) 100vw, 300px\" \/><\/figure><\/div>\n\n\n<div style=\"height:2px\" aria-hidden=\"true\" class=\"wp-block-spacer\"><\/div>\n\n\n\n<h3 class=\"wp-block-heading has-text-color\" style=\"color:#094d68\">Gesti\u00f3n de <strong>Seguridad<\/strong><\/h3>\n\n\n\n<ul class=\"wp-block-list\">\n<li>Gesti\u00f3n de usuarios y grupos.<\/li>\n\n\n\n<li>Registro de actividades.<\/li>\n\n\n\n<li>Diferentes opciones de autenticaci\u00f3n (LDAP y otros).<\/li>\n<\/ul>\n<\/div>\n<\/div>\n\n\n\n<div style=\"height:20px\" aria-hidden=\"true\" class=\"wp-block-spacer\"><\/div>\n\n\n\n<h2 class=\"wp-block-heading\">\u00bfPor qu\u00e9 nuestra soluci\u00f3n de gesti\u00f3n de red paraguas?<\/h2>\n\n\n\n<ul class=\"wp-block-list\">\n<li>Monitorizaci\u00f3n remota y local<\/li>\n\n\n\n<li>Todo en un solo sistema: base de datos, servidores, nube, interfaces, aplicaciones, etc.<\/li>\n\n\n\n<li>Reducci\u00f3n de los gastos operativos y de soporte del sistema<\/li>\n\n\n\n<li>Minimiza el tiempo de inactividad y los riesgos de interrupci\u00f3n<\/li>\n\n\n\n<li>Sistema rentable<\/li>\n\n\n\n<li>Brinda soporte para el cumplimiento de regulaciones y procesos de auditor\u00edas<\/li>\n<\/ul>\n\n\n\n<p>Nuestra soluci\u00f3n es un punto de recopilaci\u00f3n central que integra los datos de todos los sistemas de origen y otras herramientas de monitorizaci\u00f3n, entregando informes avanzados, paneles de control, inventario y mucho m\u00e1s.<\/p>\n\n\n\n<div style=\"height:60px\" aria-hidden=\"true\" class=\"wp-block-spacer\"><\/div>\n\n\n\n<h3 class=\"wp-block-heading mb-4 has-text-color has-link-color wp-elements-d003bf9721f09377a6c152f94504bdd0\" style=\"color:#888888\"><strong>\u00bfListo para optimizar la gesti\u00f3n de tu red?<\/strong><\/h3>\n\n\n\n<h6 class=\"wp-block-heading\"><a href=\"https:\/\/www.sgrwin.com\/es\/contact\/\">Cont\u00e1ctanos<\/a> hoy y descubre c\u00f3mo el Umbrella Network Management System puede transformar tus operaciones.<\/h6>\n\n\n\n<div style=\"height:20px\" aria-hidden=\"true\" class=\"wp-block-spacer\"><\/div>\n","protected":false},"excerpt":{"rendered":"<p>Las redes de misi\u00f3n cr\u00edtica son grandes y complejas de administrar debido al volumen de dispositivos, su heterogeneidad y ubicaciones dispersas. Sin un sistema adecuado es muy dif\u00edcil obtener una&#8230;<\/p>\n","protected":false},"author":1,"featured_media":0,"parent":0,"menu_order":0,"comment_status":"closed","ping_status":"closed","template":"","meta":{"_acf_changed":false,"footnotes":""},"class_list":["post-6355","page","type-page","status-publish","hentry"],"acf":[],"yoast_head":"<!-- This site is optimized with the Yoast SEO plugin v26.9 - https:\/\/yoast.com\/product\/yoast-seo-wordpress\/ -->\n<title>Sistema de gesti\u00f3n de red paraguas - SGRwin<\/title>\n<meta name=\"robots\" content=\"index, follow, max-snippet:-1, max-image-preview:large, max-video-preview:-1\" \/>\n<link rel=\"canonical\" href=\"https:\/\/www.sgrwin.com\/es\/umbrella-network-management-system\/\" \/>\n<meta property=\"og:locale\" content=\"es_ES\" \/>\n<meta property=\"og:type\" content=\"article\" \/>\n<meta property=\"og:title\" content=\"Sistema de gesti\u00f3n de red paraguas - SGRwin\" \/>\n<meta property=\"og:description\" content=\"Las redes de misi\u00f3n cr\u00edtica son grandes y complejas de administrar debido al volumen de dispositivos, su heterogeneidad y ubicaciones dispersas. Sin un sistema adecuado es muy dif\u00edcil obtener una...\" \/>\n<meta property=\"og:url\" content=\"https:\/\/www.sgrwin.com\/es\/umbrella-network-management-system\/\" \/>\n<meta property=\"og:site_name\" content=\"SGRwin\" \/>\n<meta property=\"article:modified_time\" content=\"2025-05-07T06:11:02+00:00\" \/>\n<meta property=\"og:image\" content=\"https:\/\/www.sgrwin.com\/wp-content\/uploads\/2023\/01\/fcaps_fault-1-300x278.png\" \/>\n<meta name=\"twitter:card\" content=\"summary_large_image\" \/>\n<meta name=\"twitter:label1\" content=\"Tiempo de lectura\" \/>\n\t<meta name=\"twitter:data1\" content=\"4 minutos\" \/>\n<script type=\"application\/ld+json\" class=\"yoast-schema-graph\">{\"@context\":\"https:\/\/schema.org\",\"@graph\":[{\"@type\":\"WebPage\",\"@id\":\"https:\/\/www.sgrwin.com\/es\/umbrella-network-management-system\/\",\"url\":\"https:\/\/www.sgrwin.com\/es\/umbrella-network-management-system\/\",\"name\":\"Sistema de gesti\u00f3n de red paraguas - SGRwin\",\"isPartOf\":{\"@id\":\"https:\/\/www.sgrwin.com\/es\/#website\"},\"primaryImageOfPage\":{\"@id\":\"https:\/\/www.sgrwin.com\/es\/umbrella-network-management-system\/#primaryimage\"},\"image\":{\"@id\":\"https:\/\/www.sgrwin.com\/es\/umbrella-network-management-system\/#primaryimage\"},\"thumbnailUrl\":\"https:\/\/www.sgrwin.com\/wp-content\/uploads\/2023\/01\/fcaps_fault-1-300x278.png\",\"datePublished\":\"2022-12-05T14:30:42+00:00\",\"dateModified\":\"2025-05-07T06:11:02+00:00\",\"breadcrumb\":{\"@id\":\"https:\/\/www.sgrwin.com\/es\/umbrella-network-management-system\/#breadcrumb\"},\"inLanguage\":\"es\",\"potentialAction\":[{\"@type\":\"ReadAction\",\"target\":[\"https:\/\/www.sgrwin.com\/es\/umbrella-network-management-system\/\"]}]},{\"@type\":\"ImageObject\",\"inLanguage\":\"es\",\"@id\":\"https:\/\/www.sgrwin.com\/es\/umbrella-network-management-system\/#primaryimage\",\"url\":\"https:\/\/www.sgrwin.com\/wp-content\/uploads\/2023\/01\/fcaps_fault-1-300x278.png\",\"contentUrl\":\"https:\/\/www.sgrwin.com\/wp-content\/uploads\/2023\/01\/fcaps_fault-1-300x278.png\"},{\"@type\":\"BreadcrumbList\",\"@id\":\"https:\/\/www.sgrwin.com\/es\/umbrella-network-management-system\/#breadcrumb\",\"itemListElement\":[{\"@type\":\"ListItem\",\"position\":1,\"name\":\"SGRwin\",\"item\":\"https:\/\/www.sgrwin.com\/es\/\"},{\"@type\":\"ListItem\",\"position\":2,\"name\":\"Sistema de gesti\u00f3n de red paraguas\"}]},{\"@type\":\"WebSite\",\"@id\":\"https:\/\/www.sgrwin.com\/es\/#website\",\"url\":\"https:\/\/www.sgrwin.com\/es\/\",\"name\":\"SGRwin\",\"description\":\"Network Management System for multi-vendor and multi-technology networks\",\"publisher\":{\"@id\":\"https:\/\/www.sgrwin.com\/es\/#organization\"},\"alternateName\":\"SGRwin\",\"potentialAction\":[{\"@type\":\"SearchAction\",\"target\":{\"@type\":\"EntryPoint\",\"urlTemplate\":\"https:\/\/www.sgrwin.com\/es\/?s={search_term_string}\"},\"query-input\":{\"@type\":\"PropertyValueSpecification\",\"valueRequired\":true,\"valueName\":\"search_term_string\"}}],\"inLanguage\":\"es\"},{\"@type\":\"Organization\",\"@id\":\"https:\/\/www.sgrwin.com\/es\/#organization\",\"name\":\"SGRwin\",\"alternateName\":\"SGRwin\",\"url\":\"https:\/\/www.sgrwin.com\/es\/\",\"logo\":{\"@type\":\"ImageObject\",\"inLanguage\":\"es\",\"@id\":\"https:\/\/www.sgrwin.com\/es\/#\/schema\/logo\/image\/\",\"url\":\"https:\/\/www.sgrwin.com\/wp-content\/uploads\/2024\/07\/logo_2.png\",\"contentUrl\":\"https:\/\/www.sgrwin.com\/wp-content\/uploads\/2024\/07\/logo_2.png\",\"width\":1667,\"height\":1667,\"caption\":\"SGRwin\"},\"image\":{\"@id\":\"https:\/\/www.sgrwin.com\/es\/#\/schema\/logo\/image\/\"},\"sameAs\":[\"https:\/\/www.linkedin.com\/showcase\/sgrwin\/\"]}]}<\/script>\n<!-- \/ Yoast SEO plugin. -->","yoast_head_json":{"title":"Sistema de gesti\u00f3n de red paraguas - SGRwin","robots":{"index":"index","follow":"follow","max-snippet":"max-snippet:-1","max-image-preview":"max-image-preview:large","max-video-preview":"max-video-preview:-1"},"canonical":"https:\/\/www.sgrwin.com\/es\/umbrella-network-management-system\/","og_locale":"es_ES","og_type":"article","og_title":"Sistema de gesti\u00f3n de red paraguas - SGRwin","og_description":"Las redes de misi\u00f3n cr\u00edtica son grandes y complejas de administrar debido al volumen de dispositivos, su heterogeneidad y ubicaciones dispersas. Sin un sistema adecuado es muy dif\u00edcil obtener una...","og_url":"https:\/\/www.sgrwin.com\/es\/umbrella-network-management-system\/","og_site_name":"SGRwin","article_modified_time":"2025-05-07T06:11:02+00:00","og_image":[{"url":"https:\/\/www.sgrwin.com\/wp-content\/uploads\/2023\/01\/fcaps_fault-1-300x278.png","type":"","width":"","height":""}],"twitter_card":"summary_large_image","twitter_misc":{"Tiempo de lectura":"4 minutos"},"schema":{"@context":"https:\/\/schema.org","@graph":[{"@type":"WebPage","@id":"https:\/\/www.sgrwin.com\/es\/umbrella-network-management-system\/","url":"https:\/\/www.sgrwin.com\/es\/umbrella-network-management-system\/","name":"Sistema de gesti\u00f3n de red paraguas - SGRwin","isPartOf":{"@id":"https:\/\/www.sgrwin.com\/es\/#website"},"primaryImageOfPage":{"@id":"https:\/\/www.sgrwin.com\/es\/umbrella-network-management-system\/#primaryimage"},"image":{"@id":"https:\/\/www.sgrwin.com\/es\/umbrella-network-management-system\/#primaryimage"},"thumbnailUrl":"https:\/\/www.sgrwin.com\/wp-content\/uploads\/2023\/01\/fcaps_fault-1-300x278.png","datePublished":"2022-12-05T14:30:42+00:00","dateModified":"2025-05-07T06:11:02+00:00","breadcrumb":{"@id":"https:\/\/www.sgrwin.com\/es\/umbrella-network-management-system\/#breadcrumb"},"inLanguage":"es","potentialAction":[{"@type":"ReadAction","target":["https:\/\/www.sgrwin.com\/es\/umbrella-network-management-system\/"]}]},{"@type":"ImageObject","inLanguage":"es","@id":"https:\/\/www.sgrwin.com\/es\/umbrella-network-management-system\/#primaryimage","url":"https:\/\/www.sgrwin.com\/wp-content\/uploads\/2023\/01\/fcaps_fault-1-300x278.png","contentUrl":"https:\/\/www.sgrwin.com\/wp-content\/uploads\/2023\/01\/fcaps_fault-1-300x278.png"},{"@type":"BreadcrumbList","@id":"https:\/\/www.sgrwin.com\/es\/umbrella-network-management-system\/#breadcrumb","itemListElement":[{"@type":"ListItem","position":1,"name":"SGRwin","item":"https:\/\/www.sgrwin.com\/es\/"},{"@type":"ListItem","position":2,"name":"Sistema de gesti\u00f3n de red paraguas"}]},{"@type":"WebSite","@id":"https:\/\/www.sgrwin.com\/es\/#website","url":"https:\/\/www.sgrwin.com\/es\/","name":"SGRwin","description":"Network Management System for multi-vendor and multi-technology networks","publisher":{"@id":"https:\/\/www.sgrwin.com\/es\/#organization"},"alternateName":"SGRwin","potentialAction":[{"@type":"SearchAction","target":{"@type":"EntryPoint","urlTemplate":"https:\/\/www.sgrwin.com\/es\/?s={search_term_string}"},"query-input":{"@type":"PropertyValueSpecification","valueRequired":true,"valueName":"search_term_string"}}],"inLanguage":"es"},{"@type":"Organization","@id":"https:\/\/www.sgrwin.com\/es\/#organization","name":"SGRwin","alternateName":"SGRwin","url":"https:\/\/www.sgrwin.com\/es\/","logo":{"@type":"ImageObject","inLanguage":"es","@id":"https:\/\/www.sgrwin.com\/es\/#\/schema\/logo\/image\/","url":"https:\/\/www.sgrwin.com\/wp-content\/uploads\/2024\/07\/logo_2.png","contentUrl":"https:\/\/www.sgrwin.com\/wp-content\/uploads\/2024\/07\/logo_2.png","width":1667,"height":1667,"caption":"SGRwin"},"image":{"@id":"https:\/\/www.sgrwin.com\/es\/#\/schema\/logo\/image\/"},"sameAs":["https:\/\/www.linkedin.com\/showcase\/sgrwin\/"]}]}},"_links":{"self":[{"href":"https:\/\/www.sgrwin.com\/es\/wp-json\/wp\/v2\/pages\/6355","targetHints":{"allow":["GET"]}}],"collection":[{"href":"https:\/\/www.sgrwin.com\/es\/wp-json\/wp\/v2\/pages"}],"about":[{"href":"https:\/\/www.sgrwin.com\/es\/wp-json\/wp\/v2\/types\/page"}],"author":[{"embeddable":true,"href":"https:\/\/www.sgrwin.com\/es\/wp-json\/wp\/v2\/users\/1"}],"replies":[{"embeddable":true,"href":"https:\/\/www.sgrwin.com\/es\/wp-json\/wp\/v2\/comments?post=6355"}],"version-history":[{"count":33,"href":"https:\/\/www.sgrwin.com\/es\/wp-json\/wp\/v2\/pages\/6355\/revisions"}],"predecessor-version":[{"id":10910,"href":"https:\/\/www.sgrwin.com\/es\/wp-json\/wp\/v2\/pages\/6355\/revisions\/10910"}],"wp:attachment":[{"href":"https:\/\/www.sgrwin.com\/es\/wp-json\/wp\/v2\/media?parent=6355"}],"curies":[{"name":"wp","href":"https:\/\/api.w.org\/{rel}","templated":true}]}}