{"id":5822,"date":"2022-10-19T11:37:50","date_gmt":"2022-10-19T09:37:50","guid":{"rendered":"https:\/\/www.sgrwin.com\/?page_id=5822"},"modified":"2024-05-08T10:04:14","modified_gmt":"2024-05-08T08:04:14","slug":"telecomunicaciones","status":"publish","type":"page","link":"https:\/\/www.sgrwin.com\/es\/telecomunicaciones\/","title":{"rendered":"Telecomunicaciones"},"content":{"rendered":"\n<h2 class=\"wp-block-heading\">El sector de telecomunicaciones, ahora m\u00e1s que nunca, necesita administrar sus redes de forma eficiente, adem\u00e1s de ser capaces de enfrentar numerosos desaf\u00edos cr\u00edticos, tales como:&nbsp;<\/h2>\n\n\n\n<ul class=\"wp-block-list\">\n<li>Incorporaci\u00f3n de tecnolog\u00edas de \u00faltima generaci\u00f3n.&nbsp;<\/li>\n\n\n\n<li>Asegurar la calidad del servicio entregado.&nbsp;<\/li>\n\n\n\n<li>Minimizar los tiempos de inactividad.&nbsp;<\/li>\n\n\n\n<li>Evitar cortes y tiempos de inactividad.<\/li>\n\n\n\n<li>Ampliar la capacidad de la red.<\/li>\n<\/ul>\n\n\n\n<p><strong>SGRwin aporta una amplia experiencia en la gesti\u00f3n de redes de telecomunicaciones en todo el mundo desde los a\u00f1os 90.<\/strong>&nbsp;<\/p>\n\n\n\n<p>Nuestro NMS le ofrece un m\u00f3dulo espec\u00edfico para su red de telecomunicaciones. Con nuestro software de gesti\u00f3n de red, podr\u00e1 tomar el control de su red de telecomunicaciones, aumentar la competitividad, reducir los costes operativos y mejorar la eficiencia de su personal.\u00a0<\/p>\n\n\n\n<h3 class=\"wp-block-heading\"><strong>\u00bfPor qu\u00e9 las empresas de telecomunicaciones conf\u00edan en SGRwin?<\/strong>&nbsp;<\/h3>\n\n\n\n<ul class=\"wp-block-list\">\n<li>Migraci\u00f3n garantizada evitando los problemas.&nbsp;<\/li>\n\n\n\n<li>Escalabilidad a medida que evoluciona la red.&nbsp;<\/li>\n\n\n\n<li>Minimiza la inversi\u00f3n y los gastos operativos.&nbsp;<\/li>\n\n\n\n<li>Aumenta la seguridad de la red.<\/li>\n\n\n\n<li>Medici\u00f3n de la calidad de servicio (QoS).<\/li>\n\n\n\n<li>Evitar cortes mediante la detecci\u00f3n temprana de fallos.<\/li>\n<\/ul>\n\n\n\n<p>\u00a1No espere m\u00e1s, <a href=\"https:\/\/www.sgrwin.com\/es\/contact\/\" target=\"_blank\" rel=\"noreferrer noopener\">contacte con nuestro equipo hoy mismo<\/a>!&nbsp;<\/p>\n","protected":false},"excerpt":{"rendered":"<p>El sector de telecomunicaciones, ahora m\u00e1s que nunca, necesita administrar sus redes de forma eficiente, adem\u00e1s de ser capaces de enfrentar numerosos desaf\u00edos cr\u00edticos, tales como:&nbsp; SGRwin aporta una amplia&#8230;<\/p>\n","protected":false},"author":1,"featured_media":0,"parent":0,"menu_order":0,"comment_status":"closed","ping_status":"closed","template":"","meta":{"_acf_changed":false,"footnotes":""},"class_list":["post-5822","page","type-page","status-publish","hentry"],"acf":[],"yoast_head":"<!-- This site is optimized with the Yoast SEO plugin v26.9 - https:\/\/yoast.com\/product\/yoast-seo-wordpress\/ -->\n<title>Telecomunicaciones - SGRwin<\/title>\n<meta name=\"robots\" content=\"index, follow, max-snippet:-1, max-image-preview:large, max-video-preview:-1\" \/>\n<link rel=\"canonical\" href=\"https:\/\/www.sgrwin.com\/es\/telecomunicaciones\/\" \/>\n<meta property=\"og:locale\" content=\"es_ES\" \/>\n<meta property=\"og:type\" content=\"article\" \/>\n<meta property=\"og:title\" content=\"Telecomunicaciones - SGRwin\" \/>\n<meta property=\"og:description\" content=\"El sector de telecomunicaciones, ahora m\u00e1s que nunca, necesita administrar sus redes de forma eficiente, adem\u00e1s de ser capaces de enfrentar numerosos desaf\u00edos cr\u00edticos, tales como:&nbsp; SGRwin aporta una amplia...\" \/>\n<meta property=\"og:url\" content=\"https:\/\/www.sgrwin.com\/es\/telecomunicaciones\/\" \/>\n<meta property=\"og:site_name\" content=\"SGRwin\" \/>\n<meta property=\"article:modified_time\" content=\"2024-05-08T08:04:14+00:00\" \/>\n<meta name=\"twitter:card\" content=\"summary_large_image\" \/>\n<meta name=\"twitter:label1\" content=\"Tiempo de lectura\" \/>\n\t<meta name=\"twitter:data1\" content=\"1 minuto\" \/>\n<script type=\"application\/ld+json\" class=\"yoast-schema-graph\">{\"@context\":\"https:\/\/schema.org\",\"@graph\":[{\"@type\":\"WebPage\",\"@id\":\"https:\/\/www.sgrwin.com\/es\/telecomunicaciones\/\",\"url\":\"https:\/\/www.sgrwin.com\/es\/telecomunicaciones\/\",\"name\":\"Telecomunicaciones - SGRwin\",\"isPartOf\":{\"@id\":\"https:\/\/www.sgrwin.com\/es\/#website\"},\"datePublished\":\"2022-10-19T09:37:50+00:00\",\"dateModified\":\"2024-05-08T08:04:14+00:00\",\"breadcrumb\":{\"@id\":\"https:\/\/www.sgrwin.com\/es\/telecomunicaciones\/#breadcrumb\"},\"inLanguage\":\"es\",\"potentialAction\":[{\"@type\":\"ReadAction\",\"target\":[\"https:\/\/www.sgrwin.com\/es\/telecomunicaciones\/\"]}]},{\"@type\":\"BreadcrumbList\",\"@id\":\"https:\/\/www.sgrwin.com\/es\/telecomunicaciones\/#breadcrumb\",\"itemListElement\":[{\"@type\":\"ListItem\",\"position\":1,\"name\":\"SGRwin\",\"item\":\"https:\/\/www.sgrwin.com\/es\/\"},{\"@type\":\"ListItem\",\"position\":2,\"name\":\"Telecomunicaciones\"}]},{\"@type\":\"WebSite\",\"@id\":\"https:\/\/www.sgrwin.com\/es\/#website\",\"url\":\"https:\/\/www.sgrwin.com\/es\/\",\"name\":\"SGRwin\",\"description\":\"Network Management System for multi-vendor and multi-technology networks\",\"publisher\":{\"@id\":\"https:\/\/www.sgrwin.com\/es\/#organization\"},\"alternateName\":\"SGRwin\",\"potentialAction\":[{\"@type\":\"SearchAction\",\"target\":{\"@type\":\"EntryPoint\",\"urlTemplate\":\"https:\/\/www.sgrwin.com\/es\/?s={search_term_string}\"},\"query-input\":{\"@type\":\"PropertyValueSpecification\",\"valueRequired\":true,\"valueName\":\"search_term_string\"}}],\"inLanguage\":\"es\"},{\"@type\":\"Organization\",\"@id\":\"https:\/\/www.sgrwin.com\/es\/#organization\",\"name\":\"SGRwin\",\"alternateName\":\"SGRwin\",\"url\":\"https:\/\/www.sgrwin.com\/es\/\",\"logo\":{\"@type\":\"ImageObject\",\"inLanguage\":\"es\",\"@id\":\"https:\/\/www.sgrwin.com\/es\/#\/schema\/logo\/image\/\",\"url\":\"https:\/\/www.sgrwin.com\/wp-content\/uploads\/2024\/07\/logo_2.png\",\"contentUrl\":\"https:\/\/www.sgrwin.com\/wp-content\/uploads\/2024\/07\/logo_2.png\",\"width\":1667,\"height\":1667,\"caption\":\"SGRwin\"},\"image\":{\"@id\":\"https:\/\/www.sgrwin.com\/es\/#\/schema\/logo\/image\/\"},\"sameAs\":[\"https:\/\/www.linkedin.com\/showcase\/sgrwin\/\"]}]}<\/script>\n<!-- \/ Yoast SEO plugin. -->","yoast_head_json":{"title":"Telecomunicaciones - SGRwin","robots":{"index":"index","follow":"follow","max-snippet":"max-snippet:-1","max-image-preview":"max-image-preview:large","max-video-preview":"max-video-preview:-1"},"canonical":"https:\/\/www.sgrwin.com\/es\/telecomunicaciones\/","og_locale":"es_ES","og_type":"article","og_title":"Telecomunicaciones - SGRwin","og_description":"El sector de telecomunicaciones, ahora m\u00e1s que nunca, necesita administrar sus redes de forma eficiente, adem\u00e1s de ser capaces de enfrentar numerosos desaf\u00edos cr\u00edticos, tales como:&nbsp; SGRwin aporta una amplia...","og_url":"https:\/\/www.sgrwin.com\/es\/telecomunicaciones\/","og_site_name":"SGRwin","article_modified_time":"2024-05-08T08:04:14+00:00","twitter_card":"summary_large_image","twitter_misc":{"Tiempo de lectura":"1 minuto"},"schema":{"@context":"https:\/\/schema.org","@graph":[{"@type":"WebPage","@id":"https:\/\/www.sgrwin.com\/es\/telecomunicaciones\/","url":"https:\/\/www.sgrwin.com\/es\/telecomunicaciones\/","name":"Telecomunicaciones - SGRwin","isPartOf":{"@id":"https:\/\/www.sgrwin.com\/es\/#website"},"datePublished":"2022-10-19T09:37:50+00:00","dateModified":"2024-05-08T08:04:14+00:00","breadcrumb":{"@id":"https:\/\/www.sgrwin.com\/es\/telecomunicaciones\/#breadcrumb"},"inLanguage":"es","potentialAction":[{"@type":"ReadAction","target":["https:\/\/www.sgrwin.com\/es\/telecomunicaciones\/"]}]},{"@type":"BreadcrumbList","@id":"https:\/\/www.sgrwin.com\/es\/telecomunicaciones\/#breadcrumb","itemListElement":[{"@type":"ListItem","position":1,"name":"SGRwin","item":"https:\/\/www.sgrwin.com\/es\/"},{"@type":"ListItem","position":2,"name":"Telecomunicaciones"}]},{"@type":"WebSite","@id":"https:\/\/www.sgrwin.com\/es\/#website","url":"https:\/\/www.sgrwin.com\/es\/","name":"SGRwin","description":"Network Management System for multi-vendor and multi-technology networks","publisher":{"@id":"https:\/\/www.sgrwin.com\/es\/#organization"},"alternateName":"SGRwin","potentialAction":[{"@type":"SearchAction","target":{"@type":"EntryPoint","urlTemplate":"https:\/\/www.sgrwin.com\/es\/?s={search_term_string}"},"query-input":{"@type":"PropertyValueSpecification","valueRequired":true,"valueName":"search_term_string"}}],"inLanguage":"es"},{"@type":"Organization","@id":"https:\/\/www.sgrwin.com\/es\/#organization","name":"SGRwin","alternateName":"SGRwin","url":"https:\/\/www.sgrwin.com\/es\/","logo":{"@type":"ImageObject","inLanguage":"es","@id":"https:\/\/www.sgrwin.com\/es\/#\/schema\/logo\/image\/","url":"https:\/\/www.sgrwin.com\/wp-content\/uploads\/2024\/07\/logo_2.png","contentUrl":"https:\/\/www.sgrwin.com\/wp-content\/uploads\/2024\/07\/logo_2.png","width":1667,"height":1667,"caption":"SGRwin"},"image":{"@id":"https:\/\/www.sgrwin.com\/es\/#\/schema\/logo\/image\/"},"sameAs":["https:\/\/www.linkedin.com\/showcase\/sgrwin\/"]}]}},"_links":{"self":[{"href":"https:\/\/www.sgrwin.com\/es\/wp-json\/wp\/v2\/pages\/5822","targetHints":{"allow":["GET"]}}],"collection":[{"href":"https:\/\/www.sgrwin.com\/es\/wp-json\/wp\/v2\/pages"}],"about":[{"href":"https:\/\/www.sgrwin.com\/es\/wp-json\/wp\/v2\/types\/page"}],"author":[{"embeddable":true,"href":"https:\/\/www.sgrwin.com\/es\/wp-json\/wp\/v2\/users\/1"}],"replies":[{"embeddable":true,"href":"https:\/\/www.sgrwin.com\/es\/wp-json\/wp\/v2\/comments?post=5822"}],"version-history":[{"count":7,"href":"https:\/\/www.sgrwin.com\/es\/wp-json\/wp\/v2\/pages\/5822\/revisions"}],"predecessor-version":[{"id":9249,"href":"https:\/\/www.sgrwin.com\/es\/wp-json\/wp\/v2\/pages\/5822\/revisions\/9249"}],"wp:attachment":[{"href":"https:\/\/www.sgrwin.com\/es\/wp-json\/wp\/v2\/media?parent=5822"}],"curies":[{"name":"wp","href":"https:\/\/api.w.org\/{rel}","templated":true}]}}