{"id":4706,"date":"2022-05-10T16:13:10","date_gmt":"2022-05-10T14:13:10","guid":{"rendered":"https:\/\/www.sgrwin.com\/sgrwin-nms\/d-substation\/"},"modified":"2023-08-23T14:07:45","modified_gmt":"2023-08-23T12:07:45","slug":"d-substation","status":"publish","type":"page","link":"https:\/\/www.sgrwin.com\/es\/d-substation\/","title":{"rendered":"D-Substation"},"content":{"rendered":"\n<p class=\"pt-5\">Para gestionar su subestaci\u00f3n digital con \u00e9xito <strong>es esencial poder asegurar una comunicaci\u00f3n adecuada<\/strong> en todos los niveles. La comunicaci\u00f3n ha de fluir entre los diferentes elementos, tales como rel\u00e9s, interruptores y sistemas de control de subestaciones, entre otros. Adem\u00e1s, <strong>la interoperabilidad es un aspecto clave para garantizar el adecuado rendimiento entre dispositivos de diferentes fabricantes.<\/strong>&nbsp;<\/p>\n\n\n\n<p>Actualmente, nuestro equipo est\u00e1 trabajando en un <strong>nuevo m\u00f3dulo llamado D-Substation<\/strong>. Nuestro objetivo es brindarle una herramienta interoperable que facilite la completa visibilidad de la subestaci\u00f3n, as\u00ed como, la monitorizaci\u00f3n de los sistemas de automatizaci\u00f3n de las subestaciones, el rendimiento, los eventos y la seguridad.&nbsp;&nbsp;<\/p>\n\n\n\n<p>Cu\u00e9ntenos sus proyectos o los requerimientos, estaremos encantados de escucharle. Tambi\u00e9n puede solicitar una demo de nuestro m\u00f3dulo D-Substation <a href=\"https:\/\/www.sgrwin.com\/es\/contact\/\" target=\"_blank\" rel=\"noreferrer noopener\">clicando aqu\u00ed<\/a>.<\/p>\n\n\n\n<h2 class=\"wp-block-heading\">\u00bfQu\u00e9 le ofrece nuestro m\u00f3dulo D-Substation?&nbsp;<\/h2>\n\n\n\n<h3 class=\"wp-block-heading\">Protocolos gestionados<\/h3>\n\n\n\n<p>IEC 61850 (MMS, GOOSE, SV) 101, 104 y Modbus entre otros.&nbsp;<\/p>\n\n\n\n<h3 class=\"wp-block-heading\">Funcionalidades clave<\/h3>\n\n\n\n<ul class=\"wp-block-list\">\n<li>Monitorizaci\u00f3n e Inventario completos de la subestaci\u00f3n (mapas, alarmas, tr\u00e1fico, etc.).<\/li>\n\n\n\n<li>Visores de tr\u00e1fico y eventos en tiempo real.<\/li>\n\n\n\n<li>Monitorizaci\u00f3n global de las subestaciones.<\/li>\n\n\n\n<li>Edge Computing.<\/li>\n<\/ul>\n\n\n\n<h2 class=\"wp-block-heading\">\u00bfC\u00f3mo funciona D-Substation?&nbsp;<\/h2>\n\n\n\n<figure class=\"wp-block-image size-full\"><img loading=\"lazy\" decoding=\"async\" width=\"1920\" height=\"1080\" src=\"https:\/\/www.sgrwin.com\/wp-content\/uploads\/2022\/05\/IEC-6185-fondo.gif\" alt=\"\" class=\"wp-image-4703\"\/><\/figure>\n\n\n\n<h2 class=\"wp-block-heading\">\u00bfPor qu\u00e9 elegir nuestra soluci\u00f3n para monitorizar su subestaci\u00f3n digital?&nbsp;<\/h2>\n\n\n\n<ul class=\"wp-block-list\">\n<li>Configuraci\u00f3n m\u00e1s r\u00e1pida garantizando la escalabilidad.<\/li>\n\n\n\n<li>Mejora la visibilidad de las subestaciones y sus activos.<\/li>\n\n\n\n<li>Mayor interoperabilidad, modularidad, escalabilidad, estandarizaci\u00f3n y productividad.<\/li>\n\n\n\n<li>Mayor seguridad evitando accesos no autorizados.<\/li>\n<\/ul>\n","protected":false},"excerpt":{"rendered":"<p>Para gestionar su subestaci\u00f3n digital con \u00e9xito es esencial poder asegurar una comunicaci\u00f3n adecuada en todos los niveles. La comunicaci\u00f3n ha de fluir entre los diferentes elementos, tales como rel\u00e9s,&#8230;<\/p>\n","protected":false},"author":1,"featured_media":0,"parent":0,"menu_order":0,"comment_status":"closed","ping_status":"closed","template":"","meta":{"_acf_changed":false,"footnotes":""},"class_list":["post-4706","page","type-page","status-publish","hentry"],"acf":[],"yoast_head":"<!-- This site is optimized with the Yoast SEO plugin v26.9 - https:\/\/yoast.com\/product\/yoast-seo-wordpress\/ -->\n<title>D-Substation - SGRwin<\/title>\n<meta name=\"robots\" content=\"index, follow, max-snippet:-1, max-image-preview:large, max-video-preview:-1\" \/>\n<link rel=\"canonical\" href=\"https:\/\/www.sgrwin.com\/es\/d-substation\/\" \/>\n<meta property=\"og:locale\" content=\"es_ES\" \/>\n<meta property=\"og:type\" content=\"article\" \/>\n<meta property=\"og:title\" content=\"D-Substation - SGRwin\" \/>\n<meta property=\"og:description\" content=\"Para gestionar su subestaci\u00f3n digital con \u00e9xito es esencial poder asegurar una comunicaci\u00f3n adecuada en todos los niveles. La comunicaci\u00f3n ha de fluir entre los diferentes elementos, tales como rel\u00e9s,...\" \/>\n<meta property=\"og:url\" content=\"https:\/\/www.sgrwin.com\/es\/d-substation\/\" \/>\n<meta property=\"og:site_name\" content=\"SGRwin\" \/>\n<meta property=\"article:modified_time\" content=\"2023-08-23T12:07:45+00:00\" \/>\n<meta property=\"og:image\" content=\"https:\/\/www.sgrwin.com\/wp-content\/uploads\/2022\/05\/IEC-6185-fondo.gif\" \/>\n<meta name=\"twitter:card\" content=\"summary_large_image\" \/>\n<meta name=\"twitter:label1\" content=\"Tiempo de lectura\" \/>\n\t<meta name=\"twitter:data1\" content=\"2 minutos\" \/>\n<script type=\"application\/ld+json\" class=\"yoast-schema-graph\">{\"@context\":\"https:\/\/schema.org\",\"@graph\":[{\"@type\":\"WebPage\",\"@id\":\"https:\/\/www.sgrwin.com\/es\/d-substation\/\",\"url\":\"https:\/\/www.sgrwin.com\/es\/d-substation\/\",\"name\":\"D-Substation - SGRwin\",\"isPartOf\":{\"@id\":\"https:\/\/www.sgrwin.com\/es\/#website\"},\"primaryImageOfPage\":{\"@id\":\"https:\/\/www.sgrwin.com\/es\/d-substation\/#primaryimage\"},\"image\":{\"@id\":\"https:\/\/www.sgrwin.com\/es\/d-substation\/#primaryimage\"},\"thumbnailUrl\":\"https:\/\/www.sgrwin.com\/wp-content\/uploads\/2022\/05\/IEC-6185-fondo.gif\",\"datePublished\":\"2022-05-10T14:13:10+00:00\",\"dateModified\":\"2023-08-23T12:07:45+00:00\",\"breadcrumb\":{\"@id\":\"https:\/\/www.sgrwin.com\/es\/d-substation\/#breadcrumb\"},\"inLanguage\":\"es\",\"potentialAction\":[{\"@type\":\"ReadAction\",\"target\":[\"https:\/\/www.sgrwin.com\/es\/d-substation\/\"]}]},{\"@type\":\"ImageObject\",\"inLanguage\":\"es\",\"@id\":\"https:\/\/www.sgrwin.com\/es\/d-substation\/#primaryimage\",\"url\":\"https:\/\/www.sgrwin.com\/wp-content\/uploads\/2022\/05\/IEC-6185-fondo.gif\",\"contentUrl\":\"https:\/\/www.sgrwin.com\/wp-content\/uploads\/2022\/05\/IEC-6185-fondo.gif\"},{\"@type\":\"BreadcrumbList\",\"@id\":\"https:\/\/www.sgrwin.com\/es\/d-substation\/#breadcrumb\",\"itemListElement\":[{\"@type\":\"ListItem\",\"position\":1,\"name\":\"SGRwin\",\"item\":\"https:\/\/www.sgrwin.com\/es\/\"},{\"@type\":\"ListItem\",\"position\":2,\"name\":\"D-Substation\"}]},{\"@type\":\"WebSite\",\"@id\":\"https:\/\/www.sgrwin.com\/es\/#website\",\"url\":\"https:\/\/www.sgrwin.com\/es\/\",\"name\":\"SGRwin\",\"description\":\"Network Management System for multi-vendor and multi-technology networks\",\"publisher\":{\"@id\":\"https:\/\/www.sgrwin.com\/es\/#organization\"},\"alternateName\":\"SGRwin\",\"potentialAction\":[{\"@type\":\"SearchAction\",\"target\":{\"@type\":\"EntryPoint\",\"urlTemplate\":\"https:\/\/www.sgrwin.com\/es\/?s={search_term_string}\"},\"query-input\":{\"@type\":\"PropertyValueSpecification\",\"valueRequired\":true,\"valueName\":\"search_term_string\"}}],\"inLanguage\":\"es\"},{\"@type\":\"Organization\",\"@id\":\"https:\/\/www.sgrwin.com\/es\/#organization\",\"name\":\"SGRwin\",\"alternateName\":\"SGRwin\",\"url\":\"https:\/\/www.sgrwin.com\/es\/\",\"logo\":{\"@type\":\"ImageObject\",\"inLanguage\":\"es\",\"@id\":\"https:\/\/www.sgrwin.com\/es\/#\/schema\/logo\/image\/\",\"url\":\"https:\/\/www.sgrwin.com\/wp-content\/uploads\/2024\/07\/logo_2.png\",\"contentUrl\":\"https:\/\/www.sgrwin.com\/wp-content\/uploads\/2024\/07\/logo_2.png\",\"width\":1667,\"height\":1667,\"caption\":\"SGRwin\"},\"image\":{\"@id\":\"https:\/\/www.sgrwin.com\/es\/#\/schema\/logo\/image\/\"},\"sameAs\":[\"https:\/\/www.linkedin.com\/showcase\/sgrwin\/\"]}]}<\/script>\n<!-- \/ Yoast SEO plugin. -->","yoast_head_json":{"title":"D-Substation - SGRwin","robots":{"index":"index","follow":"follow","max-snippet":"max-snippet:-1","max-image-preview":"max-image-preview:large","max-video-preview":"max-video-preview:-1"},"canonical":"https:\/\/www.sgrwin.com\/es\/d-substation\/","og_locale":"es_ES","og_type":"article","og_title":"D-Substation - SGRwin","og_description":"Para gestionar su subestaci\u00f3n digital con \u00e9xito es esencial poder asegurar una comunicaci\u00f3n adecuada en todos los niveles. La comunicaci\u00f3n ha de fluir entre los diferentes elementos, tales como rel\u00e9s,...","og_url":"https:\/\/www.sgrwin.com\/es\/d-substation\/","og_site_name":"SGRwin","article_modified_time":"2023-08-23T12:07:45+00:00","og_image":[{"url":"https:\/\/www.sgrwin.com\/wp-content\/uploads\/2022\/05\/IEC-6185-fondo.gif","type":"","width":"","height":""}],"twitter_card":"summary_large_image","twitter_misc":{"Tiempo de lectura":"2 minutos"},"schema":{"@context":"https:\/\/schema.org","@graph":[{"@type":"WebPage","@id":"https:\/\/www.sgrwin.com\/es\/d-substation\/","url":"https:\/\/www.sgrwin.com\/es\/d-substation\/","name":"D-Substation - SGRwin","isPartOf":{"@id":"https:\/\/www.sgrwin.com\/es\/#website"},"primaryImageOfPage":{"@id":"https:\/\/www.sgrwin.com\/es\/d-substation\/#primaryimage"},"image":{"@id":"https:\/\/www.sgrwin.com\/es\/d-substation\/#primaryimage"},"thumbnailUrl":"https:\/\/www.sgrwin.com\/wp-content\/uploads\/2022\/05\/IEC-6185-fondo.gif","datePublished":"2022-05-10T14:13:10+00:00","dateModified":"2023-08-23T12:07:45+00:00","breadcrumb":{"@id":"https:\/\/www.sgrwin.com\/es\/d-substation\/#breadcrumb"},"inLanguage":"es","potentialAction":[{"@type":"ReadAction","target":["https:\/\/www.sgrwin.com\/es\/d-substation\/"]}]},{"@type":"ImageObject","inLanguage":"es","@id":"https:\/\/www.sgrwin.com\/es\/d-substation\/#primaryimage","url":"https:\/\/www.sgrwin.com\/wp-content\/uploads\/2022\/05\/IEC-6185-fondo.gif","contentUrl":"https:\/\/www.sgrwin.com\/wp-content\/uploads\/2022\/05\/IEC-6185-fondo.gif"},{"@type":"BreadcrumbList","@id":"https:\/\/www.sgrwin.com\/es\/d-substation\/#breadcrumb","itemListElement":[{"@type":"ListItem","position":1,"name":"SGRwin","item":"https:\/\/www.sgrwin.com\/es\/"},{"@type":"ListItem","position":2,"name":"D-Substation"}]},{"@type":"WebSite","@id":"https:\/\/www.sgrwin.com\/es\/#website","url":"https:\/\/www.sgrwin.com\/es\/","name":"SGRwin","description":"Network Management System for multi-vendor and multi-technology networks","publisher":{"@id":"https:\/\/www.sgrwin.com\/es\/#organization"},"alternateName":"SGRwin","potentialAction":[{"@type":"SearchAction","target":{"@type":"EntryPoint","urlTemplate":"https:\/\/www.sgrwin.com\/es\/?s={search_term_string}"},"query-input":{"@type":"PropertyValueSpecification","valueRequired":true,"valueName":"search_term_string"}}],"inLanguage":"es"},{"@type":"Organization","@id":"https:\/\/www.sgrwin.com\/es\/#organization","name":"SGRwin","alternateName":"SGRwin","url":"https:\/\/www.sgrwin.com\/es\/","logo":{"@type":"ImageObject","inLanguage":"es","@id":"https:\/\/www.sgrwin.com\/es\/#\/schema\/logo\/image\/","url":"https:\/\/www.sgrwin.com\/wp-content\/uploads\/2024\/07\/logo_2.png","contentUrl":"https:\/\/www.sgrwin.com\/wp-content\/uploads\/2024\/07\/logo_2.png","width":1667,"height":1667,"caption":"SGRwin"},"image":{"@id":"https:\/\/www.sgrwin.com\/es\/#\/schema\/logo\/image\/"},"sameAs":["https:\/\/www.linkedin.com\/showcase\/sgrwin\/"]}]}},"_links":{"self":[{"href":"https:\/\/www.sgrwin.com\/es\/wp-json\/wp\/v2\/pages\/4706","targetHints":{"allow":["GET"]}}],"collection":[{"href":"https:\/\/www.sgrwin.com\/es\/wp-json\/wp\/v2\/pages"}],"about":[{"href":"https:\/\/www.sgrwin.com\/es\/wp-json\/wp\/v2\/types\/page"}],"author":[{"embeddable":true,"href":"https:\/\/www.sgrwin.com\/es\/wp-json\/wp\/v2\/users\/1"}],"replies":[{"embeddable":true,"href":"https:\/\/www.sgrwin.com\/es\/wp-json\/wp\/v2\/comments?post=4706"}],"version-history":[{"count":5,"href":"https:\/\/www.sgrwin.com\/es\/wp-json\/wp\/v2\/pages\/4706\/revisions"}],"predecessor-version":[{"id":7877,"href":"https:\/\/www.sgrwin.com\/es\/wp-json\/wp\/v2\/pages\/4706\/revisions\/7877"}],"wp:attachment":[{"href":"https:\/\/www.sgrwin.com\/es\/wp-json\/wp\/v2\/media?parent=4706"}],"curies":[{"name":"wp","href":"https:\/\/api.w.org\/{rel}","templated":true}]}}