{"id":1457,"date":"2019-06-19T14:37:19","date_gmt":"2019-06-19T12:37:19","guid":{"rendered":"https:\/\/www.sgrwin.com\/legal-notice\/"},"modified":"2025-10-22T09:43:33","modified_gmt":"2025-10-22T07:43:33","slug":"legal-notice","status":"publish","type":"page","link":"https:\/\/www.sgrwin.com\/es\/legal-notice\/","title":{"rendered":"Aviso legal"},"content":{"rendered":"\n<p>En virtud del cumplimiento de la Ley 34\/2002, de 11 de Julio, de Servicios de la Sociedad de la Informaci\u00f3n y de Comercio Electr\u00f3nico, le informamos:<\/p>\n\n\n\n<h2 class=\"wp-block-heading\">1. Objeto<\/h2>\n\n\n\n<p><strong>Art. 10 LSSI<\/strong>: <a href=\"https:\/\/www.sgrwin.com\/\" target=\"_blank\" rel=\"noreferrer noopener\">www.sgrwin.com<\/a> es un dominio en internet de titularidad de <strong>CONSULTING INFORMATICO DE CANTABRIA, S.L.<\/strong>, con Domicilio Social en el Parque Cient\u00edfico y Tecnol\u00f3gico de Cantabria (PCTCAN). c\/Isabel Torres 3, 39011, Santander (Cantabria) y CIF B39361019. La empresa consta inscrita en el Registro Mercantil de Santander al tomo 565, folio 79, hoja n\u00ba S-6157, Inscripci\u00f3n 1\u00aa.<\/p>\n\n\n\n<p>\n  A efectos de este Aviso Legal, puedes \n  <a href=\"javascript:llamarLegal()\">llamarnos<\/a> o \n  <a href=\"javascript:mandaemailLegal()\">escribirnos<\/a> para cualquier consulta relacionada.\n<\/p>\n\n<script>\n  function llamarLegal() {\n    var prefijo = \"+34\";\n    var numero = \"942269017\";\n    location.href = \"tel:\" + prefijo + numero;\n  }\n\n  function mandaemailLegal() {\n    var usuario = \"arco\";\n    var dominio = \"cic.es\";\n    location.href = \"mailto:\" + usuario + \"@\" + dominio;\n  }\n<\/script>\n\n\n\n\n<p>Este Aviso Legal regula la utilizaci\u00f3n de dicho dominio.<\/p>\n\n\n\n<p>La utilizaci\u00f3n de este sitio web implica la aceptaci\u00f3n por parte del Usuario de las condiciones de uso incluidas en este Aviso como tambi\u00e9n nuestras pol\u00edticas sobre <a href=\"https:\/\/www.sgrwin.com\/wp-content\/uploads\/2023\/02\/PP_Politica-de-Privacidad_ES-EN.r01.pdf\">Pol\u00edtica de privacidad<\/a> y <a href=\"https:\/\/www.sgrwin.com\/es\/cookies-policy\/\" target=\"_blank\" rel=\"noreferrer noopener\">Pol\u00edtica de Cookies<\/a>. En el caso de que ciertos servicios contenidos y\/o herramientas ofrecidos a trav\u00e9s de este \u00abPortal\u00bb requirieran de la aplicaci\u00f3n condiciones particulares estas se pondr\u00e1n a disposici\u00f3n del Usuario.<\/p>\n\n\n\n<p>Por otra parte, <strong>CONSULTING INFORMATICO DE CANTABRIA, S.L.<\/strong> advierte que, tanto los contenidos y servicios de esta p\u00e1gina web como las propias condiciones de utilizaci\u00f3n, pueden ser modificados sin notificaci\u00f3n previa.<\/p>\n\n\n\n<h2 class=\"wp-block-heading\">2. Condiciones de utilizaci\u00f3n<\/h2>\n\n\n\n<p>El Usuario se compromete a que, en los apartados en que sea necesario que se registre para poder acceder a los mismos, facilitar datos veraces, exactos y completos sobre su identidad. Adem\u00e1s se compromete a mantener actualizados los datos personales que pudieran ser proporcionados a titular del dominio, por lo tanto, \u00fanico responsable de las falsedades o inexactitudes que realice.<\/p>\n\n\n\n<p>Se informa que en caso de ser menor de edad deber\u00e1 obtener el permiso de sus padres, tutores o representantes legales para poder acceder a los servicios prestados. <strong>CONSULTING INFORMATICO DE CANTABRIA, S.L.<\/strong> no se responsabiliza en el caso de que los datos sobre este tema sean inexactos o falsos.<\/p>\n\n\n\n<p>El \u00abPortal\u00bb s\u00f3lo puede ser utilizado con prop\u00f3sitos legales por tanto el usuario se obliga a hacer un uso l\u00edcito y honrado del \u00abPortal\u00bb y conforme a las presentes Condiciones Generales de Uso, a No utilizar los servicios del \u00abPortal\u00bb para la realizaci\u00f3n de actividades contrarias a las legislaci\u00f3n espa\u00f1ola, a la moral y al orden p\u00fablico, asumiendo por parte del usuario todas las responsabilidades de da\u00f1os y perjuicios frente al titular del dominio o terceros que pudieran derivarse de pr\u00e1cticas ilegales o no permitidas entres otras y a t\u00edtulo enunciativo y no limitativo:<\/p>\n\n\n\n<ul class=\"wp-block-list\">\n<li>Realizar sin previo consentimiento por parte del titular del dominio cualquier manipulaci\u00f3n o alteraci\u00f3n de esta p\u00e1gina, no asumiendo el titular del dominio ninguna responsabilidad que pudiera derivarse, de dicha manipulaci\u00f3n o alteraci\u00f3n por terceros<\/li>\n\n\n\n<li>Realizar cualquier acto que pueda da\u00f1ar, inutilizar, sobrecargar, o deteriorar el \u00abPortal\u00bb y los servicios y\/o impedir el normal uso y utilizaci\u00f3n por parte de los Usuarios<\/li>\n\n\n\n<li>Introducir y\/o Utilizar programas de ordenador, datos, archivos defectuosos, virus, c\u00f3digo malicioso, equipos inform\u00e1ticos o de telecomunicaciones o cualquier otro, independientemente de su naturaleza que pueda causar da\u00f1os en el \u00abPortal\u00bb, en cualquiera de los servicios, o en cualesquiera activos (f\u00edsicos o l\u00f3gicos) de los sistemas de informaci\u00f3n de titular del dominio<\/li>\n\n\n\n<li>Violar los derechos de terceros a la intimidad, la propia imagen, la protecci\u00f3n de datos al secreto en las comunicaciones, a la propiedad intelectual e industrial.<\/li>\n\n\n\n<li>Ocultar y falsear el origen de mensajes de correo electr\u00f3nico<\/li>\n\n\n\n<li>Utilizar identidades falsas, suplantar la identidad de otros en la utilizaci\u00f3n del \u00abPortal\u00bb o en la utilizaci\u00f3n de cualquiera de los servicios<\/li>\n\n\n\n<li>Reproducir, distribuir, modificar o copiar el contenido de esta p\u00e1gina, salvo que de disponga de la autorizaci\u00f3n del titular del dominio o est\u00e9 legalmente autorizado.<\/li>\n\n\n\n<li>Transmitir a terceros no autorizados los nombres de Usuario y las claves de acceso<\/li>\n<\/ul>\n\n\n\n<p><strong>CONSULTING INFORMATICO DE CANTABRIA, S.L.<\/strong> no responde de los Enlaces (LINKS) a otras p\u00e1ginas de Internet de terceros y su existencia no implica que <strong>CONSULTING INFORMATICO DE CANTABRIA, S.L.<\/strong> apruebe o acepte sus contenidos y servicios. Estas otras p\u00e1ginas web no est\u00e1n controladas por <strong>CONSULTING INFORMATICO DE CANTABRIA, S.L.<\/strong> ni cubiertas por la presente Pol\u00edtica de Protecci\u00f3n de Datos. Si accede a otras p\u00e1ginas web utilizando los Links proporcionados, los operadores de dichos sitios web podr\u00e1n recoger su informaci\u00f3n personal. Aseg\u00farese que est\u00e1 conforme con las Pol\u00edticas de Protecci\u00f3n de Datos de estas terceras p\u00e1ginas web antes de facilitar ning\u00fan tipo de informaci\u00f3n personal.<\/p>\n\n\n\n<p>Con car\u00e1cter general, el titular del dominio, excluye su responsabilidad por los da\u00f1os y perjuicios de cualquier naturaleza e \u00edndole que pudieran derivarse del uso del sitio web de, as\u00ed como a los da\u00f1os y perjuicios derivados de la infracci\u00f3n de los derechos de propiedad Intelectual e Industrial por parte de los usuarios y\/o la falta de veracidad, exactitud, y actualidad de los contenidos, ni le podr\u00e1n ser exigidas responsabilidades por la interrupci\u00f3n del servicio, inadecuado funcionamiento o imposibilidad de acceso al servicio.<\/p>\n\n\n\n<p>El titular del dominio no ser\u00e1 responsable por los da\u00f1os y perjuicios causados por la presencia de virus o cualquier otro software lesivo que pueda producir alteraciones en el sistema inform\u00e1tico del Usuario.<\/p>\n\n\n\n<p>El sitio web, incluyendo a t\u00edtulo enunciativo pero no limitativo, su programaci\u00f3n, dise\u00f1os, logotipos, texto y\/o gr\u00e1ficos son propiedad del prestador o en su caso dispone de licencia o autorizaci\u00f3n expresa por parte de los autores.<\/p>\n\n\n\n<p>Independientemente de la finalidad para la que fueran destinados, la reproducci\u00f3n total o parcial, uso, explotaci\u00f3n, distribuci\u00f3n y comercializaci\u00f3n, requiere en todo caso de la autorizaci\u00f3n escrita previa por parte del titular del dominio.<\/p>\n\n\n\n<p>El usuario se compromete a no realizar ning\u00fan acto en contra de los derechos de propiedad intelectual o industrial del autor.<\/p>\n\n\n\n<p>El prestador autoriza expresamente a que terceros puedan redirigir directamente a los contenidos concretos del sitio web, debiendo en todo caso redirigir al sitio web principal del prestador.<\/p>\n\n\n\n<h2 class=\"wp-block-heading\">3. Protecci\u00f3n de datos<\/h2>\n\n\n\n<p>Puede consultar nuestra pol\u00edtica sobre protecci\u00f3n de datos de car\u00e1cter personal en el siguiente apartado de&nbsp;<a href=\"https:\/\/www.sgrwin.com\/wp-content\/uploads\/2023\/02\/PP_Politica-de-Privacidad_ES-EN.r01.pdf\" target=\"_blank\" rel=\"noreferrer noopener\">Pol\u00edtica de privacidad<\/a>.<\/p>\n\n\n\n<h2 class=\"wp-block-heading\">4. Uso de cookies<\/h2>\n\n\n\n<p>Puede consultar nuestra pol\u00edtica de uso de cookies en el siguiente apartado de <a href=\"https:\/\/www.sgrwin.com\/es\/cookies-policy\/\" target=\"_blank\" rel=\"noreferrer noopener\">Pol\u00edtica de Cookies<\/a>.<\/p>\n\n\n\n<h2 class=\"wp-block-heading\">5. Legislaci\u00f3n aplicable<\/h2>\n\n\n\n<p>Las presentes Condiciones se regir\u00e1n en todo momento por lo dispuesto en la legislaci\u00f3n espa\u00f1ola.<\/p>\n","protected":false},"excerpt":{"rendered":"<p>En virtud del cumplimiento de la Ley 34\/2002, de 11 de Julio, de Servicios de la Sociedad de la Informaci\u00f3n y de Comercio Electr\u00f3nico, le informamos: 1. Objeto Art. 10&#8230;<\/p>\n","protected":false},"author":1,"featured_media":0,"parent":0,"menu_order":0,"comment_status":"closed","ping_status":"closed","template":"","meta":{"_acf_changed":false,"footnotes":""},"class_list":["post-1457","page","type-page","status-publish","hentry"],"acf":[],"yoast_head":"<!-- This site is optimized with the Yoast SEO plugin v26.9 - https:\/\/yoast.com\/product\/yoast-seo-wordpress\/ -->\n<title>Aviso legal - SGRwin<\/title>\n<meta name=\"robots\" content=\"index, follow, max-snippet:-1, max-image-preview:large, max-video-preview:-1\" \/>\n<link rel=\"canonical\" href=\"https:\/\/www.sgrwin.com\/es\/legal-notice\/\" \/>\n<meta property=\"og:locale\" content=\"es_ES\" \/>\n<meta property=\"og:type\" content=\"article\" \/>\n<meta property=\"og:title\" content=\"Aviso legal - SGRwin\" \/>\n<meta property=\"og:description\" content=\"En virtud del cumplimiento de la Ley 34\/2002, de 11 de Julio, de Servicios de la Sociedad de la Informaci\u00f3n y de Comercio Electr\u00f3nico, le informamos: 1. Objeto Art. 10...\" \/>\n<meta property=\"og:url\" content=\"https:\/\/www.sgrwin.com\/es\/legal-notice\/\" \/>\n<meta property=\"og:site_name\" content=\"SGRwin\" \/>\n<meta property=\"article:modified_time\" content=\"2025-10-22T07:43:33+00:00\" \/>\n<meta name=\"twitter:card\" content=\"summary_large_image\" \/>\n<meta name=\"twitter:label1\" content=\"Tiempo de lectura\" \/>\n\t<meta name=\"twitter:data1\" content=\"5 minutos\" \/>\n<script type=\"application\/ld+json\" class=\"yoast-schema-graph\">{\"@context\":\"https:\/\/schema.org\",\"@graph\":[{\"@type\":\"WebPage\",\"@id\":\"https:\/\/www.sgrwin.com\/es\/legal-notice\/\",\"url\":\"https:\/\/www.sgrwin.com\/es\/legal-notice\/\",\"name\":\"Aviso legal - SGRwin\",\"isPartOf\":{\"@id\":\"https:\/\/www.sgrwin.com\/es\/#website\"},\"datePublished\":\"2019-06-19T12:37:19+00:00\",\"dateModified\":\"2025-10-22T07:43:33+00:00\",\"breadcrumb\":{\"@id\":\"https:\/\/www.sgrwin.com\/es\/legal-notice\/#breadcrumb\"},\"inLanguage\":\"es\",\"potentialAction\":[{\"@type\":\"ReadAction\",\"target\":[\"https:\/\/www.sgrwin.com\/es\/legal-notice\/\"]}]},{\"@type\":\"BreadcrumbList\",\"@id\":\"https:\/\/www.sgrwin.com\/es\/legal-notice\/#breadcrumb\",\"itemListElement\":[{\"@type\":\"ListItem\",\"position\":1,\"name\":\"SGRwin\",\"item\":\"https:\/\/www.sgrwin.com\/es\/\"},{\"@type\":\"ListItem\",\"position\":2,\"name\":\"Aviso legal\"}]},{\"@type\":\"WebSite\",\"@id\":\"https:\/\/www.sgrwin.com\/es\/#website\",\"url\":\"https:\/\/www.sgrwin.com\/es\/\",\"name\":\"SGRwin\",\"description\":\"Network Management System for multi-vendor and multi-technology networks\",\"publisher\":{\"@id\":\"https:\/\/www.sgrwin.com\/es\/#organization\"},\"alternateName\":\"SGRwin\",\"potentialAction\":[{\"@type\":\"SearchAction\",\"target\":{\"@type\":\"EntryPoint\",\"urlTemplate\":\"https:\/\/www.sgrwin.com\/es\/?s={search_term_string}\"},\"query-input\":{\"@type\":\"PropertyValueSpecification\",\"valueRequired\":true,\"valueName\":\"search_term_string\"}}],\"inLanguage\":\"es\"},{\"@type\":\"Organization\",\"@id\":\"https:\/\/www.sgrwin.com\/es\/#organization\",\"name\":\"SGRwin\",\"alternateName\":\"SGRwin\",\"url\":\"https:\/\/www.sgrwin.com\/es\/\",\"logo\":{\"@type\":\"ImageObject\",\"inLanguage\":\"es\",\"@id\":\"https:\/\/www.sgrwin.com\/es\/#\/schema\/logo\/image\/\",\"url\":\"https:\/\/www.sgrwin.com\/wp-content\/uploads\/2024\/07\/logo_2.png\",\"contentUrl\":\"https:\/\/www.sgrwin.com\/wp-content\/uploads\/2024\/07\/logo_2.png\",\"width\":1667,\"height\":1667,\"caption\":\"SGRwin\"},\"image\":{\"@id\":\"https:\/\/www.sgrwin.com\/es\/#\/schema\/logo\/image\/\"},\"sameAs\":[\"https:\/\/www.linkedin.com\/showcase\/sgrwin\/\"]}]}<\/script>\n<!-- \/ Yoast SEO plugin. -->","yoast_head_json":{"title":"Aviso legal - SGRwin","robots":{"index":"index","follow":"follow","max-snippet":"max-snippet:-1","max-image-preview":"max-image-preview:large","max-video-preview":"max-video-preview:-1"},"canonical":"https:\/\/www.sgrwin.com\/es\/legal-notice\/","og_locale":"es_ES","og_type":"article","og_title":"Aviso legal - SGRwin","og_description":"En virtud del cumplimiento de la Ley 34\/2002, de 11 de Julio, de Servicios de la Sociedad de la Informaci\u00f3n y de Comercio Electr\u00f3nico, le informamos: 1. Objeto Art. 10...","og_url":"https:\/\/www.sgrwin.com\/es\/legal-notice\/","og_site_name":"SGRwin","article_modified_time":"2025-10-22T07:43:33+00:00","twitter_card":"summary_large_image","twitter_misc":{"Tiempo de lectura":"5 minutos"},"schema":{"@context":"https:\/\/schema.org","@graph":[{"@type":"WebPage","@id":"https:\/\/www.sgrwin.com\/es\/legal-notice\/","url":"https:\/\/www.sgrwin.com\/es\/legal-notice\/","name":"Aviso legal - SGRwin","isPartOf":{"@id":"https:\/\/www.sgrwin.com\/es\/#website"},"datePublished":"2019-06-19T12:37:19+00:00","dateModified":"2025-10-22T07:43:33+00:00","breadcrumb":{"@id":"https:\/\/www.sgrwin.com\/es\/legal-notice\/#breadcrumb"},"inLanguage":"es","potentialAction":[{"@type":"ReadAction","target":["https:\/\/www.sgrwin.com\/es\/legal-notice\/"]}]},{"@type":"BreadcrumbList","@id":"https:\/\/www.sgrwin.com\/es\/legal-notice\/#breadcrumb","itemListElement":[{"@type":"ListItem","position":1,"name":"SGRwin","item":"https:\/\/www.sgrwin.com\/es\/"},{"@type":"ListItem","position":2,"name":"Aviso legal"}]},{"@type":"WebSite","@id":"https:\/\/www.sgrwin.com\/es\/#website","url":"https:\/\/www.sgrwin.com\/es\/","name":"SGRwin","description":"Network Management System for multi-vendor and multi-technology networks","publisher":{"@id":"https:\/\/www.sgrwin.com\/es\/#organization"},"alternateName":"SGRwin","potentialAction":[{"@type":"SearchAction","target":{"@type":"EntryPoint","urlTemplate":"https:\/\/www.sgrwin.com\/es\/?s={search_term_string}"},"query-input":{"@type":"PropertyValueSpecification","valueRequired":true,"valueName":"search_term_string"}}],"inLanguage":"es"},{"@type":"Organization","@id":"https:\/\/www.sgrwin.com\/es\/#organization","name":"SGRwin","alternateName":"SGRwin","url":"https:\/\/www.sgrwin.com\/es\/","logo":{"@type":"ImageObject","inLanguage":"es","@id":"https:\/\/www.sgrwin.com\/es\/#\/schema\/logo\/image\/","url":"https:\/\/www.sgrwin.com\/wp-content\/uploads\/2024\/07\/logo_2.png","contentUrl":"https:\/\/www.sgrwin.com\/wp-content\/uploads\/2024\/07\/logo_2.png","width":1667,"height":1667,"caption":"SGRwin"},"image":{"@id":"https:\/\/www.sgrwin.com\/es\/#\/schema\/logo\/image\/"},"sameAs":["https:\/\/www.linkedin.com\/showcase\/sgrwin\/"]}]}},"_links":{"self":[{"href":"https:\/\/www.sgrwin.com\/es\/wp-json\/wp\/v2\/pages\/1457","targetHints":{"allow":["GET"]}}],"collection":[{"href":"https:\/\/www.sgrwin.com\/es\/wp-json\/wp\/v2\/pages"}],"about":[{"href":"https:\/\/www.sgrwin.com\/es\/wp-json\/wp\/v2\/types\/page"}],"author":[{"embeddable":true,"href":"https:\/\/www.sgrwin.com\/es\/wp-json\/wp\/v2\/users\/1"}],"replies":[{"embeddable":true,"href":"https:\/\/www.sgrwin.com\/es\/wp-json\/wp\/v2\/comments?post=1457"}],"version-history":[{"count":18,"href":"https:\/\/www.sgrwin.com\/es\/wp-json\/wp\/v2\/pages\/1457\/revisions"}],"predecessor-version":[{"id":11556,"href":"https:\/\/www.sgrwin.com\/es\/wp-json\/wp\/v2\/pages\/1457\/revisions\/11556"}],"wp:attachment":[{"href":"https:\/\/www.sgrwin.com\/es\/wp-json\/wp\/v2\/media?parent=1457"}],"curies":[{"name":"wp","href":"https:\/\/api.w.org\/{rel}","templated":true}]}}