{"id":1315,"date":"2019-06-24T13:41:44","date_gmt":"2019-06-24T11:41:44","guid":{"rendered":"https:\/\/www.sgrwin.com\/about-us\/"},"modified":"2026-02-02T17:33:25","modified_gmt":"2026-02-02T16:33:25","slug":"about-us","status":"publish","type":"page","link":"https:\/\/www.sgrwin.com\/es\/about-us\/","title":{"rendered":"Sobre nosotros"},"content":{"rendered":"\n<div style=\"height:20px\" aria-hidden=\"true\" class=\"wp-block-spacer\"><\/div>\n\n\n\n<div class=\"wp-block-group about-us p-4\"><div class=\"wp-block-group__inner-container is-layout-constrained wp-block-group-is-layout-constrained\">\n<p>SGRwin es una soluci\u00f3n de gesti\u00f3n de redes desarrollada por&nbsp;<a href=\"http:\/\/www.cic.es\/\" target=\"_blank\" rel=\"noreferrer noopener\"><strong>la empresa CIC<\/strong><\/a>,&nbsp;&nbsp;compa\u00f1\u00eda&nbsp;espa\u00f1ola de ingenier\u00eda y proyectos de TI.&nbsp;&nbsp;<\/p>\n\n\n\n<p>Se trata de la primera soluci\u00f3n creada por la compa\u00f1\u00eda en el a\u00f1o 1995.&nbsp;La soluci\u00f3n fue desarrollada con el prop\u00f3sito de simplificar la&nbsp;gesti\u00f3n&nbsp;de redes y las operaciones de monitorizaci\u00f3n&nbsp;en empresas de misi\u00f3n cr\u00edtica.&nbsp;En la actualidad, nuestro NMS est\u00e1 presente&nbsp;<strong>en m\u00e1s de 30 pa\u00edses con m\u00e1s de 1400 usuarios<\/strong>&nbsp;en todo el mundo.&nbsp;<\/p>\n\n\n\n<p>Nuestros clientes operan redes heterog\u00e9neas y de misi\u00f3n cr\u00edtica con miles de dispositivos y usuarios&nbsp;finales de servicios.&nbsp;El producto evoluciona continuamente para cumplir con los objetivos, el presupuesto y los requisitos t\u00e9cnicos de nuestros clientes.&nbsp;<\/p>\n\n\n\n<p>Ofrecemos una soluci\u00f3n de alta calidad y rentable a nuestros clientes en todo el mundo,&nbsp;ayud\u00e1ndoles a&nbsp;lograr sus objetivos y brindar mejores servicios a sus clientes&nbsp;finales.<\/p>\n<\/div><\/div>\n\n\n\n<div style=\"height:60px\" aria-hidden=\"true\" class=\"wp-block-spacer\"><\/div>\n\n\n\n<h2 class=\"wp-block-heading has-text-align-left\">Nuestra misi\u00f3n<\/h2>\n\n\n\n<figure class=\"wp-block-image size-full\"><img loading=\"lazy\" decoding=\"async\" width=\"1376\" height=\"311\" src=\"https:\/\/www.sgrwin.com\/wp-content\/uploads\/2023\/11\/about-us-es.png\" alt=\"\" class=\"wp-image-8442\" srcset=\"https:\/\/www.sgrwin.com\/wp-content\/uploads\/2023\/11\/about-us-es.png 1376w, https:\/\/www.sgrwin.com\/wp-content\/uploads\/2023\/11\/about-us-es-300x68.png 300w, https:\/\/www.sgrwin.com\/wp-content\/uploads\/2023\/11\/about-us-es-1024x231.png 1024w, https:\/\/www.sgrwin.com\/wp-content\/uploads\/2023\/11\/about-us-es-768x174.png 768w\" sizes=\"auto, (max-width: 1376px) 100vw, 1376px\" \/><\/figure>\n\n\n\n<div style=\"height:40px\" aria-hidden=\"true\" class=\"wp-block-spacer\"><\/div>\n\n\n\n<h2 class=\"wp-block-heading\">Comprometidos con la calidad<\/h2>\n\n\n\n<p>Nuestro af\u00e1n es brindar la&nbsp;<strong>m\u00e1xima calidad<\/strong>&nbsp;de los productos y servicios a nuestros clientes, el respeto por el&nbsp;<strong>medio ambiente<\/strong>&nbsp;y la&nbsp;<strong>seguridad de la informaci\u00f3n<\/strong>, por ello nos apoyamos en un sistema de gesti\u00f3n integrado.<\/p>\n\n\n\n<p>Adem\u00e1s, CIC ha sido&nbsp;<strong>acreditada por el Software Engineering Institute<\/strong>&nbsp;(SEI) de la Carnegie Mellon University en el proceso de acreditaci\u00f3n formal frente al Nivel 3 de madurez del modelo de CMMI.<\/p>\n\n\n\n<div style=\"height:40px\" aria-hidden=\"true\" class=\"wp-block-spacer\"><\/div>\n\n\n<div class=\"wp-block-image\">\n<figure class=\"aligncenter size-full\"><img loading=\"lazy\" decoding=\"async\" width=\"973\" height=\"163\" src=\"https:\/\/www.sgrwin.com\/wp-content\/uploads\/2026\/02\/2026_certificaciones_02-2.png\" alt=\"\" class=\"wp-image-12035\" srcset=\"https:\/\/www.sgrwin.com\/wp-content\/uploads\/2026\/02\/2026_certificaciones_02-2.png 973w, https:\/\/www.sgrwin.com\/wp-content\/uploads\/2026\/02\/2026_certificaciones_02-2-300x50.png 300w, https:\/\/www.sgrwin.com\/wp-content\/uploads\/2026\/02\/2026_certificaciones_02-2-768x129.png 768w\" sizes=\"auto, (max-width: 973px) 100vw, 973px\" \/><\/figure><\/div>","protected":false},"excerpt":{"rendered":"<p>SGRwin es una soluci\u00f3n de gesti\u00f3n de redes desarrollada por&nbsp;la empresa CIC,&nbsp;&nbsp;compa\u00f1\u00eda&nbsp;espa\u00f1ola de ingenier\u00eda y proyectos de TI.&nbsp;&nbsp; Se trata de la primera soluci\u00f3n creada por la compa\u00f1\u00eda en el&#8230;<\/p>\n","protected":false},"author":1,"featured_media":0,"parent":0,"menu_order":0,"comment_status":"closed","ping_status":"closed","template":"page-templates\/page-aboutus.php","meta":{"_acf_changed":false,"footnotes":""},"class_list":["post-1315","page","type-page","status-publish","hentry"],"acf":[],"yoast_head":"<!-- This site is optimized with the Yoast SEO plugin v26.9 - https:\/\/yoast.com\/product\/yoast-seo-wordpress\/ -->\n<title>Conoce nuestra historia - SGRwin software de gesti\u00f3n de redes cr\u00edticas<\/title>\n<meta name=\"description\" content=\"SGRwin- software de gesti\u00f3n de redes fundado por CIC hace m\u00e1s de 25 a\u00f1os con el objetivo de simplificar la gesti\u00f3n y monitorizaci\u00f3n de redes.\" \/>\n<meta name=\"robots\" content=\"index, follow, max-snippet:-1, max-image-preview:large, max-video-preview:-1\" \/>\n<link rel=\"canonical\" href=\"https:\/\/www.sgrwin.com\/es\/about-us\/\" \/>\n<meta property=\"og:locale\" content=\"es_ES\" \/>\n<meta property=\"og:type\" content=\"article\" \/>\n<meta property=\"og:title\" content=\"Conoce nuestra historia - SGRwin software de gesti\u00f3n de redes cr\u00edticas\" \/>\n<meta property=\"og:description\" content=\"SGRwin- software de gesti\u00f3n de redes fundado por CIC hace m\u00e1s de 25 a\u00f1os con el objetivo de simplificar la gesti\u00f3n y monitorizaci\u00f3n de redes.\" \/>\n<meta property=\"og:url\" content=\"https:\/\/www.sgrwin.com\/es\/about-us\/\" \/>\n<meta property=\"og:site_name\" content=\"SGRwin\" \/>\n<meta property=\"article:modified_time\" content=\"2026-02-02T16:33:25+00:00\" \/>\n<meta property=\"og:image\" content=\"https:\/\/www.sgrwin.com\/wp-content\/uploads\/2023\/11\/about-us-es.png\" \/>\n\t<meta property=\"og:image:width\" content=\"1376\" \/>\n\t<meta property=\"og:image:height\" content=\"311\" \/>\n\t<meta property=\"og:image:type\" content=\"image\/png\" \/>\n<meta name=\"twitter:card\" content=\"summary_large_image\" \/>\n<meta name=\"twitter:label1\" content=\"Tiempo de lectura\" \/>\n\t<meta name=\"twitter:data1\" content=\"2 minutos\" \/>\n<script type=\"application\/ld+json\" class=\"yoast-schema-graph\">{\"@context\":\"https:\/\/schema.org\",\"@graph\":[{\"@type\":\"WebPage\",\"@id\":\"https:\/\/www.sgrwin.com\/es\/about-us\/\",\"url\":\"https:\/\/www.sgrwin.com\/es\/about-us\/\",\"name\":\"Conoce nuestra historia - SGRwin software de gesti\u00f3n de redes cr\u00edticas\",\"isPartOf\":{\"@id\":\"https:\/\/www.sgrwin.com\/es\/#website\"},\"primaryImageOfPage\":{\"@id\":\"https:\/\/www.sgrwin.com\/es\/about-us\/#primaryimage\"},\"image\":{\"@id\":\"https:\/\/www.sgrwin.com\/es\/about-us\/#primaryimage\"},\"thumbnailUrl\":\"https:\/\/www.sgrwin.com\/wp-content\/uploads\/2023\/11\/about-us-es.png\",\"datePublished\":\"2019-06-24T11:41:44+00:00\",\"dateModified\":\"2026-02-02T16:33:25+00:00\",\"description\":\"SGRwin- software de gesti\u00f3n de redes fundado por CIC hace m\u00e1s de 25 a\u00f1os con el objetivo de simplificar la gesti\u00f3n y monitorizaci\u00f3n de redes.\",\"breadcrumb\":{\"@id\":\"https:\/\/www.sgrwin.com\/es\/about-us\/#breadcrumb\"},\"inLanguage\":\"es\",\"potentialAction\":[{\"@type\":\"ReadAction\",\"target\":[\"https:\/\/www.sgrwin.com\/es\/about-us\/\"]}]},{\"@type\":\"ImageObject\",\"inLanguage\":\"es\",\"@id\":\"https:\/\/www.sgrwin.com\/es\/about-us\/#primaryimage\",\"url\":\"https:\/\/www.sgrwin.com\/wp-content\/uploads\/2023\/11\/about-us-es.png\",\"contentUrl\":\"https:\/\/www.sgrwin.com\/wp-content\/uploads\/2023\/11\/about-us-es.png\"},{\"@type\":\"BreadcrumbList\",\"@id\":\"https:\/\/www.sgrwin.com\/es\/about-us\/#breadcrumb\",\"itemListElement\":[{\"@type\":\"ListItem\",\"position\":1,\"name\":\"SGRwin\",\"item\":\"https:\/\/www.sgrwin.com\/es\/\"},{\"@type\":\"ListItem\",\"position\":2,\"name\":\"Sobre nosotros\"}]},{\"@type\":\"WebSite\",\"@id\":\"https:\/\/www.sgrwin.com\/es\/#website\",\"url\":\"https:\/\/www.sgrwin.com\/es\/\",\"name\":\"SGRwin\",\"description\":\"Network Management System for multi-vendor and multi-technology networks\",\"publisher\":{\"@id\":\"https:\/\/www.sgrwin.com\/es\/#organization\"},\"alternateName\":\"SGRwin\",\"potentialAction\":[{\"@type\":\"SearchAction\",\"target\":{\"@type\":\"EntryPoint\",\"urlTemplate\":\"https:\/\/www.sgrwin.com\/es\/?s={search_term_string}\"},\"query-input\":{\"@type\":\"PropertyValueSpecification\",\"valueRequired\":true,\"valueName\":\"search_term_string\"}}],\"inLanguage\":\"es\"},{\"@type\":\"Organization\",\"@id\":\"https:\/\/www.sgrwin.com\/es\/#organization\",\"name\":\"SGRwin\",\"alternateName\":\"SGRwin\",\"url\":\"https:\/\/www.sgrwin.com\/es\/\",\"logo\":{\"@type\":\"ImageObject\",\"inLanguage\":\"es\",\"@id\":\"https:\/\/www.sgrwin.com\/es\/#\/schema\/logo\/image\/\",\"url\":\"https:\/\/www.sgrwin.com\/wp-content\/uploads\/2024\/07\/logo_2.png\",\"contentUrl\":\"https:\/\/www.sgrwin.com\/wp-content\/uploads\/2024\/07\/logo_2.png\",\"width\":1667,\"height\":1667,\"caption\":\"SGRwin\"},\"image\":{\"@id\":\"https:\/\/www.sgrwin.com\/es\/#\/schema\/logo\/image\/\"},\"sameAs\":[\"https:\/\/www.linkedin.com\/showcase\/sgrwin\/\"]}]}<\/script>\n<!-- \/ Yoast SEO plugin. -->","yoast_head_json":{"title":"Conoce nuestra historia - SGRwin software de gesti\u00f3n de redes cr\u00edticas","description":"SGRwin- software de gesti\u00f3n de redes fundado por CIC hace m\u00e1s de 25 a\u00f1os con el objetivo de simplificar la gesti\u00f3n y monitorizaci\u00f3n de redes.","robots":{"index":"index","follow":"follow","max-snippet":"max-snippet:-1","max-image-preview":"max-image-preview:large","max-video-preview":"max-video-preview:-1"},"canonical":"https:\/\/www.sgrwin.com\/es\/about-us\/","og_locale":"es_ES","og_type":"article","og_title":"Conoce nuestra historia - SGRwin software de gesti\u00f3n de redes cr\u00edticas","og_description":"SGRwin- software de gesti\u00f3n de redes fundado por CIC hace m\u00e1s de 25 a\u00f1os con el objetivo de simplificar la gesti\u00f3n y monitorizaci\u00f3n de redes.","og_url":"https:\/\/www.sgrwin.com\/es\/about-us\/","og_site_name":"SGRwin","article_modified_time":"2026-02-02T16:33:25+00:00","og_image":[{"width":1376,"height":311,"url":"https:\/\/www.sgrwin.com\/wp-content\/uploads\/2023\/11\/about-us-es.png","type":"image\/png"}],"twitter_card":"summary_large_image","twitter_misc":{"Tiempo de lectura":"2 minutos"},"schema":{"@context":"https:\/\/schema.org","@graph":[{"@type":"WebPage","@id":"https:\/\/www.sgrwin.com\/es\/about-us\/","url":"https:\/\/www.sgrwin.com\/es\/about-us\/","name":"Conoce nuestra historia - SGRwin software de gesti\u00f3n de redes cr\u00edticas","isPartOf":{"@id":"https:\/\/www.sgrwin.com\/es\/#website"},"primaryImageOfPage":{"@id":"https:\/\/www.sgrwin.com\/es\/about-us\/#primaryimage"},"image":{"@id":"https:\/\/www.sgrwin.com\/es\/about-us\/#primaryimage"},"thumbnailUrl":"https:\/\/www.sgrwin.com\/wp-content\/uploads\/2023\/11\/about-us-es.png","datePublished":"2019-06-24T11:41:44+00:00","dateModified":"2026-02-02T16:33:25+00:00","description":"SGRwin- software de gesti\u00f3n de redes fundado por CIC hace m\u00e1s de 25 a\u00f1os con el objetivo de simplificar la gesti\u00f3n y monitorizaci\u00f3n de redes.","breadcrumb":{"@id":"https:\/\/www.sgrwin.com\/es\/about-us\/#breadcrumb"},"inLanguage":"es","potentialAction":[{"@type":"ReadAction","target":["https:\/\/www.sgrwin.com\/es\/about-us\/"]}]},{"@type":"ImageObject","inLanguage":"es","@id":"https:\/\/www.sgrwin.com\/es\/about-us\/#primaryimage","url":"https:\/\/www.sgrwin.com\/wp-content\/uploads\/2023\/11\/about-us-es.png","contentUrl":"https:\/\/www.sgrwin.com\/wp-content\/uploads\/2023\/11\/about-us-es.png"},{"@type":"BreadcrumbList","@id":"https:\/\/www.sgrwin.com\/es\/about-us\/#breadcrumb","itemListElement":[{"@type":"ListItem","position":1,"name":"SGRwin","item":"https:\/\/www.sgrwin.com\/es\/"},{"@type":"ListItem","position":2,"name":"Sobre nosotros"}]},{"@type":"WebSite","@id":"https:\/\/www.sgrwin.com\/es\/#website","url":"https:\/\/www.sgrwin.com\/es\/","name":"SGRwin","description":"Network Management System for multi-vendor and multi-technology networks","publisher":{"@id":"https:\/\/www.sgrwin.com\/es\/#organization"},"alternateName":"SGRwin","potentialAction":[{"@type":"SearchAction","target":{"@type":"EntryPoint","urlTemplate":"https:\/\/www.sgrwin.com\/es\/?s={search_term_string}"},"query-input":{"@type":"PropertyValueSpecification","valueRequired":true,"valueName":"search_term_string"}}],"inLanguage":"es"},{"@type":"Organization","@id":"https:\/\/www.sgrwin.com\/es\/#organization","name":"SGRwin","alternateName":"SGRwin","url":"https:\/\/www.sgrwin.com\/es\/","logo":{"@type":"ImageObject","inLanguage":"es","@id":"https:\/\/www.sgrwin.com\/es\/#\/schema\/logo\/image\/","url":"https:\/\/www.sgrwin.com\/wp-content\/uploads\/2024\/07\/logo_2.png","contentUrl":"https:\/\/www.sgrwin.com\/wp-content\/uploads\/2024\/07\/logo_2.png","width":1667,"height":1667,"caption":"SGRwin"},"image":{"@id":"https:\/\/www.sgrwin.com\/es\/#\/schema\/logo\/image\/"},"sameAs":["https:\/\/www.linkedin.com\/showcase\/sgrwin\/"]}]}},"_links":{"self":[{"href":"https:\/\/www.sgrwin.com\/es\/wp-json\/wp\/v2\/pages\/1315","targetHints":{"allow":["GET"]}}],"collection":[{"href":"https:\/\/www.sgrwin.com\/es\/wp-json\/wp\/v2\/pages"}],"about":[{"href":"https:\/\/www.sgrwin.com\/es\/wp-json\/wp\/v2\/types\/page"}],"author":[{"embeddable":true,"href":"https:\/\/www.sgrwin.com\/es\/wp-json\/wp\/v2\/users\/1"}],"replies":[{"embeddable":true,"href":"https:\/\/www.sgrwin.com\/es\/wp-json\/wp\/v2\/comments?post=1315"}],"version-history":[{"count":36,"href":"https:\/\/www.sgrwin.com\/es\/wp-json\/wp\/v2\/pages\/1315\/revisions"}],"predecessor-version":[{"id":12037,"href":"https:\/\/www.sgrwin.com\/es\/wp-json\/wp\/v2\/pages\/1315\/revisions\/12037"}],"wp:attachment":[{"href":"https:\/\/www.sgrwin.com\/es\/wp-json\/wp\/v2\/media?parent=1315"}],"curies":[{"name":"wp","href":"https:\/\/api.w.org\/{rel}","templated":true}]}}