{"id":1307,"date":"2019-06-21T11:16:26","date_gmt":"2019-06-21T09:16:26","guid":{"rendered":"https:\/\/www.sgrwin.com\/training-services\/"},"modified":"2024-05-29T13:11:03","modified_gmt":"2024-05-29T11:11:03","slug":"training-services","status":"publish","type":"page","link":"https:\/\/www.sgrwin.com\/es\/training-services\/","title":{"rendered":"Training Services"},"content":{"rendered":"\n<div style=\"height:50px\" aria-hidden=\"true\" class=\"wp-block-spacer\"><\/div>\n\n\n\n<p>Aproveche nuestra variedad de programas de formaci\u00f3n especialmente dise\u00f1ados para usted. Encuentre la certificaci\u00f3n que se adapte a sus necesidades profesionales. Nuestro equipo de expertos le acompa\u00f1ar\u00e1 durante todas las etapas formativas.<\/p>\n\n\n\n<h2 class=\"wp-block-heading\">Oferta formativa de SGRwin<\/h2>\n\n\n\n<div style=\"height:50px\" aria-hidden=\"true\" class=\"wp-block-spacer\"><\/div>\n\n\n\n<div class=\"wp-block-columns are-vertically-aligned-top is-layout-flex wp-container-core-columns-is-layout-9d6595d7 wp-block-columns-is-layout-flex\">\n<div class=\"wp-block-column is-vertically-aligned-top box-training-certification p-4 is-layout-flow wp-block-column-is-layout-flow\"><div class=\"wp-block-image\">\n<figure class=\"aligncenter size-thumbnail\"><img loading=\"lazy\" decoding=\"async\" width=\"150\" height=\"150\" src=\"https:\/\/www.sgrwin.com\/wp-content\/uploads\/2023\/08\/icon_hex_training_open-150x150.png\" alt=\"\" class=\"wp-image-7633\"\/><\/figure><\/div>\n\n\n<h2 class=\"wp-block-heading has-text-align-left has-text-color\" style=\"color:#bacd13\"><strong>Abierto<\/strong><\/h2>\n\n\n\n<p class=\"has-text-align-left\">Certificaci\u00f3n libre<\/p>\n\n\n\n<p><strong>Seleccione la certificaci\u00f3n que mejor se ajuste a sus objetivos.<\/strong><\/p>\n\n\n\n<ul class=\"wp-block-list\">\n<li>Certificado de usuario.<\/li>\n\n\n\n<li>Certificado de administrador.<\/li>\n\n\n\n<li>Certificado de operador E2E.<\/li>\n\n\n\n<li>Certificado de especialista integrador de dispositivos.<\/li>\n\n\n\n<li>Certificado de especialista en integraci\u00f3n de servicios.<\/li>\n<\/ul>\n\n\n\n<div class=\"wp-block-columns is-layout-flex wp-container-core-columns-is-layout-9d6595d7 wp-block-columns-is-layout-flex\">\n<div class=\"wp-block-column is-layout-flow wp-block-column-is-layout-flow\" style=\"flex-basis:10%\">\n<svg xmlns=\"http:\/\/www.w3.org\/2000\/svg\" width=\"24\" height=\"24\" viewBox=\"0 0 24 24\" fill=\"none\" stroke=\"#bacd13\" stroke-width=\"2\" stroke-linecap=\"round\" stroke-linejoin=\"round\" class=\"feather feather-clock\"><circle cx=\"12\" cy=\"12\" r=\"10\"><\/circle><polyline points=\"12 6 12 12 16 14\"><\/polyline><\/svg>\n<\/div>\n\n\n\n<div class=\"wp-block-column is-layout-flow wp-block-column-is-layout-flow\" style=\"flex-basis:90%\">\n<p class=\"has-text-color\" style=\"color:#bacd13\"><strong>6 hrs x 2 d\u00edas<\/strong><\/p>\n<\/div>\n<\/div>\n\n\n\n<div class=\"wp-block-columns is-layout-flex wp-container-core-columns-is-layout-9d6595d7 wp-block-columns-is-layout-flex\">\n<div class=\"wp-block-column is-layout-flow wp-block-column-is-layout-flow\" style=\"flex-basis:10%\">\n<svg xmlns=\"http:\/\/www.w3.org\/2000\/svg\" width=\"24\" height=\"24\" viewBox=\"0 0 24 24\" fill=\"none\" stroke=\"#bacd13\" stroke-width=\"2\" stroke-linecap=\"round\" stroke-linejoin=\"round\" class=\"feather feather-monitor\"><rect x=\"2\" y=\"3\" width=\"20\" height=\"14\" rx=\"2\" ry=\"2\"><\/rect><line x1=\"8\" y1=\"21\" x2=\"16\" y2=\"21\"><\/line><line x1=\"12\" y1=\"17\" x2=\"12\" y2=\"21\"><\/line><\/svg>\n<\/div>\n\n\n\n<div class=\"wp-block-column is-layout-flow wp-block-column-is-layout-flow\" style=\"flex-basis:90%\">\n<p class=\"has-text-color\" style=\"color:#bacd13\"><strong>Online o presencial en las instalaciones de CIC<\/strong><\/p>\n<\/div>\n<\/div>\n\n\n\n<div class=\"wp-block-columns is-layout-flex wp-container-core-columns-is-layout-9d6595d7 wp-block-columns-is-layout-flex\">\n<div class=\"wp-block-column is-layout-flow wp-block-column-is-layout-flow\" style=\"flex-basis:10%\">\n<svg xmlns=\"http:\/\/www.w3.org\/2000\/svg\" width=\"24\" height=\"24\" viewBox=\"0 0 24 24\" fill=\"none\" stroke=\"#bacd13\" stroke-width=\"2\" stroke-linecap=\"round\" stroke-linejoin=\"round\" class=\"feather feather-users\"><path d=\"M17 21v-2a4 4 0 0 0-4-4H5a4 4 0 0 0-4 4v2\"><\/path><circle cx=\"9\" cy=\"7\" r=\"4\"><\/circle><path d=\"M23 21v-2a4 4 0 0 0-3-3.87\"><\/path><path d=\"M16 3.13a4 4 0 0 1 0 7.75\"><\/path><\/svg>\n<\/div>\n\n\n\n<div class=\"wp-block-column is-layout-flow wp-block-column-is-layout-flow\" style=\"flex-basis:90%\">\n<p class=\"has-text-color\" style=\"color:#bacd13\"><strong>Participantes: m\u00e1x. 5 personas<\/strong><\/p>\n<\/div>\n<\/div>\n<\/div>\n\n\n\n<div class=\"wp-block-column is-vertically-aligned-top box-training-package p-4 is-layout-flow wp-block-column-is-layout-flow\"><div class=\"wp-block-image\">\n<figure class=\"aligncenter size-thumbnail\"><img loading=\"lazy\" decoding=\"async\" width=\"150\" height=\"150\" src=\"https:\/\/www.sgrwin.com\/wp-content\/uploads\/2023\/08\/icon_hex_training_standard-150x150.png\" alt=\"\" class=\"wp-image-7635\"\/><\/figure><\/div>\n\n\n<h2 class=\"wp-block-heading has-text-align-left has-text-color\" style=\"color:#0090d3\"><strong>Est\u00e1ndar<\/strong><\/h2>\n\n\n\n<p class=\"has-text-align-left\">Programa de formaci\u00f3n<\/p>\n\n\n\n<p><strong>Aprenda y saque el m\u00e1ximo provecho de nuestra soluci\u00f3n.<\/strong><\/p>\n\n\n\n<ul class=\"wp-block-list\">\n<li>Certificado de usuario.<\/li>\n\n\n\n<li>Certificado de administrador.<\/li>\n<\/ul>\n\n\n\n<div class=\"wp-block-columns is-layout-flex wp-container-core-columns-is-layout-9d6595d7 wp-block-columns-is-layout-flex\">\n<div class=\"wp-block-column is-layout-flow wp-block-column-is-layout-flow\" style=\"flex-basis:10%\">\n<svg xmlns=\"http:\/\/www.w3.org\/2000\/svg\" width=\"24\" height=\"24\" viewBox=\"0 0 24 24\" fill=\"none\" stroke=\"#0090d3\" stroke-width=\"2\" stroke-linecap=\"round\" stroke-linejoin=\"round\" class=\"feather feather-clock\"><circle cx=\"12\" cy=\"12\" r=\"10\"><\/circle><polyline points=\"12 6 12 12 16 14\"><\/polyline><\/svg>\n<\/div>\n\n\n\n<div class=\"wp-block-column is-layout-flow wp-block-column-is-layout-flow\" style=\"flex-basis:90%\">\n<p class=\"has-text-color\" style=\"color:#0090d3\"><strong>6 hrs x 3 d\u00edas<\/strong><\/p>\n<\/div>\n<\/div>\n\n\n\n<div class=\"wp-block-columns is-layout-flex wp-container-core-columns-is-layout-9d6595d7 wp-block-columns-is-layout-flex\">\n<div class=\"wp-block-column is-layout-flow wp-block-column-is-layout-flow\" style=\"flex-basis:10%\">\n<svg xmlns=\"http:\/\/www.w3.org\/2000\/svg\" width=\"24\" height=\"24\" viewBox=\"0 0 24 24\" fill=\"none\" stroke=\"#0090d3\" stroke-width=\"2\" stroke-linecap=\"round\" stroke-linejoin=\"round\" class=\"feather feather-monitor\"><rect x=\"2\" y=\"3\" width=\"20\" height=\"14\" rx=\"2\" ry=\"2\"><\/rect><line x1=\"8\" y1=\"21\" x2=\"16\" y2=\"21\"><\/line><line x1=\"12\" y1=\"17\" x2=\"12\" y2=\"21\"><\/line><\/svg>\n<\/div>\n\n\n\n<div class=\"wp-block-column is-layout-flow wp-block-column-is-layout-flow\" style=\"flex-basis:90%\">\n<p class=\"has-text-color\" style=\"color:#0090d3\"><strong>Online o presencial en las instalaciones de CIC<\/strong><\/p>\n<\/div>\n<\/div>\n\n\n\n<div class=\"wp-block-columns is-layout-flex wp-container-core-columns-is-layout-9d6595d7 wp-block-columns-is-layout-flex\">\n<div class=\"wp-block-column is-layout-flow wp-block-column-is-layout-flow\" style=\"flex-basis:10%\">\n<svg xmlns=\"http:\/\/www.w3.org\/2000\/svg\" width=\"24\" height=\"24\" viewBox=\"0 0 24 24\" fill=\"none\" stroke=\"#0090d3\" stroke-width=\"2\" stroke-linecap=\"round\" stroke-linejoin=\"round\" class=\"feather feather-users\"><path d=\"M17 21v-2a4 4 0 0 0-4-4H5a4 4 0 0 0-4 4v2\"><\/path><circle cx=\"9\" cy=\"7\" r=\"4\"><\/circle><path d=\"M23 21v-2a4 4 0 0 0-3-3.87\"><\/path><path d=\"M16 3.13a4 4 0 0 1 0 7.75\"><\/path><\/svg>\n<\/div>\n\n\n\n<div class=\"wp-block-column is-layout-flow wp-block-column-is-layout-flow\" style=\"flex-basis:90%\">\n<p class=\"has-text-color\" style=\"color:#0090d3\"><strong>Participantes: m\u00e1x. 10 personas<\/strong><\/p>\n<\/div>\n<\/div>\n<\/div>\n\n\n\n<div class=\"wp-block-column is-vertically-aligned-top box-training-package p-4 is-layout-flow wp-block-column-is-layout-flow\"><div class=\"wp-block-image\">\n<figure class=\"aligncenter size-thumbnail\"><img loading=\"lazy\" decoding=\"async\" width=\"150\" height=\"150\" src=\"https:\/\/www.sgrwin.com\/wp-content\/uploads\/2023\/08\/icon_hex_training_standard-150x150.png\" alt=\"\" class=\"wp-image-7635\"\/><\/figure><\/div>\n\n\n<h2 class=\"wp-block-heading has-text-align-left has-text-color\" style=\"color:#0090d3\"><strong>Operador<\/strong><\/h2>\n\n\n\n<p class=\"has-text-align-left\">Programa de formaci\u00f3n<\/p>\n\n\n\n<p><strong>Convi\u00e9rtase en un experto en el manejo de nuestra soluci\u00f3n.<\/strong><\/p>\n\n\n\n<ul class=\"wp-block-list\">\n<li>Certificado de usuario.<\/li>\n\n\n\n<li>Certificado de administrador.<\/li>\n\n\n\n<li>Certificado de operador E2E.<\/li>\n<\/ul>\n\n\n\n<div class=\"wp-block-columns is-layout-flex wp-container-core-columns-is-layout-9d6595d7 wp-block-columns-is-layout-flex\">\n<div class=\"wp-block-column is-layout-flow wp-block-column-is-layout-flow\" style=\"flex-basis:10%\">\n<svg xmlns=\"http:\/\/www.w3.org\/2000\/svg\" width=\"24\" height=\"24\" viewBox=\"0 0 24 24\" fill=\"none\" stroke=\"#0090d3\" stroke-width=\"2\" stroke-linecap=\"round\" stroke-linejoin=\"round\" class=\"feather feather-clock\"><circle cx=\"12\" cy=\"12\" r=\"10\"><\/circle><polyline points=\"12 6 12 12 16 14\"><\/polyline><\/svg>\n<\/div>\n\n\n\n<div class=\"wp-block-column is-layout-flow wp-block-column-is-layout-flow\" style=\"flex-basis:90%\">\n<p class=\"has-text-color\" style=\"color:#0090d3\"><strong>6 hrs x 4 d\u00edas<\/strong><\/p>\n<\/div>\n<\/div>\n\n\n\n<div class=\"wp-block-columns is-layout-flex wp-container-core-columns-is-layout-9d6595d7 wp-block-columns-is-layout-flex\">\n<div class=\"wp-block-column is-layout-flow wp-block-column-is-layout-flow\" style=\"flex-basis:10%\">\n<svg xmlns=\"http:\/\/www.w3.org\/2000\/svg\" width=\"24\" height=\"24\" viewBox=\"0 0 24 24\" fill=\"none\" stroke=\"#0090d3\" stroke-width=\"2\" stroke-linecap=\"round\" stroke-linejoin=\"round\" class=\"feather feather-monitor\"><rect x=\"2\" y=\"3\" width=\"20\" height=\"14\" rx=\"2\" ry=\"2\"><\/rect><line x1=\"8\" y1=\"21\" x2=\"16\" y2=\"21\"><\/line><line x1=\"12\" y1=\"17\" x2=\"12\" y2=\"21\"><\/line><\/svg>\n<\/div>\n\n\n\n<div class=\"wp-block-column is-layout-flow wp-block-column-is-layout-flow\" style=\"flex-basis:90%\">\n<p class=\"has-text-color\" style=\"color:#0090d3\"><strong>Online o presencial en las instalaciones de CIC<\/strong><\/p>\n<\/div>\n<\/div>\n\n\n\n<div class=\"wp-block-columns is-layout-flex wp-container-core-columns-is-layout-9d6595d7 wp-block-columns-is-layout-flex\">\n<div class=\"wp-block-column is-layout-flow wp-block-column-is-layout-flow\" style=\"flex-basis:10%\">\n<svg xmlns=\"http:\/\/www.w3.org\/2000\/svg\" width=\"24\" height=\"24\" viewBox=\"0 0 24 24\" fill=\"none\" stroke=\"#0090d3\" stroke-width=\"2\" stroke-linecap=\"round\" stroke-linejoin=\"round\" class=\"feather feather-users\"><path d=\"M17 21v-2a4 4 0 0 0-4-4H5a4 4 0 0 0-4 4v2\"><\/path><circle cx=\"9\" cy=\"7\" r=\"4\"><\/circle><path d=\"M23 21v-2a4 4 0 0 0-3-3.87\"><\/path><path d=\"M16 3.13a4 4 0 0 1 0 7.75\"><\/path><\/svg>\n<\/div>\n\n\n\n<div class=\"wp-block-column is-layout-flow wp-block-column-is-layout-flow\" style=\"flex-basis:90%\">\n<p class=\"has-text-color\" style=\"color:#0090d3\"><strong><strong>Participantes: m\u00e1x. 10 personas<\/strong><\/strong><\/p>\n<\/div>\n<\/div>\n<\/div>\n\n\n\n<div class=\"wp-block-column is-vertically-aligned-top box-training-package p-4 is-layout-flow wp-block-column-is-layout-flow\"><div class=\"wp-block-image\">\n<figure class=\"aligncenter size-thumbnail\"><img loading=\"lazy\" decoding=\"async\" width=\"150\" height=\"150\" src=\"https:\/\/www.sgrwin.com\/wp-content\/uploads\/2023\/08\/icon_hex_training_standard-150x150.png\" alt=\"\" class=\"wp-image-7635\"\/><\/figure><\/div>\n\n\n<h2 class=\"wp-block-heading has-text-align-left has-text-color\" style=\"color:#0090d3\"><strong>Partner<\/strong><\/h2>\n\n\n\n<p class=\"has-text-align-left\">Programa de formaci\u00f3n<\/p>\n\n\n\n<p><strong>Adquiera la distinci\u00f3n de Integrador certificado.<\/strong><\/p>\n\n\n\n<ul class=\"wp-block-list\">\n<li>Certificado de usuario.<\/li>\n\n\n\n<li>Certificado de administrador.<\/li>\n\n\n\n<li>Certificado de especialista en integraci\u00f3n de servicios.<\/li>\n<\/ul>\n\n\n\n<div class=\"wp-block-columns is-layout-flex wp-container-core-columns-is-layout-9d6595d7 wp-block-columns-is-layout-flex\">\n<div class=\"wp-block-column is-layout-flow wp-block-column-is-layout-flow\" style=\"flex-basis:10%\">\n<svg xmlns=\"http:\/\/www.w3.org\/2000\/svg\" width=\"24\" height=\"24\" viewBox=\"0 0 24 24\" fill=\"none\" stroke=\"#0090d3\" stroke-width=\"2\" stroke-linecap=\"round\" stroke-linejoin=\"round\" class=\"feather feather-clock\"><circle cx=\"12\" cy=\"12\" r=\"10\"><\/circle><polyline points=\"12 6 12 12 16 14\"><\/polyline><\/svg>\n<\/div>\n\n\n\n<div class=\"wp-block-column is-layout-flow wp-block-column-is-layout-flow\" style=\"flex-basis:90%\">\n<p class=\"has-text-color\" style=\"color:#0090d3\"><strong>6 hrs x 5 d\u00edas<\/strong><\/p>\n<\/div>\n<\/div>\n\n\n\n<div class=\"wp-block-columns is-layout-flex wp-container-core-columns-is-layout-9d6595d7 wp-block-columns-is-layout-flex\">\n<div class=\"wp-block-column is-layout-flow wp-block-column-is-layout-flow\" style=\"flex-basis:10%\">\n<svg xmlns=\"http:\/\/www.w3.org\/2000\/svg\" width=\"24\" height=\"24\" viewBox=\"0 0 24 24\" fill=\"none\" stroke=\"#0090d3\" stroke-width=\"2\" stroke-linecap=\"round\" stroke-linejoin=\"round\" class=\"feather feather-monitor\"><rect x=\"2\" y=\"3\" width=\"20\" height=\"14\" rx=\"2\" ry=\"2\"><\/rect><line x1=\"8\" y1=\"21\" x2=\"16\" y2=\"21\"><\/line><line x1=\"12\" y1=\"17\" x2=\"12\" y2=\"21\"><\/line><\/svg>\n<\/div>\n\n\n\n<div class=\"wp-block-column is-layout-flow wp-block-column-is-layout-flow\" style=\"flex-basis:90%\">\n<p class=\"has-text-color\" style=\"color:#0090d3\"><strong>Online o presencial en las instalaciones de CIC<\/strong><\/p>\n<\/div>\n<\/div>\n\n\n\n<div class=\"wp-block-columns is-layout-flex wp-container-core-columns-is-layout-9d6595d7 wp-block-columns-is-layout-flex\">\n<div class=\"wp-block-column is-layout-flow wp-block-column-is-layout-flow\" style=\"flex-basis:10%\">\n<svg xmlns=\"http:\/\/www.w3.org\/2000\/svg\" width=\"24\" height=\"24\" viewBox=\"0 0 24 24\" fill=\"none\" stroke=\"#0090d3\" stroke-width=\"2\" stroke-linecap=\"round\" stroke-linejoin=\"round\" class=\"feather feather-users\"><path d=\"M17 21v-2a4 4 0 0 0-4-4H5a4 4 0 0 0-4 4v2\"><\/path><circle cx=\"9\" cy=\"7\" r=\"4\"><\/circle><path d=\"M23 21v-2a4 4 0 0 0-3-3.87\"><\/path><path d=\"M16 3.13a4 4 0 0 1 0 7.75\"><\/path><\/svg>\n<\/div>\n\n\n\n<div class=\"wp-block-column is-layout-flow wp-block-column-is-layout-flow\" style=\"flex-basis:90%\">\n<p class=\"has-text-color\" style=\"color:#0090d3\"><strong>Participantes: m\u00e1x. 10 personas<\/strong><\/p>\n<\/div>\n<\/div>\n<\/div>\n<\/div>\n","protected":false},"excerpt":{"rendered":"<p>Aproveche nuestra variedad de programas de formaci\u00f3n especialmente dise\u00f1ados para usted. Encuentre la certificaci\u00f3n que se adapte a sus necesidades profesionales. Nuestro equipo de expertos le acompa\u00f1ar\u00e1 durante todas las&#8230;<\/p>\n","protected":false},"author":1,"featured_media":0,"parent":0,"menu_order":0,"comment_status":"closed","ping_status":"closed","template":"","meta":{"_acf_changed":false,"footnotes":""},"class_list":["post-1307","page","type-page","status-publish","hentry"],"acf":[],"yoast_head":"<!-- This site is optimized with the Yoast SEO plugin v26.9 - https:\/\/yoast.com\/product\/yoast-seo-wordpress\/ -->\n<title>Training Services - Become a &quot;pro&quot; using our NMS<\/title>\n<meta name=\"description\" content=\"Learning to use SGRwin. System settings and user administration, network inventory, performance and operations.\" \/>\n<meta name=\"robots\" content=\"index, follow, max-snippet:-1, max-image-preview:large, max-video-preview:-1\" \/>\n<link rel=\"canonical\" href=\"https:\/\/www.sgrwin.com\/es\/training-services\/\" \/>\n<meta property=\"og:locale\" content=\"es_ES\" \/>\n<meta property=\"og:type\" content=\"article\" \/>\n<meta property=\"og:title\" content=\"Training Services - Become a &quot;pro&quot; using our NMS\" \/>\n<meta property=\"og:description\" content=\"Learning to use SGRwin. System settings and user administration, network inventory, performance and operations.\" \/>\n<meta property=\"og:url\" content=\"https:\/\/www.sgrwin.com\/es\/training-services\/\" \/>\n<meta property=\"og:site_name\" content=\"SGRwin\" \/>\n<meta property=\"article:modified_time\" content=\"2024-05-29T11:11:03+00:00\" \/>\n<meta property=\"og:image\" content=\"https:\/\/www.sgrwin.com\/wp-content\/uploads\/2023\/08\/icon_hex_training_open-150x150.png\" \/>\n<meta name=\"twitter:card\" content=\"summary_large_image\" \/>\n<meta name=\"twitter:label1\" content=\"Tiempo de lectura\" \/>\n\t<meta name=\"twitter:data1\" content=\"2 minutos\" \/>\n<script type=\"application\/ld+json\" class=\"yoast-schema-graph\">{\"@context\":\"https:\/\/schema.org\",\"@graph\":[{\"@type\":\"WebPage\",\"@id\":\"https:\/\/www.sgrwin.com\/es\/training-services\/\",\"url\":\"https:\/\/www.sgrwin.com\/es\/training-services\/\",\"name\":\"Training Services - Become a \\\"pro\\\" using our NMS\",\"isPartOf\":{\"@id\":\"https:\/\/www.sgrwin.com\/es\/#website\"},\"primaryImageOfPage\":{\"@id\":\"https:\/\/www.sgrwin.com\/es\/training-services\/#primaryimage\"},\"image\":{\"@id\":\"https:\/\/www.sgrwin.com\/es\/training-services\/#primaryimage\"},\"thumbnailUrl\":\"https:\/\/www.sgrwin.com\/wp-content\/uploads\/2023\/08\/icon_hex_training_open-150x150.png\",\"datePublished\":\"2019-06-21T09:16:26+00:00\",\"dateModified\":\"2024-05-29T11:11:03+00:00\",\"description\":\"Learning to use SGRwin. System settings and user administration, network inventory, performance and operations.\",\"breadcrumb\":{\"@id\":\"https:\/\/www.sgrwin.com\/es\/training-services\/#breadcrumb\"},\"inLanguage\":\"es\",\"potentialAction\":[{\"@type\":\"ReadAction\",\"target\":[\"https:\/\/www.sgrwin.com\/es\/training-services\/\"]}]},{\"@type\":\"ImageObject\",\"inLanguage\":\"es\",\"@id\":\"https:\/\/www.sgrwin.com\/es\/training-services\/#primaryimage\",\"url\":\"https:\/\/www.sgrwin.com\/wp-content\/uploads\/2023\/08\/icon_hex_training_open-150x150.png\",\"contentUrl\":\"https:\/\/www.sgrwin.com\/wp-content\/uploads\/2023\/08\/icon_hex_training_open-150x150.png\"},{\"@type\":\"BreadcrumbList\",\"@id\":\"https:\/\/www.sgrwin.com\/es\/training-services\/#breadcrumb\",\"itemListElement\":[{\"@type\":\"ListItem\",\"position\":1,\"name\":\"SGRwin\",\"item\":\"https:\/\/www.sgrwin.com\/es\/\"},{\"@type\":\"ListItem\",\"position\":2,\"name\":\"Training Services\"}]},{\"@type\":\"WebSite\",\"@id\":\"https:\/\/www.sgrwin.com\/es\/#website\",\"url\":\"https:\/\/www.sgrwin.com\/es\/\",\"name\":\"SGRwin\",\"description\":\"Network Management System for multi-vendor and multi-technology networks\",\"publisher\":{\"@id\":\"https:\/\/www.sgrwin.com\/es\/#organization\"},\"alternateName\":\"SGRwin\",\"potentialAction\":[{\"@type\":\"SearchAction\",\"target\":{\"@type\":\"EntryPoint\",\"urlTemplate\":\"https:\/\/www.sgrwin.com\/es\/?s={search_term_string}\"},\"query-input\":{\"@type\":\"PropertyValueSpecification\",\"valueRequired\":true,\"valueName\":\"search_term_string\"}}],\"inLanguage\":\"es\"},{\"@type\":\"Organization\",\"@id\":\"https:\/\/www.sgrwin.com\/es\/#organization\",\"name\":\"SGRwin\",\"alternateName\":\"SGRwin\",\"url\":\"https:\/\/www.sgrwin.com\/es\/\",\"logo\":{\"@type\":\"ImageObject\",\"inLanguage\":\"es\",\"@id\":\"https:\/\/www.sgrwin.com\/es\/#\/schema\/logo\/image\/\",\"url\":\"https:\/\/www.sgrwin.com\/wp-content\/uploads\/2024\/07\/logo_2.png\",\"contentUrl\":\"https:\/\/www.sgrwin.com\/wp-content\/uploads\/2024\/07\/logo_2.png\",\"width\":1667,\"height\":1667,\"caption\":\"SGRwin\"},\"image\":{\"@id\":\"https:\/\/www.sgrwin.com\/es\/#\/schema\/logo\/image\/\"},\"sameAs\":[\"https:\/\/www.linkedin.com\/showcase\/sgrwin\/\"]}]}<\/script>\n<!-- \/ Yoast SEO plugin. -->","yoast_head_json":{"title":"Training Services - Become a \"pro\" using our NMS","description":"Learning to use SGRwin. System settings and user administration, network inventory, performance and operations.","robots":{"index":"index","follow":"follow","max-snippet":"max-snippet:-1","max-image-preview":"max-image-preview:large","max-video-preview":"max-video-preview:-1"},"canonical":"https:\/\/www.sgrwin.com\/es\/training-services\/","og_locale":"es_ES","og_type":"article","og_title":"Training Services - Become a \"pro\" using our NMS","og_description":"Learning to use SGRwin. System settings and user administration, network inventory, performance and operations.","og_url":"https:\/\/www.sgrwin.com\/es\/training-services\/","og_site_name":"SGRwin","article_modified_time":"2024-05-29T11:11:03+00:00","og_image":[{"url":"https:\/\/www.sgrwin.com\/wp-content\/uploads\/2023\/08\/icon_hex_training_open-150x150.png","type":"","width":"","height":""}],"twitter_card":"summary_large_image","twitter_misc":{"Tiempo de lectura":"2 minutos"},"schema":{"@context":"https:\/\/schema.org","@graph":[{"@type":"WebPage","@id":"https:\/\/www.sgrwin.com\/es\/training-services\/","url":"https:\/\/www.sgrwin.com\/es\/training-services\/","name":"Training Services - Become a \"pro\" using our NMS","isPartOf":{"@id":"https:\/\/www.sgrwin.com\/es\/#website"},"primaryImageOfPage":{"@id":"https:\/\/www.sgrwin.com\/es\/training-services\/#primaryimage"},"image":{"@id":"https:\/\/www.sgrwin.com\/es\/training-services\/#primaryimage"},"thumbnailUrl":"https:\/\/www.sgrwin.com\/wp-content\/uploads\/2023\/08\/icon_hex_training_open-150x150.png","datePublished":"2019-06-21T09:16:26+00:00","dateModified":"2024-05-29T11:11:03+00:00","description":"Learning to use SGRwin. System settings and user administration, network inventory, performance and operations.","breadcrumb":{"@id":"https:\/\/www.sgrwin.com\/es\/training-services\/#breadcrumb"},"inLanguage":"es","potentialAction":[{"@type":"ReadAction","target":["https:\/\/www.sgrwin.com\/es\/training-services\/"]}]},{"@type":"ImageObject","inLanguage":"es","@id":"https:\/\/www.sgrwin.com\/es\/training-services\/#primaryimage","url":"https:\/\/www.sgrwin.com\/wp-content\/uploads\/2023\/08\/icon_hex_training_open-150x150.png","contentUrl":"https:\/\/www.sgrwin.com\/wp-content\/uploads\/2023\/08\/icon_hex_training_open-150x150.png"},{"@type":"BreadcrumbList","@id":"https:\/\/www.sgrwin.com\/es\/training-services\/#breadcrumb","itemListElement":[{"@type":"ListItem","position":1,"name":"SGRwin","item":"https:\/\/www.sgrwin.com\/es\/"},{"@type":"ListItem","position":2,"name":"Training Services"}]},{"@type":"WebSite","@id":"https:\/\/www.sgrwin.com\/es\/#website","url":"https:\/\/www.sgrwin.com\/es\/","name":"SGRwin","description":"Network Management System for multi-vendor and multi-technology networks","publisher":{"@id":"https:\/\/www.sgrwin.com\/es\/#organization"},"alternateName":"SGRwin","potentialAction":[{"@type":"SearchAction","target":{"@type":"EntryPoint","urlTemplate":"https:\/\/www.sgrwin.com\/es\/?s={search_term_string}"},"query-input":{"@type":"PropertyValueSpecification","valueRequired":true,"valueName":"search_term_string"}}],"inLanguage":"es"},{"@type":"Organization","@id":"https:\/\/www.sgrwin.com\/es\/#organization","name":"SGRwin","alternateName":"SGRwin","url":"https:\/\/www.sgrwin.com\/es\/","logo":{"@type":"ImageObject","inLanguage":"es","@id":"https:\/\/www.sgrwin.com\/es\/#\/schema\/logo\/image\/","url":"https:\/\/www.sgrwin.com\/wp-content\/uploads\/2024\/07\/logo_2.png","contentUrl":"https:\/\/www.sgrwin.com\/wp-content\/uploads\/2024\/07\/logo_2.png","width":1667,"height":1667,"caption":"SGRwin"},"image":{"@id":"https:\/\/www.sgrwin.com\/es\/#\/schema\/logo\/image\/"},"sameAs":["https:\/\/www.linkedin.com\/showcase\/sgrwin\/"]}]}},"_links":{"self":[{"href":"https:\/\/www.sgrwin.com\/es\/wp-json\/wp\/v2\/pages\/1307","targetHints":{"allow":["GET"]}}],"collection":[{"href":"https:\/\/www.sgrwin.com\/es\/wp-json\/wp\/v2\/pages"}],"about":[{"href":"https:\/\/www.sgrwin.com\/es\/wp-json\/wp\/v2\/types\/page"}],"author":[{"embeddable":true,"href":"https:\/\/www.sgrwin.com\/es\/wp-json\/wp\/v2\/users\/1"}],"replies":[{"embeddable":true,"href":"https:\/\/www.sgrwin.com\/es\/wp-json\/wp\/v2\/comments?post=1307"}],"version-history":[{"count":76,"href":"https:\/\/www.sgrwin.com\/es\/wp-json\/wp\/v2\/pages\/1307\/revisions"}],"predecessor-version":[{"id":9510,"href":"https:\/\/www.sgrwin.com\/es\/wp-json\/wp\/v2\/pages\/1307\/revisions\/9510"}],"wp:attachment":[{"href":"https:\/\/www.sgrwin.com\/es\/wp-json\/wp\/v2\/media?parent=1307"}],"curies":[{"name":"wp","href":"https:\/\/api.w.org\/{rel}","templated":true}]}}