{"id":1303,"date":"2019-09-23T14:38:01","date_gmt":"2019-09-23T12:38:01","guid":{"rendered":"https:\/\/www.sgrwin.com\/contact\/"},"modified":"2021-03-26T14:45:10","modified_gmt":"2021-03-26T13:45:10","slug":"contact","status":"publish","type":"page","link":"https:\/\/www.sgrwin.com\/es\/contact\/","title":{"rendered":"Cont\u00e1ctenos"},"content":{"rendered":"","protected":false},"excerpt":{"rendered":"","protected":false},"author":1,"featured_media":0,"parent":0,"menu_order":0,"comment_status":"closed","ping_status":"closed","template":"page-templates\/page-contacto.php","meta":{"_acf_changed":false,"footnotes":""},"class_list":["post-1303","page","type-page","status-publish","hentry"],"acf":[],"yoast_head":"<!-- This site is optimized with the Yoast SEO plugin v26.9 - https:\/\/yoast.com\/product\/yoast-seo-wordpress\/ -->\n<title>Cont\u00e1ctenos - SGRwin - Nuestros datos de contacto<\/title>\n<meta name=\"description\" content=\"P\u00f3ngase en contacto con el equipo de SGRwin para sus consultas. Nuestro equipo de expertos est\u00e1 a su disposici\u00f3n para ayudarle.\" \/>\n<meta name=\"robots\" content=\"index, follow, max-snippet:-1, max-image-preview:large, max-video-preview:-1\" \/>\n<link rel=\"canonical\" href=\"https:\/\/www.sgrwin.com\/es\/contact\/\" \/>\n<meta property=\"og:locale\" content=\"es_ES\" \/>\n<meta property=\"og:type\" content=\"article\" \/>\n<meta property=\"og:title\" content=\"Cont\u00e1ctenos - SGRwin - Nuestros datos de contacto\" \/>\n<meta property=\"og:description\" content=\"P\u00f3ngase en contacto con el equipo de SGRwin para sus consultas. Nuestro equipo de expertos est\u00e1 a su disposici\u00f3n para ayudarle.\" \/>\n<meta property=\"og:url\" content=\"https:\/\/www.sgrwin.com\/es\/contact\/\" \/>\n<meta property=\"og:site_name\" content=\"SGRwin\" \/>\n<meta property=\"article:modified_time\" content=\"2021-03-26T13:45:10+00:00\" \/>\n<meta name=\"twitter:card\" content=\"summary_large_image\" \/>\n<script type=\"application\/ld+json\" class=\"yoast-schema-graph\">{\"@context\":\"https:\/\/schema.org\",\"@graph\":[{\"@type\":\"WebPage\",\"@id\":\"https:\/\/www.sgrwin.com\/es\/contact\/\",\"url\":\"https:\/\/www.sgrwin.com\/es\/contact\/\",\"name\":\"Cont\u00e1ctenos - SGRwin - Nuestros datos de contacto\",\"isPartOf\":{\"@id\":\"https:\/\/www.sgrwin.com\/es\/#website\"},\"datePublished\":\"2019-09-23T12:38:01+00:00\",\"dateModified\":\"2021-03-26T13:45:10+00:00\",\"description\":\"P\u00f3ngase en contacto con el equipo de SGRwin para sus consultas. Nuestro equipo de expertos est\u00e1 a su disposici\u00f3n para ayudarle.\",\"breadcrumb\":{\"@id\":\"https:\/\/www.sgrwin.com\/es\/contact\/#breadcrumb\"},\"inLanguage\":\"es\",\"potentialAction\":[{\"@type\":\"ReadAction\",\"target\":[\"https:\/\/www.sgrwin.com\/es\/contact\/\"]}]},{\"@type\":\"BreadcrumbList\",\"@id\":\"https:\/\/www.sgrwin.com\/es\/contact\/#breadcrumb\",\"itemListElement\":[{\"@type\":\"ListItem\",\"position\":1,\"name\":\"SGRwin\",\"item\":\"https:\/\/www.sgrwin.com\/es\/\"},{\"@type\":\"ListItem\",\"position\":2,\"name\":\"Cont\u00e1ctenos\"}]},{\"@type\":\"WebSite\",\"@id\":\"https:\/\/www.sgrwin.com\/es\/#website\",\"url\":\"https:\/\/www.sgrwin.com\/es\/\",\"name\":\"SGRwin\",\"description\":\"Network Management System for multi-vendor and multi-technology networks\",\"publisher\":{\"@id\":\"https:\/\/www.sgrwin.com\/es\/#organization\"},\"alternateName\":\"SGRwin\",\"potentialAction\":[{\"@type\":\"SearchAction\",\"target\":{\"@type\":\"EntryPoint\",\"urlTemplate\":\"https:\/\/www.sgrwin.com\/es\/?s={search_term_string}\"},\"query-input\":{\"@type\":\"PropertyValueSpecification\",\"valueRequired\":true,\"valueName\":\"search_term_string\"}}],\"inLanguage\":\"es\"},{\"@type\":\"Organization\",\"@id\":\"https:\/\/www.sgrwin.com\/es\/#organization\",\"name\":\"SGRwin\",\"alternateName\":\"SGRwin\",\"url\":\"https:\/\/www.sgrwin.com\/es\/\",\"logo\":{\"@type\":\"ImageObject\",\"inLanguage\":\"es\",\"@id\":\"https:\/\/www.sgrwin.com\/es\/#\/schema\/logo\/image\/\",\"url\":\"https:\/\/www.sgrwin.com\/wp-content\/uploads\/2024\/07\/logo_2.png\",\"contentUrl\":\"https:\/\/www.sgrwin.com\/wp-content\/uploads\/2024\/07\/logo_2.png\",\"width\":1667,\"height\":1667,\"caption\":\"SGRwin\"},\"image\":{\"@id\":\"https:\/\/www.sgrwin.com\/es\/#\/schema\/logo\/image\/\"},\"sameAs\":[\"https:\/\/www.linkedin.com\/showcase\/sgrwin\/\"]}]}<\/script>\n<!-- \/ Yoast SEO plugin. -->","yoast_head_json":{"title":"Cont\u00e1ctenos - SGRwin - Nuestros datos de contacto","description":"P\u00f3ngase en contacto con el equipo de SGRwin para sus consultas. Nuestro equipo de expertos est\u00e1 a su disposici\u00f3n para ayudarle.","robots":{"index":"index","follow":"follow","max-snippet":"max-snippet:-1","max-image-preview":"max-image-preview:large","max-video-preview":"max-video-preview:-1"},"canonical":"https:\/\/www.sgrwin.com\/es\/contact\/","og_locale":"es_ES","og_type":"article","og_title":"Cont\u00e1ctenos - SGRwin - Nuestros datos de contacto","og_description":"P\u00f3ngase en contacto con el equipo de SGRwin para sus consultas. Nuestro equipo de expertos est\u00e1 a su disposici\u00f3n para ayudarle.","og_url":"https:\/\/www.sgrwin.com\/es\/contact\/","og_site_name":"SGRwin","article_modified_time":"2021-03-26T13:45:10+00:00","twitter_card":"summary_large_image","schema":{"@context":"https:\/\/schema.org","@graph":[{"@type":"WebPage","@id":"https:\/\/www.sgrwin.com\/es\/contact\/","url":"https:\/\/www.sgrwin.com\/es\/contact\/","name":"Cont\u00e1ctenos - SGRwin - Nuestros datos de contacto","isPartOf":{"@id":"https:\/\/www.sgrwin.com\/es\/#website"},"datePublished":"2019-09-23T12:38:01+00:00","dateModified":"2021-03-26T13:45:10+00:00","description":"P\u00f3ngase en contacto con el equipo de SGRwin para sus consultas. Nuestro equipo de expertos est\u00e1 a su disposici\u00f3n para ayudarle.","breadcrumb":{"@id":"https:\/\/www.sgrwin.com\/es\/contact\/#breadcrumb"},"inLanguage":"es","potentialAction":[{"@type":"ReadAction","target":["https:\/\/www.sgrwin.com\/es\/contact\/"]}]},{"@type":"BreadcrumbList","@id":"https:\/\/www.sgrwin.com\/es\/contact\/#breadcrumb","itemListElement":[{"@type":"ListItem","position":1,"name":"SGRwin","item":"https:\/\/www.sgrwin.com\/es\/"},{"@type":"ListItem","position":2,"name":"Cont\u00e1ctenos"}]},{"@type":"WebSite","@id":"https:\/\/www.sgrwin.com\/es\/#website","url":"https:\/\/www.sgrwin.com\/es\/","name":"SGRwin","description":"Network Management System for multi-vendor and multi-technology networks","publisher":{"@id":"https:\/\/www.sgrwin.com\/es\/#organization"},"alternateName":"SGRwin","potentialAction":[{"@type":"SearchAction","target":{"@type":"EntryPoint","urlTemplate":"https:\/\/www.sgrwin.com\/es\/?s={search_term_string}"},"query-input":{"@type":"PropertyValueSpecification","valueRequired":true,"valueName":"search_term_string"}}],"inLanguage":"es"},{"@type":"Organization","@id":"https:\/\/www.sgrwin.com\/es\/#organization","name":"SGRwin","alternateName":"SGRwin","url":"https:\/\/www.sgrwin.com\/es\/","logo":{"@type":"ImageObject","inLanguage":"es","@id":"https:\/\/www.sgrwin.com\/es\/#\/schema\/logo\/image\/","url":"https:\/\/www.sgrwin.com\/wp-content\/uploads\/2024\/07\/logo_2.png","contentUrl":"https:\/\/www.sgrwin.com\/wp-content\/uploads\/2024\/07\/logo_2.png","width":1667,"height":1667,"caption":"SGRwin"},"image":{"@id":"https:\/\/www.sgrwin.com\/es\/#\/schema\/logo\/image\/"},"sameAs":["https:\/\/www.linkedin.com\/showcase\/sgrwin\/"]}]}},"_links":{"self":[{"href":"https:\/\/www.sgrwin.com\/es\/wp-json\/wp\/v2\/pages\/1303","targetHints":{"allow":["GET"]}}],"collection":[{"href":"https:\/\/www.sgrwin.com\/es\/wp-json\/wp\/v2\/pages"}],"about":[{"href":"https:\/\/www.sgrwin.com\/es\/wp-json\/wp\/v2\/types\/page"}],"author":[{"embeddable":true,"href":"https:\/\/www.sgrwin.com\/es\/wp-json\/wp\/v2\/users\/1"}],"replies":[{"embeddable":true,"href":"https:\/\/www.sgrwin.com\/es\/wp-json\/wp\/v2\/comments?post=1303"}],"version-history":[{"count":3,"href":"https:\/\/www.sgrwin.com\/es\/wp-json\/wp\/v2\/pages\/1303\/revisions"}],"predecessor-version":[{"id":1423,"href":"https:\/\/www.sgrwin.com\/es\/wp-json\/wp\/v2\/pages\/1303\/revisions\/1423"}],"wp:attachment":[{"href":"https:\/\/www.sgrwin.com\/es\/wp-json\/wp\/v2\/media?parent=1303"}],"curies":[{"name":"wp","href":"https:\/\/api.w.org\/{rel}","templated":true}]}}