{"id":1290,"date":"2020-05-13T09:59:33","date_gmt":"2020-05-13T09:59:33","guid":{"rendered":"https:\/\/www.sgrwin.com\/utilities\/"},"modified":"2022-12-15T20:07:52","modified_gmt":"2022-12-15T19:07:52","slug":"utilities","status":"publish","type":"page","link":"https:\/\/www.sgrwin.com\/es\/utilities\/","title":{"rendered":"Utilities"},"content":{"rendered":"\n<h2 class=\"wp-block-heading\"><strong>SGRwin ofrece una amplia experiencia, gestionando redes de Utilities en todo el mundo desde los a\u00f1os 90<\/strong><\/h2>\n\n\n\n<p>Las redes de Utilities est\u00e1n compuestas por equipos de diferentes proveedores y tecnolog\u00edas, con diferentes niveles de madurez. Por ende, es de suma importancia poder administrar redes de m\u00faltiples proveedores y tecnolog\u00edas de la manera m\u00e1s eficiente posible, asegurando la entrega de servicios cr\u00edticos y optimizando el rendimiento de la red.<\/p>\n\n\n\n<p>A continuaci\u00f3n le presentamos las soluciones exclusivas para la gesti\u00f3n de redes de Utilities:<\/p>\n\n\n\n<div class=\"wp-block-columns is-layout-flex wp-container-core-columns-is-layout-9d6595d7 wp-block-columns-is-layout-flex\">\n<div class=\"wp-block-column is-layout-flow wp-block-column-is-layout-flow\">\n<h2 class=\"box-utilities wp-block-heading\"><a href=\"https:\/\/www.sgrwin.com\/es\/umbrella-network-management-system\/\"><a href=\"https:\/\/www.sgrwin.com\/es\/umbrella-network-management-system\/\">Sistema de gesti\u00f3n de redes paraguas<\/a><\/a><\/h2>\n<\/div>\n\n\n\n<div class=\"wp-block-column is-layout-flow wp-block-column-is-layout-flow\">\n<h2 class=\"box-utilities wp-block-heading\"><a href=\"https:\/\/www.sgrwin.com\/es\/gestion-de-activos-de-red\/\">Gesti\u00f3n de activos<\/a><\/h2>\n<\/div>\n\n\n\n<div class=\"wp-block-column is-layout-flow wp-block-column-is-layout-flow\">\n<h2 class=\"box-utilities wp-block-heading\"><a href=\"https:\/\/www.sgrwin.com\/es\/operations-support-system\/\">Sistemas de soporte a las operaciones<\/a><\/h2>\n<\/div>\n<\/div>\n\n\n\n<div class=\"wp-block-columns is-layout-flex wp-container-core-columns-is-layout-9d6595d7 wp-block-columns-is-layout-flex\">\n<div class=\"wp-block-column is-layout-flow wp-block-column-is-layout-flow\">\n<h2 class=\"box-utilities wp-block-heading\"><a href=\"https:\/\/www.sgrwin.com\/es\/teleprotection\/\">Sistema de gesti\u00f3n de Teleprotecciones<\/a><\/h2>\n<\/div>\n\n\n\n<div class=\"wp-block-column is-layout-flow wp-block-column-is-layout-flow\">\n<h2 class=\"box-utilities wp-block-heading\"><a href=\"https:\/\/www.sgrwin.com\/es\/d-substation\/\">Sistema de gesti\u00f3n de subestaciones digitales<\/a><\/h2>\n<\/div>\n\n\n\n<div class=\"wp-block-column is-layout-flow wp-block-column-is-layout-flow\">\n<h2 class=\"box-utilities wp-block-heading\"><a href=\"https:\/\/www.youtube.com\/watch?v=0OL0fdLNS-g&amp;t=1s\">Sistema de gesti\u00f3n de banda ancha sobre l\u00ednea el\u00e9ctrica<\/a><\/h2>\n<\/div>\n<\/div>\n\n\n\n<div style=\"height:20px\" aria-hidden=\"true\" class=\"wp-block-spacer\"><\/div>\n\n\n\n<h2 class=\"wp-block-heading\">Las redes de Utilities se enfrentan a numerosas operaciones de misi\u00f3n cr\u00edtica, y tenemos la soluci\u00f3n que est\u00e1 buscando:<\/h2>\n\n\n\n<div style=\"height:20px\" aria-hidden=\"true\" class=\"wp-block-spacer\"><\/div>\n\n\n\n<div class=\"wp-block-columns is-layout-flex wp-container-core-columns-is-layout-9d6595d7 wp-block-columns-is-layout-flex\">\n<div class=\"wp-block-column challenges-solutions-utilities pl-5 pr-5 pt-3 pb-3 is-layout-flow wp-block-column-is-layout-flow\">\n<div id=\"open-solution-1\" class=\"wp-block-group\"><div class=\"wp-block-group__inner-container is-layout-flow wp-block-group-is-layout-flow\">\n<h2 class=\"wp-block-heading\">SUS RETOS<\/h2>\n\n\n\n<h3 class=\"title-utilities wp-block-heading\"><strong><strong>Correlaci\u00f3n y gesti\u00f3n de fallos de red<\/strong>&nbsp;<\/strong><\/h3>\n<\/div><\/div>\n\n\n\n<p class=\"challenges-utilities-1\">Numerosos sistemas distribuidos que dificultan a su equipo localizar r\u00e1pidamente los problemas, adem\u00e1s, la resoluci\u00f3n de problemas se vuelve m\u00e1s dif\u00edcil y requiere mucho tiempo.<\/p>\n\n\n\n<h2 class=\"solution-utilities-1 wp-block-heading\">NUESTRAS SOLUCIONES<\/h2>\n\n\n\n<p class=\"solution-utilities-1\"><a href=\"https:\/\/www.sgrwin.com\/es\/fault-management\">M\u00f3dulo avanzado de gesti\u00f3n y supervisi\u00f3n de fallos<\/a>&nbsp;de red que le permite solucionar r\u00e1pidamente los problemas y tomar medidas preventivas. Enriquecimiento con toda la informaci\u00f3n relevante (contacto, ubicaci\u00f3n, dispositivos, etc.)<\/p>\n<\/div>\n<\/div>\n\n\n\n<div class=\"wp-block-columns is-layout-flex wp-container-core-columns-is-layout-9d6595d7 wp-block-columns-is-layout-flex\">\n<div class=\"wp-block-column challenges-solutions-utilities pl-5 pr-5 pt-3 pb-3 is-layout-flow wp-block-column-is-layout-flow\">\n<div id=\"open-solution-2\" class=\"wp-block-group\"><div class=\"wp-block-group__inner-container is-layout-flow wp-block-group-is-layout-flow\">\n<h2 class=\"wp-block-heading\">SUS RETOS<\/h2>\n\n\n\n<h3 class=\"title-utilities wp-block-heading\"><strong><strong><strong>Dispositivos legacy y de nueva generaci\u00f3n<\/strong>&nbsp;<\/strong><\/strong><\/h3>\n<\/div><\/div>\n\n\n\n<p class=\"challenges-utilities-2\">Reemplazar equipos legacy requiere supone un gran gasto. Sin embargo, mantener equipos legacy funcionando junto a equipos nuevos puede llevar a las Utilities a serios problemas e impactos.<\/p>\n\n\n\n<h2 class=\"solution-utilities-2 wp-block-heading\">NUESTRAS SOLUCIONES<\/h2>\n\n\n\n<p class=\"solution-utilities-2\">Garantizamos la gesti\u00f3n de los equipos legacy y nuevos en un \u00fanico sistema. De esta manera,&nbsp;<strong>suprimimos las preocupaciones de comunicaci\u00f3n, conexi\u00f3n y discontinuidad<\/strong>. Adem\u00e1s,&nbsp;<strong>nuestra herramienta le brinda una vista completa de los activos de red de 360\u00ba<\/strong>, lo que garantiza que toda su red est\u00e9 visible.<\/p>\n<\/div>\n<\/div>\n\n\n\n<div class=\"wp-block-columns is-layout-flex wp-container-core-columns-is-layout-9d6595d7 wp-block-columns-is-layout-flex\">\n<div class=\"wp-block-column challenges-solutions-utilities pl-5 pr-5 pt-3 pb-3 is-layout-flow wp-block-column-is-layout-flow\">\n<div id=\"open-solution-3\" class=\"wp-block-group\"><div class=\"wp-block-group__inner-container is-layout-flow wp-block-group-is-layout-flow\">\n<h2 class=\"wp-block-heading\">SUS RETOS<\/h2>\n\n\n\n<h3 class=\"title-utilities wp-block-heading\"><strong>Convergencia IT&amp;OT<\/strong><\/h3>\n<\/div><\/div>\n\n\n\n<p class=\"challenges-utilities-3\">&nbsp;Escalar las operaciones y la digitalizaci\u00f3n mientras se controla el entorno de TI y OT sin gastar millones.<\/p>\n\n\n\n<h2 class=\"solution-utilities-3 wp-block-heading\">Our solutions<\/h2>\n\n\n\n<p class=\"solution-utilities-3\">Nuestra soluci\u00f3n consolida la informaci\u00f3n de sus activos de TI y TO (eliminando la necesidad de dos sistemas por separado), lo que le permite monitorizar y mantener todos sus activos de red en un \u00fanico sistema.<\/p>\n<\/div>\n<\/div>\n\n\n\n<div class=\"wp-block-columns is-layout-flex wp-container-core-columns-is-layout-9d6595d7 wp-block-columns-is-layout-flex\">\n<div class=\"wp-block-column challenges-solutions-utilities pl-5 pr-5 pt-3 pb-3 is-layout-flow wp-block-column-is-layout-flow\">\n<div id=\"open-solution-4\" class=\"wp-block-group\"><div class=\"wp-block-group__inner-container is-layout-flow wp-block-group-is-layout-flow\">\n<h2 class=\"wp-block-heading\">SUS RETOS<\/h2>\n\n\n\n<h3 class=\"title-utilities wp-block-heading\"><strong><strong>Interoperabilidad<\/strong>&nbsp;<\/strong><\/h3>\n<\/div><\/div>\n\n\n\n<p class=\"challenges-utilities-4\">Garantizar el rendimiento y funcionamiento correctos entre elementos de diferentes fabricantes y protocolos.<\/p>\n\n\n\n<h2 class=\"solution-utilities-4 wp-block-heading\">NUESTRAS SOLUCIONES<\/h2>\n\n\n\n<p class=\"solution-utilities-4\">Nuestra soluci\u00f3n es totalmente interoperable y facilita la integraci\u00f3n y gesti\u00f3n de equipos de diferentes tecnolog\u00edas, proveedores y protocolos. SGRwin mejora sus operaciones de instalaci\u00f3n, configuraci\u00f3n y mantenimiento.<\/p>\n\n\n\n<p class=\"solution-utilities-4\">Protocolos disponibles:<\/p>\n\n\n\n<ul class=\"solution-utilities-4 wp-block-list\"><li><strong>Redes OT:<\/strong>&nbsp;SDH, PDH, MPLS-TP, radio, GSM\/LTE Routers, subestaciones de la instalaci\u00f3n el\u00e9ctrica dedicada (IED), Teleprotecci\u00f3n y m\u00e1s.<\/li><li><strong>Redes IT<\/strong>:&nbsp;IP, Ethernet, MPLS, IoT, SAI y cualquier otro dispositivo habilitado para SNMP.<\/li><\/ul>\n\n\n\n<p class=\"solution-utilities-4\">Compatibilidad con m\u00faltiples fabricantes.<\/p>\n\n\n\n<h3 class=\"has-text-align-center tertiary-button solution-utilities-4 wp-block-heading\"><a href=\"https:\/\/www.sgrwin.com\/es\/supported-products\/\">M\u00e1s info<\/a><\/h3>\n<\/div>\n<\/div>\n\n\n\n<div class=\"wp-block-columns is-layout-flex wp-container-core-columns-is-layout-9d6595d7 wp-block-columns-is-layout-flex\">\n<div class=\"wp-block-column challenges-solutions-utilities pl-5 pr-5 pt-3 pb-3 is-layout-flow wp-block-column-is-layout-flow\">\n<div id=\"open-solution-5\" class=\"wp-block-group\"><div class=\"wp-block-group__inner-container is-layout-flow wp-block-group-is-layout-flow\">\n<h2 class=\"wp-block-heading\">SUS RETOS<\/h2>\n\n\n\n<h3 class=\"title-utilities wp-block-heading\"><strong><strong>Seguridad de la red<\/strong>&nbsp;<\/strong><\/h3>\n<\/div><\/div>\n\n\n\n<p class=\"challenges-utilities-5\">Desde la gesti\u00f3n de fallos y detecci\u00f3n temprana de anomal\u00edas, monitorizaci\u00f3n de cambios de configuraci\u00f3n, protecci\u00f3n de datos, hasta evitar accesos no autorizados, &nbsp;hasta asegurar el rendimiento y la continuidad del servicio cr\u00edtico.<\/p>\n\n\n\n<h2 class=\"solution-utilities-5 wp-block-heading\">NUESTRAS SOLUCIONES<\/h2>\n\n\n\n<ul class=\"solution-utilities-5 wp-block-list\"><li>Registro de actividades<\/li><li>Detecci\u00f3n y notificaci\u00f3n de anomal\u00edas<\/li><li>Monitorizaci\u00f3n del tr\u00e1fico<\/li><li>Monitorizaci\u00f3n y gesti\u00f3n de cambios en la red<\/li><li>Backup de dispositivos y sus configuraciones para procesos de recuperaci\u00f3n ante desastres<\/li><li>Aprovisionamiento de circuitos protegidos de extremo a extremo<\/li><li>Soporte en procesos de auditor\u00eda y cumplimiento regulatorio<\/li><\/ul>\n<\/div>\n<\/div>\n\n\n\n<div class=\"wp-block-columns is-layout-flex wp-container-core-columns-is-layout-9d6595d7 wp-block-columns-is-layout-flex\">\n<div class=\"wp-block-column challenges-solutions-utilities pl-5 pr-5 pt-3 pb-3 is-layout-flow wp-block-column-is-layout-flow\">\n<div id=\"open-solution-6\" class=\"wp-block-group\"><div class=\"wp-block-group__inner-container is-layout-flow wp-block-group-is-layout-flow\">\n<h2 class=\"wp-block-heading\">SUS RETOS<\/h2>\n\n\n\n<h3 class=\"title-utilities wp-block-heading\"><strong>Inventario e Informes de alto nivel<\/strong>&nbsp;<\/h3>\n<\/div><\/div>\n\n\n\n<p class=\"challenges-utilities-6\">La evoluci\u00f3n de la red es un proceso largo que conduce a la falta de informaci\u00f3n en tiempo real relacionada con la cantidad de activos, el tr\u00e1fico que admite la red, etc.<\/p>\n\n\n\n<h2 class=\"solution-utilities-6 wp-block-heading\">NUESTRAS SOLUCIONES<\/h2>\n\n\n\n<p class=\"solution-utilities-6\">Nuestra soluci\u00f3n proporciona datos de inventario hist\u00f3ricos y en tiempo real, incluidos detalles de activos, tr\u00e1fico, clientes, etc. La detecci\u00f3n autom\u00e1tica de equipos de red tambi\u00e9n est\u00e1 disponible, por lo que sus datos siempre estar\u00e1n actualizados. SGRwin proporciona informes predefinidos y personalizados que incorporan datos de inventario.<\/p>\n<\/div>\n<\/div>\n\n\n\n<div class=\"wp-block-columns is-layout-flex wp-container-core-columns-is-layout-9d6595d7 wp-block-columns-is-layout-flex\">\n<div class=\"wp-block-column challenges-solutions-utilities pl-5 pr-5 pt-3 pb-3 is-layout-flow wp-block-column-is-layout-flow\">\n<div id=\"open-solution-7\" class=\"wp-block-group\"><div class=\"wp-block-group__inner-container is-layout-flow wp-block-group-is-layout-flow\">\n<h2 class=\"wp-block-heading\">SUS RETOS<\/h2>\n\n\n\n<h3 class=\"title-utilities wp-block-heading\"><strong>Gesti\u00f3n del ciclo de la vida de los activos<\/strong><\/h3>\n<\/div><\/div>\n\n\n\n<p class=\"challenges-utilities-7\">Prolongar el ciclo de vida de sus activos, no tener procesos automatizados, falta de inventario y KPI clave.<\/p>\n\n\n\n<h2 class=\"solution-utilities-7 wp-block-heading\">NUESTRAS SOLUCIONES<\/h2>\n\n\n\n<p class=\"solution-utilities-7\"><a href=\"https:\/\/www.sgrwin.com\/es\/gestion-de-activos-de-red\/\">Nuestra soluci\u00f3n<\/a>&nbsp;le permite administrar miles de dispositivos diferentes, aumentar la eficiencia de los procesos de mantenimiento, implementar medidas de prevenci\u00f3n para evitar fallas y brindarle apoyo en los procesos de auditor\u00eda.<\/p>\n<\/div>\n<\/div>\n\n\n\n<h2 class=\"wp-block-heading\"><strong>\u00bfPor qu\u00e9 merece la pena invertir en SGRwin?<\/strong><\/h2>\n\n\n\n<ul class=\"wp-block-list\"><li>Soluci\u00f3n dise\u00f1ada para la red en constante evoluci\u00f3n y crecimiento.<\/li><li>Mejora la gesti\u00f3n y control de los sistemas de teleprotecci\u00f3n.<\/li><li>M\u00f3dulos espec\u00edficos de gesti\u00f3n.<\/li><li>Aumenta la eficiencia operativa y productividad de su equipo.<\/li><li>Asegura el suministro de servicios de misi\u00f3n cr\u00edtica.<\/li><li>Minimiza los tiempos de inactividad y evita cortes prolongados.<\/li><li>Mejora la gesti\u00f3n del servicio de campo.<\/li><li>Aumenta la protecci\u00f3n y ayuda en el cumplimiento de las regulaciones vigentes.<\/li><\/ul>\n","protected":false},"excerpt":{"rendered":"<p>SGRwin ofrece una amplia experiencia, gestionando redes de Utilities en todo el mundo desde los a\u00f1os 90 Las redes de Utilities est\u00e1n compuestas por equipos de diferentes proveedores y tecnolog\u00edas,&#8230;<\/p>\n","protected":false},"author":1,"featured_media":0,"parent":0,"menu_order":0,"comment_status":"closed","ping_status":"closed","template":"","meta":{"_acf_changed":false,"footnotes":""},"class_list":["post-1290","page","type-page","status-publish","hentry"],"acf":[],"yoast_head":"<!-- This site is optimized with the Yoast SEO plugin v26.9 - https:\/\/yoast.com\/product\/yoast-seo-wordpress\/ -->\n<title>Utilities - network management for mission-critical services<\/title>\n<meta name=\"description\" content=\"Power and Utilities networks support a series of critical operations such as alarm monitoring, protection systems maintenance...\" \/>\n<meta name=\"robots\" content=\"index, follow, max-snippet:-1, max-image-preview:large, max-video-preview:-1\" \/>\n<link rel=\"canonical\" href=\"https:\/\/www.sgrwin.com\/es\/utilities\/\" \/>\n<meta property=\"og:locale\" content=\"es_ES\" \/>\n<meta property=\"og:type\" content=\"article\" \/>\n<meta property=\"og:title\" content=\"Utilities - network management for mission-critical services\" \/>\n<meta property=\"og:description\" content=\"Power and Utilities networks support a series of critical operations such as alarm monitoring, protection systems maintenance...\" \/>\n<meta property=\"og:url\" content=\"https:\/\/www.sgrwin.com\/es\/utilities\/\" \/>\n<meta property=\"og:site_name\" content=\"SGRwin\" \/>\n<meta property=\"article:modified_time\" content=\"2022-12-15T19:07:52+00:00\" \/>\n<meta name=\"twitter:card\" content=\"summary_large_image\" \/>\n<meta name=\"twitter:label1\" content=\"Tiempo de lectura\" \/>\n\t<meta name=\"twitter:data1\" content=\"4 minutos\" \/>\n<script type=\"application\/ld+json\" class=\"yoast-schema-graph\">{\"@context\":\"https:\/\/schema.org\",\"@graph\":[{\"@type\":\"WebPage\",\"@id\":\"https:\/\/www.sgrwin.com\/es\/utilities\/\",\"url\":\"https:\/\/www.sgrwin.com\/es\/utilities\/\",\"name\":\"Utilities - network management for mission-critical services\",\"isPartOf\":{\"@id\":\"https:\/\/www.sgrwin.com\/es\/#website\"},\"datePublished\":\"2020-05-13T09:59:33+00:00\",\"dateModified\":\"2022-12-15T19:07:52+00:00\",\"description\":\"Power and Utilities networks support a series of critical operations such as alarm monitoring, protection systems maintenance...\",\"breadcrumb\":{\"@id\":\"https:\/\/www.sgrwin.com\/es\/utilities\/#breadcrumb\"},\"inLanguage\":\"es\",\"potentialAction\":[{\"@type\":\"ReadAction\",\"target\":[\"https:\/\/www.sgrwin.com\/es\/utilities\/\"]}]},{\"@type\":\"BreadcrumbList\",\"@id\":\"https:\/\/www.sgrwin.com\/es\/utilities\/#breadcrumb\",\"itemListElement\":[{\"@type\":\"ListItem\",\"position\":1,\"name\":\"SGRwin\",\"item\":\"https:\/\/www.sgrwin.com\/es\/\"},{\"@type\":\"ListItem\",\"position\":2,\"name\":\"Utilities\"}]},{\"@type\":\"WebSite\",\"@id\":\"https:\/\/www.sgrwin.com\/es\/#website\",\"url\":\"https:\/\/www.sgrwin.com\/es\/\",\"name\":\"SGRwin\",\"description\":\"Network Management System for multi-vendor and multi-technology networks\",\"publisher\":{\"@id\":\"https:\/\/www.sgrwin.com\/es\/#organization\"},\"alternateName\":\"SGRwin\",\"potentialAction\":[{\"@type\":\"SearchAction\",\"target\":{\"@type\":\"EntryPoint\",\"urlTemplate\":\"https:\/\/www.sgrwin.com\/es\/?s={search_term_string}\"},\"query-input\":{\"@type\":\"PropertyValueSpecification\",\"valueRequired\":true,\"valueName\":\"search_term_string\"}}],\"inLanguage\":\"es\"},{\"@type\":\"Organization\",\"@id\":\"https:\/\/www.sgrwin.com\/es\/#organization\",\"name\":\"SGRwin\",\"alternateName\":\"SGRwin\",\"url\":\"https:\/\/www.sgrwin.com\/es\/\",\"logo\":{\"@type\":\"ImageObject\",\"inLanguage\":\"es\",\"@id\":\"https:\/\/www.sgrwin.com\/es\/#\/schema\/logo\/image\/\",\"url\":\"https:\/\/www.sgrwin.com\/wp-content\/uploads\/2024\/07\/logo_2.png\",\"contentUrl\":\"https:\/\/www.sgrwin.com\/wp-content\/uploads\/2024\/07\/logo_2.png\",\"width\":1667,\"height\":1667,\"caption\":\"SGRwin\"},\"image\":{\"@id\":\"https:\/\/www.sgrwin.com\/es\/#\/schema\/logo\/image\/\"},\"sameAs\":[\"https:\/\/www.linkedin.com\/showcase\/sgrwin\/\"]}]}<\/script>\n<!-- \/ Yoast SEO plugin. -->","yoast_head_json":{"title":"Utilities - network management for mission-critical services","description":"Power and Utilities networks support a series of critical operations such as alarm monitoring, protection systems maintenance...","robots":{"index":"index","follow":"follow","max-snippet":"max-snippet:-1","max-image-preview":"max-image-preview:large","max-video-preview":"max-video-preview:-1"},"canonical":"https:\/\/www.sgrwin.com\/es\/utilities\/","og_locale":"es_ES","og_type":"article","og_title":"Utilities - network management for mission-critical services","og_description":"Power and Utilities networks support a series of critical operations such as alarm monitoring, protection systems maintenance...","og_url":"https:\/\/www.sgrwin.com\/es\/utilities\/","og_site_name":"SGRwin","article_modified_time":"2022-12-15T19:07:52+00:00","twitter_card":"summary_large_image","twitter_misc":{"Tiempo de lectura":"4 minutos"},"schema":{"@context":"https:\/\/schema.org","@graph":[{"@type":"WebPage","@id":"https:\/\/www.sgrwin.com\/es\/utilities\/","url":"https:\/\/www.sgrwin.com\/es\/utilities\/","name":"Utilities - network management for mission-critical services","isPartOf":{"@id":"https:\/\/www.sgrwin.com\/es\/#website"},"datePublished":"2020-05-13T09:59:33+00:00","dateModified":"2022-12-15T19:07:52+00:00","description":"Power and Utilities networks support a series of critical operations such as alarm monitoring, protection systems maintenance...","breadcrumb":{"@id":"https:\/\/www.sgrwin.com\/es\/utilities\/#breadcrumb"},"inLanguage":"es","potentialAction":[{"@type":"ReadAction","target":["https:\/\/www.sgrwin.com\/es\/utilities\/"]}]},{"@type":"BreadcrumbList","@id":"https:\/\/www.sgrwin.com\/es\/utilities\/#breadcrumb","itemListElement":[{"@type":"ListItem","position":1,"name":"SGRwin","item":"https:\/\/www.sgrwin.com\/es\/"},{"@type":"ListItem","position":2,"name":"Utilities"}]},{"@type":"WebSite","@id":"https:\/\/www.sgrwin.com\/es\/#website","url":"https:\/\/www.sgrwin.com\/es\/","name":"SGRwin","description":"Network Management System for multi-vendor and multi-technology networks","publisher":{"@id":"https:\/\/www.sgrwin.com\/es\/#organization"},"alternateName":"SGRwin","potentialAction":[{"@type":"SearchAction","target":{"@type":"EntryPoint","urlTemplate":"https:\/\/www.sgrwin.com\/es\/?s={search_term_string}"},"query-input":{"@type":"PropertyValueSpecification","valueRequired":true,"valueName":"search_term_string"}}],"inLanguage":"es"},{"@type":"Organization","@id":"https:\/\/www.sgrwin.com\/es\/#organization","name":"SGRwin","alternateName":"SGRwin","url":"https:\/\/www.sgrwin.com\/es\/","logo":{"@type":"ImageObject","inLanguage":"es","@id":"https:\/\/www.sgrwin.com\/es\/#\/schema\/logo\/image\/","url":"https:\/\/www.sgrwin.com\/wp-content\/uploads\/2024\/07\/logo_2.png","contentUrl":"https:\/\/www.sgrwin.com\/wp-content\/uploads\/2024\/07\/logo_2.png","width":1667,"height":1667,"caption":"SGRwin"},"image":{"@id":"https:\/\/www.sgrwin.com\/es\/#\/schema\/logo\/image\/"},"sameAs":["https:\/\/www.linkedin.com\/showcase\/sgrwin\/"]}]}},"_links":{"self":[{"href":"https:\/\/www.sgrwin.com\/es\/wp-json\/wp\/v2\/pages\/1290","targetHints":{"allow":["GET"]}}],"collection":[{"href":"https:\/\/www.sgrwin.com\/es\/wp-json\/wp\/v2\/pages"}],"about":[{"href":"https:\/\/www.sgrwin.com\/es\/wp-json\/wp\/v2\/types\/page"}],"author":[{"embeddable":true,"href":"https:\/\/www.sgrwin.com\/es\/wp-json\/wp\/v2\/users\/1"}],"replies":[{"embeddable":true,"href":"https:\/\/www.sgrwin.com\/es\/wp-json\/wp\/v2\/comments?post=1290"}],"version-history":[{"count":34,"href":"https:\/\/www.sgrwin.com\/es\/wp-json\/wp\/v2\/pages\/1290\/revisions"}],"predecessor-version":[{"id":6641,"href":"https:\/\/www.sgrwin.com\/es\/wp-json\/wp\/v2\/pages\/1290\/revisions\/6641"}],"wp:attachment":[{"href":"https:\/\/www.sgrwin.com\/es\/wp-json\/wp\/v2\/media?parent=1290"}],"curies":[{"name":"wp","href":"https:\/\/api.w.org\/{rel}","templated":true}]}}