{"id":1284,"date":"2020-05-13T09:59:57","date_gmt":"2020-05-13T09:59:57","guid":{"rendered":"https:\/\/www.sgrwin.com\/public-sector\/"},"modified":"2021-03-15T12:30:16","modified_gmt":"2021-03-15T11:30:16","slug":"public-sector","status":"publish","type":"page","link":"https:\/\/www.sgrwin.com\/es\/public-sector\/","title":{"rendered":"Sector p\u00fablico"},"content":{"rendered":"\n<h2 class=\"wp-block-heading\">Potenciar la gesti\u00f3n de redes las compa\u00f1\u00edas del sector p\u00fablico&nbsp;<\/h2>\n\n\n\n<p>Emergencias, Polic\u00eda y Ej\u00e9rcito realizan servicios cr\u00edticos, por lo que no pueden depender completamente de las redes p\u00fablicas para sus comunicaciones.&nbsp;<\/p>\n\n\n\n<p>Para responder a situaciones cr\u00edticas, la comunicaci\u00f3n es de suma importancia y debe tener total prioridad.&nbsp;<\/p>\n\n\n\n<p>Esto solo se puede lograr mediante redes privadas como TETRA.&nbsp;SGRwin&nbsp;monitoriza&nbsp;la infraestructura de telecomunicaciones para redes TETRA para servicios de emergencia y polic\u00eda que trabajan en varios pa\u00edses.&nbsp;<\/p>\n\n\n\n<h3 class=\"wp-block-heading\">Beneficios clave de nuestro software de gesti\u00f3n de redes para el sector p\u00fablico&nbsp;<\/h3>\n\n\n\n<ul class=\"wp-block-list\"><li>Mayor seguridad y protecci\u00f3n.<\/li><li>Minimizaci\u00f3n de&nbsp;las amenazas de ataques cibern\u00e9ticos.<\/li><li>Detecci\u00f3n de fallas en etapas tempranas.<\/li><li>Gesti\u00f3n de&nbsp;accesos de usuarios.<\/li><li>Mejoras en&nbsp;el control y la supervisi\u00f3n del rendimiento de&nbsp;la&nbsp;red.<\/li><li>Escalabilidad.<\/li><\/ul>\n","protected":false},"excerpt":{"rendered":"<p>Potenciar la gesti\u00f3n de redes las compa\u00f1\u00edas del sector p\u00fablico&nbsp; Emergencias, Polic\u00eda y Ej\u00e9rcito realizan servicios cr\u00edticos, por lo que no pueden depender completamente de las redes p\u00fablicas para sus&#8230;<\/p>\n","protected":false},"author":1,"featured_media":0,"parent":0,"menu_order":0,"comment_status":"closed","ping_status":"closed","template":"","meta":{"_acf_changed":false,"footnotes":""},"class_list":["post-1284","page","type-page","status-publish","hentry"],"acf":[],"yoast_head":"<!-- This site is optimized with the Yoast SEO plugin v26.9 - https:\/\/yoast.com\/product\/yoast-seo-wordpress\/ -->\n<title>Sector p\u00fablico - Potenciando la gesti\u00f3n de sus redes<\/title>\n<meta name=\"description\" content=\"Emergencias, Polic\u00eda y Ej\u00e9rcito realizan servicios cr\u00edticos, por lo que no pueden depender completamente de las redes p\u00fablicas.\" \/>\n<meta name=\"robots\" content=\"index, follow, max-snippet:-1, max-image-preview:large, max-video-preview:-1\" \/>\n<link rel=\"canonical\" href=\"https:\/\/www.sgrwin.com\/es\/public-sector\/\" \/>\n<meta property=\"og:locale\" content=\"es_ES\" \/>\n<meta property=\"og:type\" content=\"article\" \/>\n<meta property=\"og:title\" content=\"Sector p\u00fablico - Potenciando la gesti\u00f3n de sus redes\" \/>\n<meta property=\"og:description\" content=\"Emergencias, Polic\u00eda y Ej\u00e9rcito realizan servicios cr\u00edticos, por lo que no pueden depender completamente de las redes p\u00fablicas.\" \/>\n<meta property=\"og:url\" content=\"https:\/\/www.sgrwin.com\/es\/public-sector\/\" \/>\n<meta property=\"og:site_name\" content=\"SGRwin\" \/>\n<meta property=\"article:modified_time\" content=\"2021-03-15T11:30:16+00:00\" \/>\n<meta name=\"twitter:card\" content=\"summary_large_image\" \/>\n<meta name=\"twitter:label1\" content=\"Tiempo de lectura\" \/>\n\t<meta name=\"twitter:data1\" content=\"1 minuto\" \/>\n<script type=\"application\/ld+json\" class=\"yoast-schema-graph\">{\"@context\":\"https:\/\/schema.org\",\"@graph\":[{\"@type\":\"WebPage\",\"@id\":\"https:\/\/www.sgrwin.com\/es\/public-sector\/\",\"url\":\"https:\/\/www.sgrwin.com\/es\/public-sector\/\",\"name\":\"Sector p\u00fablico - Potenciando la gesti\u00f3n de sus redes\",\"isPartOf\":{\"@id\":\"https:\/\/www.sgrwin.com\/es\/#website\"},\"datePublished\":\"2020-05-13T09:59:57+00:00\",\"dateModified\":\"2021-03-15T11:30:16+00:00\",\"description\":\"Emergencias, Polic\u00eda y Ej\u00e9rcito realizan servicios cr\u00edticos, por lo que no pueden depender completamente de las redes p\u00fablicas.\",\"breadcrumb\":{\"@id\":\"https:\/\/www.sgrwin.com\/es\/public-sector\/#breadcrumb\"},\"inLanguage\":\"es\",\"potentialAction\":[{\"@type\":\"ReadAction\",\"target\":[\"https:\/\/www.sgrwin.com\/es\/public-sector\/\"]}]},{\"@type\":\"BreadcrumbList\",\"@id\":\"https:\/\/www.sgrwin.com\/es\/public-sector\/#breadcrumb\",\"itemListElement\":[{\"@type\":\"ListItem\",\"position\":1,\"name\":\"SGRwin\",\"item\":\"https:\/\/www.sgrwin.com\/es\/\"},{\"@type\":\"ListItem\",\"position\":2,\"name\":\"Sector p\u00fablico\"}]},{\"@type\":\"WebSite\",\"@id\":\"https:\/\/www.sgrwin.com\/es\/#website\",\"url\":\"https:\/\/www.sgrwin.com\/es\/\",\"name\":\"SGRwin\",\"description\":\"Network Management System for multi-vendor and multi-technology networks\",\"publisher\":{\"@id\":\"https:\/\/www.sgrwin.com\/es\/#organization\"},\"alternateName\":\"SGRwin\",\"potentialAction\":[{\"@type\":\"SearchAction\",\"target\":{\"@type\":\"EntryPoint\",\"urlTemplate\":\"https:\/\/www.sgrwin.com\/es\/?s={search_term_string}\"},\"query-input\":{\"@type\":\"PropertyValueSpecification\",\"valueRequired\":true,\"valueName\":\"search_term_string\"}}],\"inLanguage\":\"es\"},{\"@type\":\"Organization\",\"@id\":\"https:\/\/www.sgrwin.com\/es\/#organization\",\"name\":\"SGRwin\",\"alternateName\":\"SGRwin\",\"url\":\"https:\/\/www.sgrwin.com\/es\/\",\"logo\":{\"@type\":\"ImageObject\",\"inLanguage\":\"es\",\"@id\":\"https:\/\/www.sgrwin.com\/es\/#\/schema\/logo\/image\/\",\"url\":\"https:\/\/www.sgrwin.com\/wp-content\/uploads\/2024\/07\/logo_2.png\",\"contentUrl\":\"https:\/\/www.sgrwin.com\/wp-content\/uploads\/2024\/07\/logo_2.png\",\"width\":1667,\"height\":1667,\"caption\":\"SGRwin\"},\"image\":{\"@id\":\"https:\/\/www.sgrwin.com\/es\/#\/schema\/logo\/image\/\"},\"sameAs\":[\"https:\/\/www.linkedin.com\/showcase\/sgrwin\/\"]}]}<\/script>\n<!-- \/ Yoast SEO plugin. -->","yoast_head_json":{"title":"Sector p\u00fablico - Potenciando la gesti\u00f3n de sus redes","description":"Emergencias, Polic\u00eda y Ej\u00e9rcito realizan servicios cr\u00edticos, por lo que no pueden depender completamente de las redes p\u00fablicas.","robots":{"index":"index","follow":"follow","max-snippet":"max-snippet:-1","max-image-preview":"max-image-preview:large","max-video-preview":"max-video-preview:-1"},"canonical":"https:\/\/www.sgrwin.com\/es\/public-sector\/","og_locale":"es_ES","og_type":"article","og_title":"Sector p\u00fablico - Potenciando la gesti\u00f3n de sus redes","og_description":"Emergencias, Polic\u00eda y Ej\u00e9rcito realizan servicios cr\u00edticos, por lo que no pueden depender completamente de las redes p\u00fablicas.","og_url":"https:\/\/www.sgrwin.com\/es\/public-sector\/","og_site_name":"SGRwin","article_modified_time":"2021-03-15T11:30:16+00:00","twitter_card":"summary_large_image","twitter_misc":{"Tiempo de lectura":"1 minuto"},"schema":{"@context":"https:\/\/schema.org","@graph":[{"@type":"WebPage","@id":"https:\/\/www.sgrwin.com\/es\/public-sector\/","url":"https:\/\/www.sgrwin.com\/es\/public-sector\/","name":"Sector p\u00fablico - Potenciando la gesti\u00f3n de sus redes","isPartOf":{"@id":"https:\/\/www.sgrwin.com\/es\/#website"},"datePublished":"2020-05-13T09:59:57+00:00","dateModified":"2021-03-15T11:30:16+00:00","description":"Emergencias, Polic\u00eda y Ej\u00e9rcito realizan servicios cr\u00edticos, por lo que no pueden depender completamente de las redes p\u00fablicas.","breadcrumb":{"@id":"https:\/\/www.sgrwin.com\/es\/public-sector\/#breadcrumb"},"inLanguage":"es","potentialAction":[{"@type":"ReadAction","target":["https:\/\/www.sgrwin.com\/es\/public-sector\/"]}]},{"@type":"BreadcrumbList","@id":"https:\/\/www.sgrwin.com\/es\/public-sector\/#breadcrumb","itemListElement":[{"@type":"ListItem","position":1,"name":"SGRwin","item":"https:\/\/www.sgrwin.com\/es\/"},{"@type":"ListItem","position":2,"name":"Sector p\u00fablico"}]},{"@type":"WebSite","@id":"https:\/\/www.sgrwin.com\/es\/#website","url":"https:\/\/www.sgrwin.com\/es\/","name":"SGRwin","description":"Network Management System for multi-vendor and multi-technology networks","publisher":{"@id":"https:\/\/www.sgrwin.com\/es\/#organization"},"alternateName":"SGRwin","potentialAction":[{"@type":"SearchAction","target":{"@type":"EntryPoint","urlTemplate":"https:\/\/www.sgrwin.com\/es\/?s={search_term_string}"},"query-input":{"@type":"PropertyValueSpecification","valueRequired":true,"valueName":"search_term_string"}}],"inLanguage":"es"},{"@type":"Organization","@id":"https:\/\/www.sgrwin.com\/es\/#organization","name":"SGRwin","alternateName":"SGRwin","url":"https:\/\/www.sgrwin.com\/es\/","logo":{"@type":"ImageObject","inLanguage":"es","@id":"https:\/\/www.sgrwin.com\/es\/#\/schema\/logo\/image\/","url":"https:\/\/www.sgrwin.com\/wp-content\/uploads\/2024\/07\/logo_2.png","contentUrl":"https:\/\/www.sgrwin.com\/wp-content\/uploads\/2024\/07\/logo_2.png","width":1667,"height":1667,"caption":"SGRwin"},"image":{"@id":"https:\/\/www.sgrwin.com\/es\/#\/schema\/logo\/image\/"},"sameAs":["https:\/\/www.linkedin.com\/showcase\/sgrwin\/"]}]}},"_links":{"self":[{"href":"https:\/\/www.sgrwin.com\/es\/wp-json\/wp\/v2\/pages\/1284","targetHints":{"allow":["GET"]}}],"collection":[{"href":"https:\/\/www.sgrwin.com\/es\/wp-json\/wp\/v2\/pages"}],"about":[{"href":"https:\/\/www.sgrwin.com\/es\/wp-json\/wp\/v2\/types\/page"}],"author":[{"embeddable":true,"href":"https:\/\/www.sgrwin.com\/es\/wp-json\/wp\/v2\/users\/1"}],"replies":[{"embeddable":true,"href":"https:\/\/www.sgrwin.com\/es\/wp-json\/wp\/v2\/comments?post=1284"}],"version-history":[{"count":2,"href":"https:\/\/www.sgrwin.com\/es\/wp-json\/wp\/v2\/pages\/1284\/revisions"}],"predecessor-version":[{"id":1429,"href":"https:\/\/www.sgrwin.com\/es\/wp-json\/wp\/v2\/pages\/1284\/revisions\/1429"}],"wp:attachment":[{"href":"https:\/\/www.sgrwin.com\/es\/wp-json\/wp\/v2\/media?parent=1284"}],"curies":[{"name":"wp","href":"https:\/\/api.w.org\/{rel}","templated":true}]}}